{"id":2513,"date":"2023-04-28T15:50:06","date_gmt":"2023-04-28T13:50:06","guid":{"rendered":"https:\/\/classic-heimtiernahrung.de\/de\/product\/classic-bird-gartenknoedel-natur-30er-knoedel-onof\/"},"modified":"2023-04-28T15:52:28","modified_gmt":"2023-04-28T13:52:28","slug":"classic-bird-gartenknoedel-natur-30er-knoedel-onof","status":"publish","type":"product","link":"https:\/\/classic-heimtiernahrung.de\/de\/product\/classic-bird-gartenknoedel-natur-30er-knoedel-onof\/","title":{"rendered":"Classic Bird Gartenkn\u00f6del Natur 30er Kn\u00f6del oNoF."},"content":{"rendered":"<p>Classic Bird Meisenkn\u00f6del ist ein hervorragendes Futter f\u00fcr freilebende V\u00f6gel.<\/p>\n<p>Die vielf\u00e4ltige Zusammensetzung versorgt die V\u00f6gel nicht nur mit den n\u00f6tigen Energiereserven, sondern auch mit wichtigen Vitaminen, Mineralien und Spurenelementen.Besonders Meisen aber auch Sperlinge, Gr\u00fcnfinken, Bauml\u00e4ufer und Kleiber und einige weitere Arten profitieren durch die N\u00e4hrstoffversorgung aus den Classic Bird Meisenkn\u00f6deln.<\/p>\n<p>Das Fett in den Kn\u00f6deln tr\u00e4gt dazu bei Futterreserven aufzubauen und vermeidet, dass Feuchtigkeit in die Bestandteile eindringt und das Futter verdirbt.<\/p>\n<p>Im Winter bildet das vitamin- und fettreiche Futter eine nahrhafte und wichtige Unterst\u00fctzung.<\/p>\n<p>Insbesondere bei geschlossener Schneedecke und lange anhaltendem Frost k\u00f6nnen Sie den V\u00f6geln durch die Winterf\u00fctterung \u00fcber die eisige Zeit helfen.<\/p>\n<p>Indem, vor allem in strengen Wintermonaten gen\u00fcgend Futter zur Verf\u00fcgung steht, tragen Sie zur Erhaltung des Artenreichtums unserer heimischen Wildv\u00f6gel bei.<\/p>\n<p>Die Meisenkn\u00f6del sind von hoher Qualit\u00e4t und bleiben fest zusammen. Es bleiben keine Reste \u00fcbrig, die ihren Garten verschmutzen k\u00f6nnten.<\/p>\n<\/p>\n<p><\/p>\n<h2>Inhaltsstoffe<\/h2>\n<p><\/p>\n<p>Zusammensetzung:<br \/>Getreideflocken, Sonnenblumenkerne, naturreine Fette, Erdn\u00fcsse, Mineralstoffe. <\/p>\n<p><\/p>\n<h2>F\u00fctterungsempfehlung<\/h2>\n<p><\/p>\n<p>ganzj\u00e4hrige F\u00fctterung nach Bedarf<\/p>\n","protected":false},"excerpt":{"rendered":"<p>Das Ganzjahresfutter der Spitzenqualit\u00e4t<\/p>\n","protected":false},"featured_media":2514,"template":"","meta":[],"product_brand":[],"product_cat":[72],"product_tag":[],"class_list":{"0":"post-2513","1":"product","2":"type-product","3":"status-publish","4":"has-post-thumbnail","6":"product_cat-classic-bird-futter","8":"first","9":"instock","10":"shipping-taxable","11":"purchasable","12":"product-type-simple"},"_links":{"self":[{"href":"https:\/\/classic-heimtiernahrung.de\/de\/wp-json\/wp\/v2\/product\/2513","targetHints":{"allow":["GET"]}}],"collection":[{"href":"https:\/\/classic-heimtiernahrung.de\/de\/wp-json\/wp\/v2\/product"}],"about":[{"href":"https:\/\/classic-heimtiernahrung.de\/de\/wp-json\/wp\/v2\/types\/product"}],"version-history":[{"count":0,"href":"https:\/\/classic-heimtiernahrung.de\/de\/wp-json\/wp\/v2\/product\/2513\/revisions"}],"wp:featuredmedia":[{"embeddable":true,"href":"https:\/\/classic-heimtiernahrung.de\/de\/wp-json\/wp\/v2\/media\/2514"}],"wp:attachment":[{"href":"https:\/\/classic-heimtiernahrung.de\/de\/wp-json\/wp\/v2\/media?parent=2513"}],"wp:term":[{"taxonomy":"product_brand","embeddable":true,"href":"https:\/\/classic-heimtiernahrung.de\/de\/wp-json\/wp\/v2\/product_brand?post=2513"},{"taxonomy":"product_cat","embeddable":true,"href":"https:\/\/classic-heimtiernahrung.de\/de\/wp-json\/wp\/v2\/product_cat?post=2513"},{"taxonomy":"product_tag","embeddable":true,"href":"https:\/\/classic-heimtiernahrung.de\/de\/wp-json\/wp\/v2\/product_tag?post=2513"}],"curies":[{"name":"wp","href":"https:\/\/api.w.org\/{rel}","templated":true}]}}