{"id":2472,"date":"2023-01-03T15:56:41","date_gmt":"2023-01-03T14:56:41","guid":{"rendered":"https:\/\/classic-heimtiernahrung.de\/de\/?post_type=product&#038;p=2472"},"modified":"2023-11-22T08:13:22","modified_gmt":"2023-11-22T07:13:22","slug":"classic-dog-nature-garten-mix-1kg","status":"publish","type":"product","link":"https:\/\/classic-heimtiernahrung.de\/de\/product\/classic-dog-nature-garten-mix-1kg\/","title":{"rendered":"Classic Dog Nature Garten-Mix 1kg"},"content":{"rendered":"<p>Dieser Garten-Mix ist ein reines Naturprodukt ohne Farb-, Konservierungs- und Aromastoffe. Es ist zudem glutenfrei. Die Zusammensetzung ohne Getreide gibt Ihnen die M\u00f6glichkeit<br \/>\ndieses bei getreidebasierten F\u00fctterungsproblemen anzuwenden. Dieses Produkt ist eine optimale Erg\u00e4nzung zur Dosennahrung oder Frischfleischf\u00fctterung. Das Produkt wird aus hochwertigen, ausgesuchten und schonend aufbereiteten Rohstoffen hergestellt.<\/p>\n<p>&nbsp;<\/p>\n<h2>Inhaltsstoffe<\/h2>\n<p>&nbsp;<\/p>\n<div><strong>Zusammensetzung:<\/strong><\/div>\n<div>M\u00f6hren (Flocken, gehobelt und pelletiert), Erbsenflocken, Luzernepellets, Rote Bete, Pastinaken, Petersilienst\u00e4ngel.<\/div>\n<div><\/div>\n<div><strong>Analytische Bestandteile:<\/strong><\/div>\n<div>Rohprotein 13,8 %, Rohfett 0,3 %, Rohasche 6,6 %, Rohfaser 8,2 %.<\/div>\n<p>&nbsp;<\/p>\n<h2>F\u00fctterungsempfehlung<\/h2>\n<p>&nbsp;<\/p>\n<div><strong>Tagesbedarf:<\/strong><\/div>\n<div>Der angesetzte Garten-Mix Mischungsanteil kann aus bis zu 40 % der Gesamtfutter-Portion bestehen.<\/div>\n<div><\/div>\n<div><strong>F\u00fctterungshinweis:<\/strong><\/div>\n<div>Den Garten-Mix mindestens 10 Minuten vor der F\u00fctterung mit Wasser, Fleischsaft oder Br\u00fche anr\u00fchren, dann mit Frisch- oder Dosenfleisch vermischen, umr\u00fchren, fertig. Bitte immer frisches Trinkwasser in ausreichender Menge in einem getrennten Gef\u00e4\u00df zur Verf\u00fcgung stellen.<\/div>\n","protected":false},"excerpt":{"rendered":"<p>Erg\u00e4nzungsfuttermittel f\u00fcr ausgewachsene Hunde<\/p>\n","protected":false},"featured_media":2473,"template":"","meta":[],"product_brand":[],"product_cat":[63],"product_tag":[],"class_list":{"0":"post-2472","1":"product","2":"type-product","3":"status-publish","4":"has-post-thumbnail","6":"product_cat-classic-dog-nahrungsergaenzung","8":"first","9":"instock","10":"shipping-taxable","11":"purchasable","12":"product-type-simple"},"_links":{"self":[{"href":"https:\/\/classic-heimtiernahrung.de\/de\/wp-json\/wp\/v2\/product\/2472","targetHints":{"allow":["GET"]}}],"collection":[{"href":"https:\/\/classic-heimtiernahrung.de\/de\/wp-json\/wp\/v2\/product"}],"about":[{"href":"https:\/\/classic-heimtiernahrung.de\/de\/wp-json\/wp\/v2\/types\/product"}],"version-history":[{"count":1,"href":"https:\/\/classic-heimtiernahrung.de\/de\/wp-json\/wp\/v2\/product\/2472\/revisions"}],"predecessor-version":[{"id":2477,"href":"https:\/\/classic-heimtiernahrung.de\/de\/wp-json\/wp\/v2\/product\/2472\/revisions\/2477"}],"wp:featuredmedia":[{"embeddable":true,"href":"https:\/\/classic-heimtiernahrung.de\/de\/wp-json\/wp\/v2\/media\/2473"}],"wp:attachment":[{"href":"https:\/\/classic-heimtiernahrung.de\/de\/wp-json\/wp\/v2\/media?parent=2472"}],"wp:term":[{"taxonomy":"product_brand","embeddable":true,"href":"https:\/\/classic-heimtiernahrung.de\/de\/wp-json\/wp\/v2\/product_brand?post=2472"},{"taxonomy":"product_cat","embeddable":true,"href":"https:\/\/classic-heimtiernahrung.de\/de\/wp-json\/wp\/v2\/product_cat?post=2472"},{"taxonomy":"product_tag","embeddable":true,"href":"https:\/\/classic-heimtiernahrung.de\/de\/wp-json\/wp\/v2\/product_tag?post=2472"}],"curies":[{"name":"wp","href":"https:\/\/api.w.org\/{rel}","templated":true}]}}