{"id":2470,"date":"2023-01-03T15:56:24","date_gmt":"2023-01-03T14:56:24","guid":{"rendered":"https:\/\/classic-heimtiernahrung.de\/de\/?post_type=product&#038;p=2470"},"modified":"2023-11-22T08:13:22","modified_gmt":"2023-11-22T07:13:22","slug":"classic-dog-nature-fruechte-gemuese-muesli-1kg","status":"publish","type":"product","link":"https:\/\/classic-heimtiernahrung.de\/de\/product\/classic-dog-nature-fruechte-gemuese-muesli-1kg\/","title":{"rendered":"Classic Dog Nature Fr\u00fcchte-Gem\u00fcse M\u00fcsli 1kg"},"content":{"rendered":"<p>Dieses Fr\u00fcchte-Gem\u00fcse M\u00fcsli ist ein reines Naturprodukt ohne Farb-, Konservierungs-<br \/>\nund Aromastoffe. Es ist zudem glutenfrei. Die Zusammensetzung ohne Getreide gibt Ihnen die M\u00f6glichkeit bei Getreideunvertr\u00e4glichkeit auf diese Alternative auszuweichen. Das Fr\u00fcchte-Gem\u00fcse M\u00fcsli wird aus hochwertigen, ausgesuchten und schonend aufbereiteten Rohstoffen hergestellt.<\/p>\n<p>&nbsp;<\/p>\n<h2>Inhaltsstoffe<\/h2>\n<p>&nbsp;<\/p>\n<div><strong>Zusammensetzung:<\/strong><\/div>\n<div>M\u00f6hrenflocken, Johannisbrot, Kartoffelflocken, Fr\u00fcchtemischung (Papaya, Aprikose, Datteln, Bananen-Chips-Bruch, Cranberry) 10 %, Luzerne-Pellets, Erbsenflocken, Rote-Bete-Chips, Bananen, Petersilienst\u00e4ngel, Kr\u00e4utermischung (Brennnesselbl\u00e4tter, Karotten, Sellerieknollen-W\u00fcrfel, Kamillenbl\u00fcten, Fenchel, K\u00fcmmel, Schafgarbenkraut, Brombeerbl\u00e4tter, Leinsamen, Kalmuswurzel, Tausendg\u00fcldenkraut, Enzianwurzel, Mistelkraut), Lauch.<\/div>\n<div><\/div>\n<div><strong>Analytische Bestandteile:<\/strong><\/div>\n<div>Rohprotein 8,3 %, Rohfett 3,7 %, Rohasche 4,5 %, Rohfaser 6,4 %.<\/div>\n<p>&nbsp;<\/p>\n<h2>F\u00fctterungsempfehlung<\/h2>\n<p>&nbsp;<\/p>\n<div><strong>Tagesbedarf:<\/strong><\/div>\n<div>Der angesetzte Fr\u00fcchte-Gem\u00fcse M\u00fcsli Mischungsanteil kann aus bis zu 40 % der Gesamtfutter-Portion bestehen.<\/div>\n<div><\/div>\n<div><strong>F\u00fctterungshinweis:<\/strong><\/div>\n<div>Das Fr\u00fcchte-Gem\u00fcse M\u00fcsli mindestens 10 Minuten vor der F\u00fctterung mit Wasser, Fleischsaft oder Br\u00fche anr\u00fchren, dann mit Frisch- oder Dosenfleisch vermischen, umr\u00fchren, fertig. Bitte immer frisches Trinkwasser in ausreichender Menge in einem getrennten Gef\u00e4\u00df zur Verf\u00fcgung stellen.<\/div>\n","protected":false},"excerpt":{"rendered":"<p>Erg\u00e4nzungsfuttermittel f\u00fcr ausgewachsene Hunde<\/p>\n","protected":false},"featured_media":2471,"template":"","meta":[],"product_brand":[],"product_cat":[63],"product_tag":[],"class_list":{"0":"post-2470","1":"product","2":"type-product","3":"status-publish","4":"has-post-thumbnail","6":"product_cat-classic-dog-nahrungsergaenzung","8":"first","9":"instock","10":"shipping-taxable","11":"purchasable","12":"product-type-simple"},"_links":{"self":[{"href":"https:\/\/classic-heimtiernahrung.de\/de\/wp-json\/wp\/v2\/product\/2470","targetHints":{"allow":["GET"]}}],"collection":[{"href":"https:\/\/classic-heimtiernahrung.de\/de\/wp-json\/wp\/v2\/product"}],"about":[{"href":"https:\/\/classic-heimtiernahrung.de\/de\/wp-json\/wp\/v2\/types\/product"}],"version-history":[{"count":1,"href":"https:\/\/classic-heimtiernahrung.de\/de\/wp-json\/wp\/v2\/product\/2470\/revisions"}],"predecessor-version":[{"id":2478,"href":"https:\/\/classic-heimtiernahrung.de\/de\/wp-json\/wp\/v2\/product\/2470\/revisions\/2478"}],"wp:featuredmedia":[{"embeddable":true,"href":"https:\/\/classic-heimtiernahrung.de\/de\/wp-json\/wp\/v2\/media\/2471"}],"wp:attachment":[{"href":"https:\/\/classic-heimtiernahrung.de\/de\/wp-json\/wp\/v2\/media?parent=2470"}],"wp:term":[{"taxonomy":"product_brand","embeddable":true,"href":"https:\/\/classic-heimtiernahrung.de\/de\/wp-json\/wp\/v2\/product_brand?post=2470"},{"taxonomy":"product_cat","embeddable":true,"href":"https:\/\/classic-heimtiernahrung.de\/de\/wp-json\/wp\/v2\/product_cat?post=2470"},{"taxonomy":"product_tag","embeddable":true,"href":"https:\/\/classic-heimtiernahrung.de\/de\/wp-json\/wp\/v2\/product_tag?post=2470"}],"curies":[{"name":"wp","href":"https:\/\/api.w.org\/{rel}","templated":true}]}}