{"id":2468,"date":"2023-01-03T15:56:09","date_gmt":"2023-01-03T14:56:09","guid":{"rendered":"https:\/\/classic-heimtiernahrung.de\/de\/?post_type=product&#038;p=2468"},"modified":"2023-11-22T08:13:22","modified_gmt":"2023-11-22T07:13:22","slug":"classic-dog-nature-gemuese-kraeuter-mix-1kg","status":"publish","type":"product","link":"https:\/\/classic-heimtiernahrung.de\/de\/product\/classic-dog-nature-gemuese-kraeuter-mix-1kg\/","title":{"rendered":"Classic Dog Nature Gem\u00fcse-Kr\u00e4uter Mix 1kg"},"content":{"rendered":"<p>Dieser Gem\u00fcse-Kr\u00e4uter Mix ist ein reines Naturprodukt ohne Farb-, Konservierungsund k\u00fcnstliche Aromastoffe. Der Gem\u00fcse-Kr\u00e4uter Mix ist ein nat\u00fcrliches Erg\u00e4nzungsfuttermittel aus schonend aufbereiteten, hochwertigen und ausgesuchten Rohstoffen. Die Zusammensetzung ohne Getreide gibt Ihnen die M\u00f6glichkeit, das Produkt bei getreidebasierten F\u00fctterungsproblemen anzuwenden. Der Gem\u00fcse-Kr\u00e4uter Mix kann unter die t\u00e4gliche Futterration gemischt werden.<\/p>\n<p>&nbsp;<\/p>\n<h2>Inhaltsstoffe<\/h2>\n<p>&nbsp;<\/p>\n<div><strong>Zusammensetzung:<\/strong><\/div>\n<div>M\u00f6hrenflocken, Erbsenflocken, Rote Bete, Petersilienst\u00e4ngel, Lauch, Kr\u00e4utermischung* 0,5 % (Bennnesselbl\u00e4tter, Karotten, Selleriest\u00e4ngel, Kamillenbl\u00fcten, Fenchel, K\u00fcmmel, Schafgarbenkraut, Brombeerbl\u00e4tter, Leinsamen, Mistelkraut, Kalmuswurzel, Rhabarberwurzel, Beinwellwurzel, Tausendg\u00fcldenkraut, Enzianwurzel).<\/div>\n<div><\/div>\n<div><strong>Analytische Bestandteile:<\/strong><\/div>\n<div>Rohprotein 13,6 %, Rohfett 1,0 %, Rohasche 5,7 %, Rohfaser 7,6 %.<\/div>\n<p>&nbsp;<\/p>\n<h2>F\u00fctterungsempfehlung<\/h2>\n<p>&nbsp;<\/p>\n<div><strong>Tagesbedarf:<\/strong><\/div>\n<div>Der angesetzte Gem\u00fcse-Kr\u00e4uter Mix Mischungsanteil kann aus bis zu 20 % der Gesamtfutter-Portion bestehen.<\/div>\n<div><\/div>\n<div><strong>F\u00fctterungshinweis:<\/strong><\/div>\n<div>Den Gem\u00fcse-Kr\u00e4uterMix mindestens 10 Minuten vor der F\u00fctterung mit Wasser, Fleischsaft oder Br\u00fche anr\u00fchren, dann mit Frisch- oder Dosenfleisch vermischen, umr\u00fchren, fertig. Bitte immer frisches Trinkwasser in ausreichender Menge in einem getrennten Gef\u00e4\u00df zur Verf\u00fcgung stellen.<\/div>\n","protected":false},"excerpt":{"rendered":"<p>Erg\u00e4nzungsfuttermittel f\u00fcr ausgewachsene Hunde<\/p>\n","protected":false},"featured_media":2469,"template":"","meta":[],"product_brand":[],"product_cat":[63],"product_tag":[],"class_list":{"0":"post-2468","1":"product","2":"type-product","3":"status-publish","4":"has-post-thumbnail","6":"product_cat-classic-dog-nahrungsergaenzung","8":"first","9":"instock","10":"shipping-taxable","11":"purchasable","12":"product-type-simple"},"_links":{"self":[{"href":"https:\/\/classic-heimtiernahrung.de\/de\/wp-json\/wp\/v2\/product\/2468","targetHints":{"allow":["GET"]}}],"collection":[{"href":"https:\/\/classic-heimtiernahrung.de\/de\/wp-json\/wp\/v2\/product"}],"about":[{"href":"https:\/\/classic-heimtiernahrung.de\/de\/wp-json\/wp\/v2\/types\/product"}],"version-history":[{"count":1,"href":"https:\/\/classic-heimtiernahrung.de\/de\/wp-json\/wp\/v2\/product\/2468\/revisions"}],"predecessor-version":[{"id":2479,"href":"https:\/\/classic-heimtiernahrung.de\/de\/wp-json\/wp\/v2\/product\/2468\/revisions\/2479"}],"wp:featuredmedia":[{"embeddable":true,"href":"https:\/\/classic-heimtiernahrung.de\/de\/wp-json\/wp\/v2\/media\/2469"}],"wp:attachment":[{"href":"https:\/\/classic-heimtiernahrung.de\/de\/wp-json\/wp\/v2\/media?parent=2468"}],"wp:term":[{"taxonomy":"product_brand","embeddable":true,"href":"https:\/\/classic-heimtiernahrung.de\/de\/wp-json\/wp\/v2\/product_brand?post=2468"},{"taxonomy":"product_cat","embeddable":true,"href":"https:\/\/classic-heimtiernahrung.de\/de\/wp-json\/wp\/v2\/product_cat?post=2468"},{"taxonomy":"product_tag","embeddable":true,"href":"https:\/\/classic-heimtiernahrung.de\/de\/wp-json\/wp\/v2\/product_tag?post=2468"}],"curies":[{"name":"wp","href":"https:\/\/api.w.org\/{rel}","templated":true}]}}