{"id":2441,"date":"2023-01-02T11:11:59","date_gmt":"2023-01-02T10:11:59","guid":{"rendered":"https:\/\/classic-heimtiernahrung.de\/de\/?post_type=product&#038;p=2441"},"modified":"2024-10-17T09:29:27","modified_gmt":"2024-10-17T07:29:27","slug":"classic-dog-gefluegel-kartoffel-getreidefrei-15kg","status":"publish","type":"product","link":"https:\/\/classic-heimtiernahrung.de\/de\/product\/classic-dog-gefluegel-kartoffel-getreidefrei-15kg\/","title":{"rendered":"Classic Dog Gefl\u00fcgel &#038; Kartoffel getreidefrei 15kg"},"content":{"rendered":"<p>Classic Dog Hundefutter getreidefrei besteht haupts\u00e4chlich aus leicht verdaulichem Gefl\u00fcgelfleisch und Kartoffelmehl. F\u00fcr Hunde mit einer Unvertr\u00e4glichkeit gegen\u00fcber Getreide ist Classic Dog Hundefutter getreidefrei Gefl\u00fcgel &amp; Kartoffel die ideale Ern\u00e4hrung, zumal der Preis unschlagbar g\u00fcnstig ist.<\/p>\n<p>&#8211; ohne Getreide<br \/>&#8211; reich an Huhn &#8211; das schmeckt den Hunden<br \/>&#8211; mit Biotin und Zink &#8211; f\u00fcr eine gesunde Haut<br \/>&#8211; mit Omega 3 &amp; 6 &#8211; f\u00fcr ein gl\u00e4nzendes Fell<\/p>\n<p>27 % Rohprotein<br \/>14 % Fettgehalt<\/p>\n<p><\/p>\n<h2>Inhaltsstoffe<\/h2>\n<p><\/p>\n<p>Zusammensetzung<br \/>Getrocknetes Gefl\u00fcgelmehl (31%), getrocknete Kartoffel (26%), getrocknete Erbsen, H\u00fchnerfett, getrocknetes R\u00fcbenschnitzel, hydrolysiertes tierisches Protein, Mineralstoffe, raffinierte Zellulose.<\/p>\n<p>Analytische Bestandteile<br \/>Protein 27,0 %, Rohfett 14,0 %, Rohfaser 3,20 %, Rohasche 6,50 %, Calcium 1,45 %,Phosphor 0,95 %, Omega 3 0,5 %, Omega 6 3,0 %<\/p>\n<p>Zusatzstoffe; ern\u00e4hrungsphysiologische Zusatzstoffe je kg<br \/>Vitamin A 14500,0 IE, Vitamin D3 1350 IE, Vitamin E 110 mg, Biotin 0,3 mg, (3b103) Eisen 86mg, (3b202) Jod 2,3 mg, (3b405) Kupfer 10mg, (3b605) Zink 145mg, (3b503) Mangan 9,3 mg, (3b815 Selen 0,07mg<\/p>\n<p>Technologische Zusatzstoffe: In der EU zugelassene Antioxidantien und Pr\u00e4ventivstoffe.<\/p>\n<p><\/p>\n<h2>F\u00fctterungsempfehlung<\/h2>\n<p><\/p>\n<table align='left' border='1' cellpadding='1' cellspacing='1' id='TABELLE' style='width: 500px'>\n<colgroup>\n<col width='260' \/>\n<col width='231' \/><\/colgroup>\n<tbody>\n<tr>\n<td align='center' id='txtT0101' style='text-align: center' valign='center'>Gewicht des Hundes<\/td>\n<td align='center' id='txtT0102' style='text-align: center' valign='center'>Menge pro Tag<\/td>\n<\/tr>\n<tr>\n<td align='center' id='txtT0201' style='text-align: center' valign='center'>2 &#8211; 5 kg<\/td>\n<td align='center' id='txtT0202' style='text-align: center' valign='center'>45 &#8211; 85 g<\/td>\n<\/tr>\n<tr>\n<td align='center' id='txtT0301' style='text-align: center' valign='center'>5 &#8211; 10 kg<\/td>\n<td align='center' id='txtT0302' style='text-align: center' valign='center'>85- 120 g<\/td>\n<\/tr>\n<tr>\n<td align='center' id='txtT0401' style='text-align: center' valign='center'>10 &#8211; 20 kg<\/td>\n<td align='center' id='txtT0402' style='text-align: center' valign='center'>120 &#8211; 210 g<\/td>\n<\/tr>\n<tr align='left' valign='top'>\n<td align='center'>20 &#8211; 30 kg<\/td>\n<td align='center'>210- 300 g<\/td>\n<\/tr>\n<tr align='left' valign='top'>\n<td align='center'>30 &#8211; 40 kg<\/td>\n<td align='center'>300 &#8211; 380 g<\/td>\n<\/tr>\n<tr align='left' valign='top'>\n<td align='center'>40 &#8211; 60 kg<\/td>\n<td align='center'>380 &#8211; 500 g<\/td>\n<\/tr>\n<tr align='left' valign='top'>\n<td align='center'>60 &#8211; 80 kg<\/td>\n<td align='center'>500 &#8211; 600 g<\/td>\n<\/tr>\n<\/tbody>\n<\/table>\n<p>&nbsp;<\/p>\n","protected":false},"excerpt":{"rendered":"<p>Das komplette, getreidefreie Hundefutter f\u00fcr ausgewachsene, ern\u00e4hrungssensible Hunde<\/p>\n","protected":false},"featured_media":2623,"template":"","meta":[],"product_brand":[],"product_cat":[55,58],"product_tag":[],"class_list":{"0":"post-2441","1":"product","2":"type-product","3":"status-publish","4":"has-post-thumbnail","6":"product_cat-classic-dog","7":"product_cat-classic-dog-trockenfutter","9":"first","10":"instock","11":"shipping-taxable","12":"purchasable","13":"product-type-simple"},"_links":{"self":[{"href":"https:\/\/classic-heimtiernahrung.de\/de\/wp-json\/wp\/v2\/product\/2441","targetHints":{"allow":["GET"]}}],"collection":[{"href":"https:\/\/classic-heimtiernahrung.de\/de\/wp-json\/wp\/v2\/product"}],"about":[{"href":"https:\/\/classic-heimtiernahrung.de\/de\/wp-json\/wp\/v2\/types\/product"}],"version-history":[{"count":2,"href":"https:\/\/classic-heimtiernahrung.de\/de\/wp-json\/wp\/v2\/product\/2441\/revisions"}],"predecessor-version":[{"id":2624,"href":"https:\/\/classic-heimtiernahrung.de\/de\/wp-json\/wp\/v2\/product\/2441\/revisions\/2624"}],"wp:featuredmedia":[{"embeddable":true,"href":"https:\/\/classic-heimtiernahrung.de\/de\/wp-json\/wp\/v2\/media\/2623"}],"wp:attachment":[{"href":"https:\/\/classic-heimtiernahrung.de\/de\/wp-json\/wp\/v2\/media?parent=2441"}],"wp:term":[{"taxonomy":"product_brand","embeddable":true,"href":"https:\/\/classic-heimtiernahrung.de\/de\/wp-json\/wp\/v2\/product_brand?post=2441"},{"taxonomy":"product_cat","embeddable":true,"href":"https:\/\/classic-heimtiernahrung.de\/de\/wp-json\/wp\/v2\/product_cat?post=2441"},{"taxonomy":"product_tag","embeddable":true,"href":"https:\/\/classic-heimtiernahrung.de\/de\/wp-json\/wp\/v2\/product_tag?post=2441"}],"curies":[{"name":"wp","href":"https:\/\/api.w.org\/{rel}","templated":true}]}}