{"id":2432,"date":"2022-10-24T11:28:50","date_gmt":"2022-10-24T09:28:50","guid":{"rendered":"https:\/\/classic-heimtiernahrung.de\/de\/?post_type=product&#038;p=2432"},"modified":"2025-01-06T10:16:19","modified_gmt":"2025-01-06T09:16:19","slug":"classic-cat-katzenstreu-high-black-edition-12-liter","status":"publish","type":"product","link":"https:\/\/classic-heimtiernahrung.de\/de\/product\/classic-cat-katzenstreu-high-black-edition-12-liter\/","title":{"rendered":"Classic Cat Katzenstreu High Black Edition 12 Liter"},"content":{"rendered":"<p>BTG High Classic\u00ae Black Edition mit Frischeduft steht f\u00fcr Premium-Katzenhygiene, wie Sie und Ihre Katze sie noch nie zuvor erlebt haben. Mit High Classic\u00ae bieten Sie Ihrer Katze eine absolut hochwertige Katzenstreu an.<\/p>\n<p>Sie besteht zu 100 Prozent aus Naturton, dem so genannten Bentonit-Stein. Die Eigenschaften des High Classic\u00ae Bentonit Steins werden Sie und besonders Ihre<br \/>Katze vom ersten Augenblick an \u00fcberzeugen. Extreme Saugf\u00e4higkeit, blitzschnelle Kl\u00fcmpchenbildung und die sensitiven Eigenschaften des Bentonit-Steins bieten ein H\u00f6chstma\u00df an Komfort. Insbesondere f\u00fcr sensible Katzenpfoten sind die leichten Bentonit-K\u00f6rnchen zu empfehlen. Bei der Katzenhygiene bleibt keine Streu an Fell oder Pfoten h\u00e4ngen. Durch die Aktivkohle und dem Frischeduft werden unangenehme Ger\u00fcche bei Fl\u00fcssigkeitskontakt neutralisiert. Die hohe Fl\u00fcssigkeitsaufnahmekapazit\u00e4t und die schnelle Klumpenbildung garantieren eine hygienisch reine Katzentoilette. Zudem ist die BTG High Classic\u00ae Black Edition Katzenstreu sparsam im Verbrauch.<\/p>\n<p>Hinweis: Nicht \u00fcber die Toilette entsorgen, sondern \u00fcber den Hausm\u00fcll.<\/p>\n<p>\u00a0<\/p>\n<p>Schwangere\/Stillende\/Kleinkinder\/Personen mit geschw\u00e4chtem Immunsystem sollten den Kontakt mit verschmutzter Streu vermeiden. Eventuelle St\u00e4ube nicht einatmen. Verpackung f\u00fcr Kinder und Tiere unzug\u00e4nglich aufbewahren &#8212; Erstickungsgefahr!<\/p>\n<p><\/p>\n<h2>Inhaltsstoffe<\/h2>\n<p><\/p>\n<p>Bentonit<\/p>\n<p><\/p>\n<h2>F\u00fctterungsempfehlung<\/h2>\n<p><\/p>\n<p>Bitte f\u00fcllen Sie Ihre Katzentoilette mit High Classic Katzenstreu Black Edition bis zu einer F\u00fcllh\u00f6he von 7 cm auf. Die Klumpen sind einzeln \u00fcber den Hausm\u00fcll zu entsorgen<\/p>\n","protected":false},"excerpt":{"rendered":"<p>Ultra-Klumpstreu mit Frischeduft und Aktivkohle in Premium-Qualit\u00e4t<\/p>\n","protected":false},"featured_media":2634,"template":"","meta":[],"product_brand":[],"product_cat":[64,67],"product_tag":[],"class_list":{"0":"post-2432","1":"product","2":"type-product","3":"status-publish","4":"has-post-thumbnail","6":"product_cat-classic-cat","7":"product_cat-classic-cat-katzenstreu","9":"first","10":"instock","11":"shipping-taxable","12":"purchasable","13":"product-type-simple"},"_links":{"self":[{"href":"https:\/\/classic-heimtiernahrung.de\/de\/wp-json\/wp\/v2\/product\/2432","targetHints":{"allow":["GET"]}}],"collection":[{"href":"https:\/\/classic-heimtiernahrung.de\/de\/wp-json\/wp\/v2\/product"}],"about":[{"href":"https:\/\/classic-heimtiernahrung.de\/de\/wp-json\/wp\/v2\/types\/product"}],"version-history":[{"count":2,"href":"https:\/\/classic-heimtiernahrung.de\/de\/wp-json\/wp\/v2\/product\/2432\/revisions"}],"predecessor-version":[{"id":2635,"href":"https:\/\/classic-heimtiernahrung.de\/de\/wp-json\/wp\/v2\/product\/2432\/revisions\/2635"}],"wp:featuredmedia":[{"embeddable":true,"href":"https:\/\/classic-heimtiernahrung.de\/de\/wp-json\/wp\/v2\/media\/2634"}],"wp:attachment":[{"href":"https:\/\/classic-heimtiernahrung.de\/de\/wp-json\/wp\/v2\/media?parent=2432"}],"wp:term":[{"taxonomy":"product_brand","embeddable":true,"href":"https:\/\/classic-heimtiernahrung.de\/de\/wp-json\/wp\/v2\/product_brand?post=2432"},{"taxonomy":"product_cat","embeddable":true,"href":"https:\/\/classic-heimtiernahrung.de\/de\/wp-json\/wp\/v2\/product_cat?post=2432"},{"taxonomy":"product_tag","embeddable":true,"href":"https:\/\/classic-heimtiernahrung.de\/de\/wp-json\/wp\/v2\/product_tag?post=2432"}],"curies":[{"name":"wp","href":"https:\/\/api.w.org\/{rel}","templated":true}]}}