{"id":2072,"date":"2022-02-22T12:05:28","date_gmt":"2022-02-22T11:05:28","guid":{"rendered":"https:\/\/relaunch.classic-heimtiernahrung.de\/product\/classic-hunde-snack-buntes-kauvergnuegen-im-eimer-1800-g\/"},"modified":"2022-02-22T12:58:16","modified_gmt":"2022-02-22T11:58:16","slug":"classic-hunde-snack-buntes-kauvergnuegen-im-eimer-1800-g","status":"publish","type":"product","link":"https:\/\/classic-heimtiernahrung.de\/de\/product\/classic-hunde-snack-buntes-kauvergnuegen-im-eimer-1800-g\/","title":{"rendered":"Classic Hunde Snack Buntes Kauvergn\u00fcgen im Eimer 1800 g"},"content":{"rendered":"<p>Buntes Kauvergn\u00fcgen ist eine abwechslungsreiche Mischung aus beliebten Kauartikeln, praktisch aufbewahrbar im wieder verschlie\u00dfbaren Eimer.<\/p>\n<p>Eine Vielfalt bek\u00f6mmlicher Belohnungssnacks aus nat\u00fcrlichem Trockenfleisch,<br \/>nahrhaft, leicht verdaulich und somit ein idealer Snack f\u00fcr zwischendurch.<\/p>\n<p>Beim Zerkauen werden gleichzeitig die Z\u00e4hne von Bel\u00e4gen befreit, das Zahnfleisch massiert und die Kaumuskeln gekr\u00e4ftigt.<br \/>Die Kau &#8211; Snacks werden in einem speziellen Verfahren schonend getrocknet.<br \/>Aus 100% nat\u00fcrlichem Fleisch ohne k\u00fcnstliche Konservierungsstoffe.<\/p>\n<p>Trockenfleisch bietet eine ideale Alternative zu frischen Fleischteilen vom Metzger.<br \/>Es ist ebenso nahrhaft bei besserer Lagerf\u00e4higkeit und besitzt einen angenehmeren Geruch.<\/p>\n<p>Bitte lagern Sie dieses Produkt immer k\u00fchl und trocken.<\/p>\n<p><\/p>\n<p><\/p>\n<h2>Inhaltsstoffe<\/h2>\n<p><\/p>\n<p>Inhaltsstoffe:<br \/>Rohprotein: 28,00%<\/p>\n<p>Rohfett: 8,00%<\/p>\n<p>Rohasche: 6,00%<\/p>\n<p>Rohfaser: 4,00%<\/p>\n<p>Feuchtigkeit: 29,00%<\/p>\n<p>Zusammensetzung: <br \/>Getreide, Fleisch, tierische Nebenerzeugnisse, \u00d6le &amp; Fette, pflanzliche Nebenerzeugnisse, pflanzliche Eiwei\u00dfextrakte, Zucker, Mineralstoffe, Milch &amp; Molkereierzeugnisse<br \/>Zusatzstoffe:<br \/>Vitamin D3 (200IE\/kg), Vitamin E (100 mg\/kg). Farb- und Konservierungsstoffe und Antioxidantien (EG-Zusatzstoffe).<\/p>\n<p><\/p>\n<h2>F\u00fctterungsempfehlung<\/h2>\n<p><\/p>\n<p>Als Belohnungssnack erg\u00e4nzend zur gewohnten Hauptnahrung. Bitte immer ausreichend Wasser zur Verf\u00fcgung stellen.<\/p>\n","protected":false},"excerpt":{"rendered":"<p>Eine abwechslungsreiche Mischung aus den beliebten Kauartikeln.<\/p>\n","protected":false},"featured_media":2073,"template":"","meta":[],"product_brand":[],"product_cat":[55,57],"product_tag":[],"class_list":{"0":"post-2072","1":"product","2":"type-product","3":"status-publish","4":"has-post-thumbnail","6":"product_cat-classic-dog","7":"product_cat-classic-dog-trockenware","9":"first","10":"instock","11":"shipping-taxable","12":"purchasable","13":"product-type-simple"},"_links":{"self":[{"href":"https:\/\/classic-heimtiernahrung.de\/de\/wp-json\/wp\/v2\/product\/2072","targetHints":{"allow":["GET"]}}],"collection":[{"href":"https:\/\/classic-heimtiernahrung.de\/de\/wp-json\/wp\/v2\/product"}],"about":[{"href":"https:\/\/classic-heimtiernahrung.de\/de\/wp-json\/wp\/v2\/types\/product"}],"version-history":[{"count":1,"href":"https:\/\/classic-heimtiernahrung.de\/de\/wp-json\/wp\/v2\/product\/2072\/revisions"}],"predecessor-version":[{"id":2074,"href":"https:\/\/classic-heimtiernahrung.de\/de\/wp-json\/wp\/v2\/product\/2072\/revisions\/2074"}],"wp:featuredmedia":[{"embeddable":true,"href":"https:\/\/classic-heimtiernahrung.de\/de\/wp-json\/wp\/v2\/media\/2073"}],"wp:attachment":[{"href":"https:\/\/classic-heimtiernahrung.de\/de\/wp-json\/wp\/v2\/media?parent=2072"}],"wp:term":[{"taxonomy":"product_brand","embeddable":true,"href":"https:\/\/classic-heimtiernahrung.de\/de\/wp-json\/wp\/v2\/product_brand?post=2072"},{"taxonomy":"product_cat","embeddable":true,"href":"https:\/\/classic-heimtiernahrung.de\/de\/wp-json\/wp\/v2\/product_cat?post=2072"},{"taxonomy":"product_tag","embeddable":true,"href":"https:\/\/classic-heimtiernahrung.de\/de\/wp-json\/wp\/v2\/product_tag?post=2072"}],"curies":[{"name":"wp","href":"https:\/\/api.w.org\/{rel}","templated":true}]}}