{"id":2036,"date":"2022-02-22T11:55:42","date_gmt":"2022-02-22T10:55:42","guid":{"rendered":"https:\/\/relaunch.classic-heimtiernahrung.de\/product\/cla-dog-snack-hirschfleisch-trainee-wuerfel-200g\/"},"modified":"2022-02-22T12:58:19","modified_gmt":"2022-02-22T11:58:19","slug":"cla-dog-snack-hirschfleisch-trainee-wuerfel-200g","status":"publish","type":"product","link":"https:\/\/classic-heimtiernahrung.de\/de\/product\/cla-dog-snack-hirschfleisch-trainee-wuerfel-200g\/","title":{"rendered":"Cla Dog Snack Hirschfleisch Trainee &#8211; W\u00fcrfel 200g"},"content":{"rendered":"<p>Hirschfleisch-Trainee-W\u00fcrfel sind ein Belohnungssnack aus nat\u00fcrlichem Trockenfleisch.<\/p>\n<p>Hirschfleisch ist ein herzhafter und kr\u00e4ftiger Leckerbissen f\u00fcr jeden Hund.<br \/>Es ist nahrhaft, leicht verdaulich und somit ein idealer Snack f\u00fcr zwischendurch.<br \/>Hirschfleisch ist fettarm und frei von chemischen Zus\u00e4tzen und Zusatzstoffen wie z.B. Zucker.<\/p>\n<p>Dieser Snack entspricht, wie auch Muskelfleisch und Innereien dem urspr\u00fcnglichen Beutefleisch Ihres Hundes.<br \/>Beim Zerkauen werden gleichzeitig die Z\u00e4hne von Bel\u00e4gen befreit, das Zahnfleisch massiert und die Kaumuskeln gekr\u00e4ftigt.<\/p>\n<p>Hirschfleisch wird in einem speziellen Verfahren schonend getrocknet.<br \/>Trockenfleisch bietet eine ideale Alternative zu frischen Fleischteilen vom Metzger.<br \/>Es ist ebenso nahrhaft bei besserer Lagerf\u00e4higkeit und besitzt einen angenehmen Geruch.<\/p>\n<p>Hirschfleisch ist aus 100% nat\u00fcrlichem Fleisch ohne k\u00fcnstliche Farbstoffe und ohne Konservierungsstoffe.<\/p>\n<p>Bitte lagern Sie dieses Produkt immer k\u00fchl und trocken.<\/p>\n<p><\/p>\n<h2>Inhaltsstoffe<\/h2>\n<p><\/p>\n<p>100% pures Hirschfleisch<\/p>\n<p><strong>Analytische Bestandteile<\/strong><\/p>\n<p>Rohprotein: 54,40%<\/p>\n<p>Fett: 22,90%<\/p>\n<p>Feuchtigkeit: 08,10%<\/p>\n<p>Rohasche: 10,80%<\/p>\n<p><\/p>\n<h2>F\u00fctterungsempfehlung<\/h2>\n<p><\/p>\n<p>Als Belohnungssnack erg\u00e4nzend zur gewohnten Hauptnahrung. Bitte immer ausreichend Wasser zur Verf\u00fcgung stellen.<\/p>\n","protected":false},"excerpt":{"rendered":"<p>Hirschfleisch Trainee &#8211; W\u00fcrfel sind ein schmackhafter Kausnack f\u00fcr Ihren Hund.Sie sind ideal als Belohnung oder zur Abwechslung auf dem Speiseplan geeignet.<\/p>\n","protected":false},"featured_media":2037,"template":"","meta":[],"product_brand":[],"product_cat":[55,57],"product_tag":[],"class_list":{"0":"post-2036","1":"product","2":"type-product","3":"status-publish","4":"has-post-thumbnail","6":"product_cat-classic-dog","7":"product_cat-classic-dog-trockenware","9":"first","10":"instock","11":"shipping-taxable","12":"purchasable","13":"product-type-simple"},"_links":{"self":[{"href":"https:\/\/classic-heimtiernahrung.de\/de\/wp-json\/wp\/v2\/product\/2036","targetHints":{"allow":["GET"]}}],"collection":[{"href":"https:\/\/classic-heimtiernahrung.de\/de\/wp-json\/wp\/v2\/product"}],"about":[{"href":"https:\/\/classic-heimtiernahrung.de\/de\/wp-json\/wp\/v2\/types\/product"}],"version-history":[{"count":1,"href":"https:\/\/classic-heimtiernahrung.de\/de\/wp-json\/wp\/v2\/product\/2036\/revisions"}],"predecessor-version":[{"id":2092,"href":"https:\/\/classic-heimtiernahrung.de\/de\/wp-json\/wp\/v2\/product\/2036\/revisions\/2092"}],"wp:featuredmedia":[{"embeddable":true,"href":"https:\/\/classic-heimtiernahrung.de\/de\/wp-json\/wp\/v2\/media\/2037"}],"wp:attachment":[{"href":"https:\/\/classic-heimtiernahrung.de\/de\/wp-json\/wp\/v2\/media?parent=2036"}],"wp:term":[{"taxonomy":"product_brand","embeddable":true,"href":"https:\/\/classic-heimtiernahrung.de\/de\/wp-json\/wp\/v2\/product_brand?post=2036"},{"taxonomy":"product_cat","embeddable":true,"href":"https:\/\/classic-heimtiernahrung.de\/de\/wp-json\/wp\/v2\/product_cat?post=2036"},{"taxonomy":"product_tag","embeddable":true,"href":"https:\/\/classic-heimtiernahrung.de\/de\/wp-json\/wp\/v2\/product_tag?post=2036"}],"curies":[{"name":"wp","href":"https:\/\/api.w.org\/{rel}","templated":true}]}}