{"id":2022,"date":"2022-02-22T11:52:25","date_gmt":"2022-02-22T10:52:25","guid":{"rendered":"https:\/\/relaunch.classic-heimtiernahrung.de\/product\/cla-dog-snack-rindfleisch-trainee-wuerfel-1kg\/"},"modified":"2022-02-22T12:58:20","modified_gmt":"2022-02-22T11:58:20","slug":"cla-dog-snack-rindfleisch-trainee-wuerfel-1kg","status":"publish","type":"product","link":"https:\/\/classic-heimtiernahrung.de\/de\/product\/cla-dog-snack-rindfleisch-trainee-wuerfel-1kg\/","title":{"rendered":"Cla Dog Snack Rindfleisch Trainee &#8211; W\u00fcrfel 1kg"},"content":{"rendered":"<p>Rindfleisch-Trainee-W\u00fcrfel sind ein besonders magerer und herzhafter Leckerbissen f\u00fcr jeden Hund.<br \/>Sie sind nahrhaft, leicht verdaulich und somit ein idealer Snack f\u00fcr zwischendurch.<br \/>Die schmackhaften Rindfleisch-Trainee-W\u00fcrfel zeichnen sich durch einen geringen Kaloriengehalt aus.<\/p>\n<p>Beim Zerkauen werden gleichzeitig die Z\u00e4hne von Bel\u00e4gen befreit, das Zahnfleisch massiert und die Kaumuskeln gekr\u00e4ftigt.<br \/>Somit wird die Zahngesundheit auf nat\u00fcrliche Weise unterst\u00fctzt.<\/p>\n<p>Rindfleisch-Trainee-W\u00fcrfel werden in einem speziellen Verfahren schonend getrocknet. Trockenfleisch bietet eine ideale Alternative zu frischen Fleischteilen vom Metzger.<br \/>Es ist ebenso nahrhaft bei besserer Lagerf\u00e4higkeit und besitzt einen angenehmen Geruch.<\/p>\n<p>Rindfleisch-Trainee-W\u00fcrfel sind aus 100% nat\u00fcrlichem Fleisch, ohne k\u00fcnstliche Farbstoffe und ohne Konservierungsstoffe.<\/p>\n<p>Bitte lagern Sie dieses Produkt immer k\u00fchl und trocken.<\/p>\n<p><\/p>\n<h2>Inhaltsstoffe<\/h2>\n<p><\/p>\n<p><strong>Analytische Bestandteile<\/strong><\/p>\n<p>Rohprotein: 55,80%<\/p>\n<p>Fett: 21,90%<\/p>\n<p>Feuchtigkeit: 09,10%<\/p>\n<p>Rohasche: 11,90%<\/p>\n<p><\/p>\n<h2>F\u00fctterungsempfehlung<\/h2>\n<p><\/p>\n<p>Als Belohnungssnack erg\u00e4nzend zur gewohnten Hauptnahrung. Bitte immer ausreichend Wasser zur Verf\u00fcgung stellen.<\/p>\n","protected":false},"excerpt":{"rendered":"<p>Rindfleisch Trainee &#8211; W\u00fcrfel sind ein schmackhafter Kausnack f\u00fcr Ihren Hund.Sie sind ideal als Belohnung oder zur Abwechslung auf dem Speiseplan geeignet.<\/p>\n","protected":false},"featured_media":2023,"template":"","meta":[],"product_brand":[],"product_cat":[55,57],"product_tag":[],"class_list":{"0":"post-2022","1":"product","2":"type-product","3":"status-publish","4":"has-post-thumbnail","6":"product_cat-classic-dog","7":"product_cat-classic-dog-trockenware","9":"first","10":"instock","11":"shipping-taxable","12":"purchasable","13":"product-type-simple"},"_links":{"self":[{"href":"https:\/\/classic-heimtiernahrung.de\/de\/wp-json\/wp\/v2\/product\/2022","targetHints":{"allow":["GET"]}}],"collection":[{"href":"https:\/\/classic-heimtiernahrung.de\/de\/wp-json\/wp\/v2\/product"}],"about":[{"href":"https:\/\/classic-heimtiernahrung.de\/de\/wp-json\/wp\/v2\/types\/product"}],"version-history":[{"count":1,"href":"https:\/\/classic-heimtiernahrung.de\/de\/wp-json\/wp\/v2\/product\/2022\/revisions"}],"predecessor-version":[{"id":2099,"href":"https:\/\/classic-heimtiernahrung.de\/de\/wp-json\/wp\/v2\/product\/2022\/revisions\/2099"}],"wp:featuredmedia":[{"embeddable":true,"href":"https:\/\/classic-heimtiernahrung.de\/de\/wp-json\/wp\/v2\/media\/2023"}],"wp:attachment":[{"href":"https:\/\/classic-heimtiernahrung.de\/de\/wp-json\/wp\/v2\/media?parent=2022"}],"wp:term":[{"taxonomy":"product_brand","embeddable":true,"href":"https:\/\/classic-heimtiernahrung.de\/de\/wp-json\/wp\/v2\/product_brand?post=2022"},{"taxonomy":"product_cat","embeddable":true,"href":"https:\/\/classic-heimtiernahrung.de\/de\/wp-json\/wp\/v2\/product_cat?post=2022"},{"taxonomy":"product_tag","embeddable":true,"href":"https:\/\/classic-heimtiernahrung.de\/de\/wp-json\/wp\/v2\/product_tag?post=2022"}],"curies":[{"name":"wp","href":"https:\/\/api.w.org\/{rel}","templated":true}]}}