{"id":2012,"date":"2022-02-22T11:49:56","date_gmt":"2022-02-22T10:49:56","guid":{"rendered":"https:\/\/relaunch.classic-heimtiernahrung.de\/product\/cla-dog-snack-rindfleischstreifen-200g\/"},"modified":"2022-02-22T12:58:21","modified_gmt":"2022-02-22T11:58:21","slug":"cla-dog-snack-rindfleischstreifen-200g","status":"publish","type":"product","link":"https:\/\/classic-heimtiernahrung.de\/de\/product\/cla-dog-snack-rindfleischstreifen-200g\/","title":{"rendered":"Cla Dog Snack Rindfleischstreifen 200g"},"content":{"rendered":"<p>Rindfleischstreifen sind ein besonders magerer und herzhafter Leckerbissen f\u00fcr jeden Hund.<br \/>Sie sind nahrhaft, leicht verdaulich und somit ein idealer Snack f\u00fcr zwischendurch.<br \/>Die schmackhaften Rindfleischstreifen zeichnen sich durch einen geringen Kaloriengehalt aus.<\/p>\n<p>Beim Zerkauen werden gleichzeitig die Z\u00e4hne von Bel\u00e4gen befreit, das Zahnfleisch massiert und die Kaumuskeln gekr\u00e4ftigt.<br \/>Somit wird die Zahngesundheit auf nat\u00fcrliche Weise unterst\u00fctzt.<\/p>\n<p>Rindfleischstreifen werden in einem speziellen Verfahren schonend getrocknet. Trockenfleisch bietet eine ideale Alternative zu frischen Fleischteilen vom Metzger.<br \/>Es ist ebenso nahrhaft bei besserer Lagerf\u00e4higkeit und besitzt einen angenehmen Geruch.<\/p>\n<p>Rindfleischstreifen sind aus 100% nat\u00fcrlichem Fleisch, ohne k\u00fcnstliche Farbstoffe und ohne Konservierungsstoffe.<\/p>\n<p>Bitte lagern Sie dieses Produkt immer k\u00fchl und trocken.<\/p>\n<p><\/p>\n<h2>Inhaltsstoffe<\/h2>\n<p><\/p>\n<p><strong>Analytische Bestandteile<\/strong><\/p>\n<p>Rohprotein: 53,10%<\/p>\n<p>Fett: 28,60%<\/p>\n<p>Feuchtigkeit: 06,70%<\/p>\n<p>\u00a0<\/p>\n<p><\/p>\n<h2>F\u00fctterungsempfehlung<\/h2>\n<p><\/p>\n<p>Als Belohnungssnack erg\u00e4nzend zur gewohnten Hauptnahrung. Bitte immer ausreichend Wasser zur Verf\u00fcgung stellen.<\/p>\n","protected":false},"excerpt":{"rendered":"<p>Rindfleischstreifen sind ein schmackhafter Kausnack f\u00fcr Ihren Hund.Sie sind ideal als Belohnung oder zur Abwechslung auf dem Speiseplan geeignet.<\/p>\n","protected":false},"featured_media":2013,"template":"","meta":[],"product_brand":[],"product_cat":[55,57],"product_tag":[],"class_list":{"0":"post-2012","1":"product","2":"type-product","3":"status-publish","4":"has-post-thumbnail","6":"product_cat-classic-dog","7":"product_cat-classic-dog-trockenware","9":"first","10":"instock","11":"shipping-taxable","12":"purchasable","13":"product-type-simple"},"_links":{"self":[{"href":"https:\/\/classic-heimtiernahrung.de\/de\/wp-json\/wp\/v2\/product\/2012","targetHints":{"allow":["GET"]}}],"collection":[{"href":"https:\/\/classic-heimtiernahrung.de\/de\/wp-json\/wp\/v2\/product"}],"about":[{"href":"https:\/\/classic-heimtiernahrung.de\/de\/wp-json\/wp\/v2\/types\/product"}],"version-history":[{"count":1,"href":"https:\/\/classic-heimtiernahrung.de\/de\/wp-json\/wp\/v2\/product\/2012\/revisions"}],"predecessor-version":[{"id":2104,"href":"https:\/\/classic-heimtiernahrung.de\/de\/wp-json\/wp\/v2\/product\/2012\/revisions\/2104"}],"wp:featuredmedia":[{"embeddable":true,"href":"https:\/\/classic-heimtiernahrung.de\/de\/wp-json\/wp\/v2\/media\/2013"}],"wp:attachment":[{"href":"https:\/\/classic-heimtiernahrung.de\/de\/wp-json\/wp\/v2\/media?parent=2012"}],"wp:term":[{"taxonomy":"product_brand","embeddable":true,"href":"https:\/\/classic-heimtiernahrung.de\/de\/wp-json\/wp\/v2\/product_brand?post=2012"},{"taxonomy":"product_cat","embeddable":true,"href":"https:\/\/classic-heimtiernahrung.de\/de\/wp-json\/wp\/v2\/product_cat?post=2012"},{"taxonomy":"product_tag","embeddable":true,"href":"https:\/\/classic-heimtiernahrung.de\/de\/wp-json\/wp\/v2\/product_tag?post=2012"}],"curies":[{"name":"wp","href":"https:\/\/api.w.org\/{rel}","templated":true}]}}