{"id":1996,"date":"2022-02-22T11:45:59","date_gmt":"2022-02-22T10:45:59","guid":{"rendered":"https:\/\/relaunch.classic-heimtiernahrung.de\/product\/cla-dog-snack-rinderdoerrfleisch-gefuellt-200g\/"},"modified":"2022-02-22T12:58:23","modified_gmt":"2022-02-22T11:58:23","slug":"cla-dog-snack-rinderdoerrfleisch-gefuellt-200g","status":"publish","type":"product","link":"https:\/\/classic-heimtiernahrung.de\/de\/product\/cla-dog-snack-rinderdoerrfleisch-gefuellt-200g\/","title":{"rendered":"Cla Dog Snack Rinderd\u00f6rrfleisch gef\u00fcllt 200g"},"content":{"rendered":"<p>Das Rinderd\u00f6rrfleisch gef\u00fcllt hat eine F\u00fcllung aus Ochsenschw\u00e4nzen und ist ein besonders magerer und herzhafter Leckerbissen f\u00fcr jeden Hund. Es ist nahrhaft, leicht verdaulich und somit ein idealer Snack f\u00fcr zwischendurch. Das schmackhafte Rinderd\u00f6rrfleisch zeichnet sich durch einen geringen Kaloriengehalt aus.Beim Zerkauen werden gleichzeitig die Z\u00e4hne von Bel\u00e4gen befreit, das Zahnfleisch massiert und die Kaumuskeln gekr\u00e4ftigt. Somit wird die Zahngesundheit auf nat\u00fcrliche Weise unterst\u00fctzt.Die D\u00f6rrfleisch &#8211; Teile werden in einem speziellen Verfahren schonend getrocknet. Trockenfleisch bietet eine ideale Alternative zu frischen Fleischteilen vom Metzger. Es ist ebenso nahrhaft bei besserer Lagerf\u00e4higkeit und besitzt einen angenehmen Geruch.Rinderd\u00f6rrfleisch ist aus 100% nat\u00fcrlichem Fleisch, ohne k\u00fcnstliche Farbstoffe und ohne Konservierungsstoffe.Bitte lagern Sie dieses Produkt immer k\u00fchl und trocken.<\/p>\n<p><\/p>\n<h2>Inhaltsstoffe<\/h2>\n<p><\/p>\n<p><strong>Analytische Bestandteile:<\/strong><br \/>Rohprotein: 71,00%Fett: 16,00%Feuchtigkeit: 05,00%Rohasche: 01,50%<\/p>\n<p><\/p>\n<h2>F\u00fctterungsempfehlung<\/h2>\n<p><\/p>\n<p>Als Belohnungssnack erg\u00e4nzend zur gewohnten Hauptnahrung. Bitte immer ausreichend Wasser zur Verf\u00fcgung stellen.<\/p>\n","protected":false},"excerpt":{"rendered":"<p>Rinderd\u00f6rrfleisch ist ein besonders magerer und herzhafter Leckerbissen Belohnungssnack aus nat\u00fcrlichem Trockenfleisch f\u00fcr jeden Hund.<\/p>\n","protected":false},"featured_media":1997,"template":"","meta":[],"product_brand":[],"product_cat":[55,57],"product_tag":[],"class_list":{"0":"post-1996","1":"product","2":"type-product","3":"status-publish","4":"has-post-thumbnail","6":"product_cat-classic-dog","7":"product_cat-classic-dog-trockenware","9":"first","10":"instock","11":"shipping-taxable","12":"purchasable","13":"product-type-simple"},"_links":{"self":[{"href":"https:\/\/classic-heimtiernahrung.de\/de\/wp-json\/wp\/v2\/product\/1996","targetHints":{"allow":["GET"]}}],"collection":[{"href":"https:\/\/classic-heimtiernahrung.de\/de\/wp-json\/wp\/v2\/product"}],"about":[{"href":"https:\/\/classic-heimtiernahrung.de\/de\/wp-json\/wp\/v2\/types\/product"}],"version-history":[{"count":1,"href":"https:\/\/classic-heimtiernahrung.de\/de\/wp-json\/wp\/v2\/product\/1996\/revisions"}],"predecessor-version":[{"id":2112,"href":"https:\/\/classic-heimtiernahrung.de\/de\/wp-json\/wp\/v2\/product\/1996\/revisions\/2112"}],"wp:featuredmedia":[{"embeddable":true,"href":"https:\/\/classic-heimtiernahrung.de\/de\/wp-json\/wp\/v2\/media\/1997"}],"wp:attachment":[{"href":"https:\/\/classic-heimtiernahrung.de\/de\/wp-json\/wp\/v2\/media?parent=1996"}],"wp:term":[{"taxonomy":"product_brand","embeddable":true,"href":"https:\/\/classic-heimtiernahrung.de\/de\/wp-json\/wp\/v2\/product_brand?post=1996"},{"taxonomy":"product_cat","embeddable":true,"href":"https:\/\/classic-heimtiernahrung.de\/de\/wp-json\/wp\/v2\/product_cat?post=1996"},{"taxonomy":"product_tag","embeddable":true,"href":"https:\/\/classic-heimtiernahrung.de\/de\/wp-json\/wp\/v2\/product_tag?post=1996"}],"curies":[{"name":"wp","href":"https:\/\/api.w.org\/{rel}","templated":true}]}}