{"id":1986,"date":"2022-02-22T11:43:33","date_gmt":"2022-02-22T10:43:33","guid":{"rendered":"https:\/\/relaunch.classic-heimtiernahrung.de\/product\/cla-dog-snack-entenfleisch-trainee-wuerfel-500g\/"},"modified":"2022-02-22T12:58:23","modified_gmt":"2022-02-22T11:58:23","slug":"cla-dog-snack-entenfleisch-trainee-wuerfel-500g","status":"publish","type":"product","link":"https:\/\/classic-heimtiernahrung.de\/de\/product\/cla-dog-snack-entenfleisch-trainee-wuerfel-500g\/","title":{"rendered":"Cla Dog Snack Entenfleisch Trainee &#8211; W\u00fcrfel 500g"},"content":{"rendered":"<p>Entenfleisch-Trainee-W\u00fcrfel sind ein schmackhafter Kausnack f\u00fcr Ihren Hund.<\/p>\n<p>Sie sind ideal als Belohnung oder zur Abwechslung auf dem Speiseplan geeignet.<br \/>Beim Zerkauen werden gleichzeitig die Z\u00e4hne von Bel\u00e4gen befreit, das Zahnfleisch massiert und die Kaumuskeln gekr\u00e4ftigt. Trockensnacks bieten eine ideale Alternative zu frischen Fleischteilen vom Metzger. Es ist ebenso nahrhaft, bei l\u00e4ngerer Lagerf\u00e4higkeit und angenehmeren Geruch.<\/p>\n<p>Entenfleisch-Trainee-W\u00fcrfel bestehen aus nat\u00fcrlichem Fleisch ohne k\u00fcnstliche Farbstoffe und ohne Konservierungsstoffe.<\/p>\n<p>Bitte lagern Sie dieses Produkt immer k\u00fchl und trocken.<\/p>\n<p><\/p>\n<h2>Inhaltsstoffe<\/h2>\n<p><\/p>\n<p><strong>Inhaltsstoffe<\/strong><\/p>\n<p>Rohprotein: 49,20%<\/p>\n<p>Rohfett: 28,80%<\/p>\n<p>Feuchtigkeit: 08,70%<\/p>\n<p>Rohasche: 10,70%<\/p>\n<p>\u00a0<\/p>\n<p><\/p>\n<h2>F\u00fctterungsempfehlung<\/h2>\n<p><\/p>\n<p>Als Belohnungssnack erg\u00e4nzend zur gewohnten Hauptnahrung.<\/p>\n<p>Die Menge der Hauptnahrung bei Bedarf reduzieren.<\/p>\n<p>Bitte stellen Sie Ihrem Hund immer ausreichend Wasser zur Verf\u00fcgung.<\/p>\n","protected":false},"excerpt":{"rendered":"<p>Entenfleisch Trainee &#8211; W\u00fcrfel sind ein schmackhafter Kausnack f\u00fcr Ihren Hund.Sie sind ideal als Belohnung oder zur Abwechslung auf dem Speiseplan geeignet.<\/p>\n","protected":false},"featured_media":1987,"template":"","meta":[],"product_brand":[],"product_cat":[55,57],"product_tag":[],"class_list":{"0":"post-1986","1":"product","2":"type-product","3":"status-publish","4":"has-post-thumbnail","6":"product_cat-classic-dog","7":"product_cat-classic-dog-trockenware","9":"first","10":"instock","11":"shipping-taxable","12":"purchasable","13":"product-type-simple"},"_links":{"self":[{"href":"https:\/\/classic-heimtiernahrung.de\/de\/wp-json\/wp\/v2\/product\/1986","targetHints":{"allow":["GET"]}}],"collection":[{"href":"https:\/\/classic-heimtiernahrung.de\/de\/wp-json\/wp\/v2\/product"}],"about":[{"href":"https:\/\/classic-heimtiernahrung.de\/de\/wp-json\/wp\/v2\/types\/product"}],"version-history":[{"count":1,"href":"https:\/\/classic-heimtiernahrung.de\/de\/wp-json\/wp\/v2\/product\/1986\/revisions"}],"predecessor-version":[{"id":2117,"href":"https:\/\/classic-heimtiernahrung.de\/de\/wp-json\/wp\/v2\/product\/1986\/revisions\/2117"}],"wp:featuredmedia":[{"embeddable":true,"href":"https:\/\/classic-heimtiernahrung.de\/de\/wp-json\/wp\/v2\/media\/1987"}],"wp:attachment":[{"href":"https:\/\/classic-heimtiernahrung.de\/de\/wp-json\/wp\/v2\/media?parent=1986"}],"wp:term":[{"taxonomy":"product_brand","embeddable":true,"href":"https:\/\/classic-heimtiernahrung.de\/de\/wp-json\/wp\/v2\/product_brand?post=1986"},{"taxonomy":"product_cat","embeddable":true,"href":"https:\/\/classic-heimtiernahrung.de\/de\/wp-json\/wp\/v2\/product_cat?post=1986"},{"taxonomy":"product_tag","embeddable":true,"href":"https:\/\/classic-heimtiernahrung.de\/de\/wp-json\/wp\/v2\/product_tag?post=1986"}],"curies":[{"name":"wp","href":"https:\/\/api.w.org\/{rel}","templated":true}]}}