{"id":1944,"date":"2022-02-22T11:32:44","date_gmt":"2022-02-22T10:32:44","guid":{"rendered":"https:\/\/relaunch.classic-heimtiernahrung.de\/product\/classic-hunde-snack-rinderherzen-trainingshappen-1kg\/"},"modified":"2022-02-22T12:58:27","modified_gmt":"2022-02-22T11:58:27","slug":"classic-hunde-snack-rinderherzen-trainingshappen-1kg","status":"publish","type":"product","link":"https:\/\/classic-heimtiernahrung.de\/de\/product\/classic-hunde-snack-rinderherzen-trainingshappen-1kg\/","title":{"rendered":"Classic Hunde Snack Rinderherzen Trainingshappen 1kg"},"content":{"rendered":"<p>Rinderherzen-Trainingshappen &#8211; Das schmackhafte Rinderherz als praktische kleine Happen. Die beste Alternative f\u00fcr Zwischendurch als kleine Belohnung.<br \/>Unsere Rinderherzen-Trainingshappen werden in einem speziellen Verfahren schonend getrocknet. Trockenfleisch bietet eine ideale Alternative zu frischen Fleischteilen vom Metzger. Es ist ebenso nahrhaft bei l\u00e4ngerer Lagerf\u00e4higkeit und angenehmeren Geruch. Classic Hundekausnacks bestehen aus 100% nat\u00fcrlichem Fleisch ohne k\u00fcnstliche Farbstoffe und ohne Konservierungsstoffe.<\/p>\n<p><\/p>\n<h2>Inhaltsstoffe<\/h2>\n<p><\/p>\n<p>100% Rinderherz &#8211; luftgetrocknet<\/p>\n<p><strong>Analytische Bestandteile<\/strong>:<br \/>Rohprotein: 73,50%, Rohfett: 10,40%, Rohasche: 02,60%, Feuchtigkeit: 04,60%<\/p>\n<p><\/p>\n<h2>F\u00fctterungsempfehlung<\/h2>\n<p><\/p>\n<p>Als Belohnungssnack erg\u00e4nzend zur gewohnten Hauptnahrung.<\/p>\n<p>Bitte immer ausreichend frisches Wasser zur Verf\u00fcgung stellen.<\/p>\n<p>Bitte lagern Sie dieses Produkt immer k\u00fchl und trocken.<\/p>\n","protected":false},"excerpt":{"rendered":"<p>Ein leckerer Kausnack f\u00fcr Ihren Hund.<\/p>\n","protected":false},"featured_media":1945,"template":"","meta":[],"product_brand":[],"product_cat":[55,57],"product_tag":[],"class_list":{"0":"post-1944","1":"product","2":"type-product","3":"status-publish","4":"has-post-thumbnail","6":"product_cat-classic-dog","7":"product_cat-classic-dog-trockenware","9":"first","10":"instock","11":"shipping-taxable","12":"purchasable","13":"product-type-simple"},"_links":{"self":[{"href":"https:\/\/classic-heimtiernahrung.de\/de\/wp-json\/wp\/v2\/product\/1944","targetHints":{"allow":["GET"]}}],"collection":[{"href":"https:\/\/classic-heimtiernahrung.de\/de\/wp-json\/wp\/v2\/product"}],"about":[{"href":"https:\/\/classic-heimtiernahrung.de\/de\/wp-json\/wp\/v2\/types\/product"}],"version-history":[{"count":1,"href":"https:\/\/classic-heimtiernahrung.de\/de\/wp-json\/wp\/v2\/product\/1944\/revisions"}],"predecessor-version":[{"id":2138,"href":"https:\/\/classic-heimtiernahrung.de\/de\/wp-json\/wp\/v2\/product\/1944\/revisions\/2138"}],"wp:featuredmedia":[{"embeddable":true,"href":"https:\/\/classic-heimtiernahrung.de\/de\/wp-json\/wp\/v2\/media\/1945"}],"wp:attachment":[{"href":"https:\/\/classic-heimtiernahrung.de\/de\/wp-json\/wp\/v2\/media?parent=1944"}],"wp:term":[{"taxonomy":"product_brand","embeddable":true,"href":"https:\/\/classic-heimtiernahrung.de\/de\/wp-json\/wp\/v2\/product_brand?post=1944"},{"taxonomy":"product_cat","embeddable":true,"href":"https:\/\/classic-heimtiernahrung.de\/de\/wp-json\/wp\/v2\/product_cat?post=1944"},{"taxonomy":"product_tag","embeddable":true,"href":"https:\/\/classic-heimtiernahrung.de\/de\/wp-json\/wp\/v2\/product_tag?post=1944"}],"curies":[{"name":"wp","href":"https:\/\/api.w.org\/{rel}","templated":true}]}}