{"id":1894,"date":"2022-02-22T11:18:36","date_gmt":"2022-02-22T10:18:36","guid":{"rendered":"https:\/\/relaunch.classic-heimtiernahrung.de\/product\/classic-hunde-snack-sprotten-getrocknet-100-g\/"},"modified":"2022-02-22T12:58:32","modified_gmt":"2022-02-22T11:58:32","slug":"classic-hunde-snack-sprotten-getrocknet-100-g","status":"publish","type":"product","link":"https:\/\/classic-heimtiernahrung.de\/de\/product\/classic-hunde-snack-sprotten-getrocknet-100-g\/","title":{"rendered":"Classic Hunde Snack Sprotten getrocknet 100 g"},"content":{"rendered":"<p>Der schonend getrocknete Fisch Snack bietet eine sehr gute, einfache M\u00f6glichkeit, Ihrem Tier hochwertiges, nat\u00fcrliches Eiwei\u00df zuzuf\u00fchren.<br \/>Trockenfische eignen sich hervorragend als Erg\u00e4nzungsfutter f\u00fcr Hunde.<br \/>Bei geringem Fettanteil sind die Fische reich an Vitaminen und Mineralien.<br \/>Das sorgt zusammen mit dem hohen Proteingehalt f\u00fcr gesunde Haut und sch\u00f6nes Fell.<\/p>\n<p>Beim Zerkauen werden gleichzeitig die Z\u00e4hne von Bel\u00e4gen befreit und das Zahnfleisch massiert.<\/p>\n<p>Fisch getrocknet ist aus 100% nat\u00fcrlichen Rohstoffen, ohne k\u00fcnstliche Konservierungsstoffe.<\/p>\n<p>Bitte lagern Sie dieses Produkt immer k\u00fchl und trocken.<\/p>\n<p><\/p>\n<h2>Inhaltsstoffe<\/h2>\n<p><\/p>\n<p>Protein: 62,90% Fett: 18,30% Feuchtigkeit: 12,00%<\/p>\n<p><\/p>\n<h2>F\u00fctterungsempfehlung<\/h2>\n<p><\/p>\n<p>Als Belohnungssnack erg\u00e4nzend zur gewohnten Hauptnahrung. Bitte immer ausreichend Wasser zur Verf\u00fcgung stellen.<\/p>\n","protected":false},"excerpt":{"rendered":"<p>Der schonend getrocknete Fisch bietet eine sehr gute, einfache M\u00f6glichkeit, Ihrem Tier hochwertiges, nat\u00fcrliches Eiwei\u00df zuzuf\u00fchren. Herzhafter und bek\u00f6mmlicher Trockenfisch, als Belohnung oder f\u00fcr zwischendurch.<\/p>\n","protected":false},"featured_media":1895,"template":"","meta":[],"product_brand":[],"product_cat":[55,57],"product_tag":[],"class_list":{"0":"post-1894","1":"product","2":"type-product","3":"status-publish","4":"has-post-thumbnail","6":"product_cat-classic-dog","7":"product_cat-classic-dog-trockenware","9":"first","10":"instock","11":"shipping-taxable","12":"purchasable","13":"product-type-simple"},"_links":{"self":[{"href":"https:\/\/classic-heimtiernahrung.de\/de\/wp-json\/wp\/v2\/product\/1894","targetHints":{"allow":["GET"]}}],"collection":[{"href":"https:\/\/classic-heimtiernahrung.de\/de\/wp-json\/wp\/v2\/product"}],"about":[{"href":"https:\/\/classic-heimtiernahrung.de\/de\/wp-json\/wp\/v2\/types\/product"}],"version-history":[{"count":1,"href":"https:\/\/classic-heimtiernahrung.de\/de\/wp-json\/wp\/v2\/product\/1894\/revisions"}],"predecessor-version":[{"id":2163,"href":"https:\/\/classic-heimtiernahrung.de\/de\/wp-json\/wp\/v2\/product\/1894\/revisions\/2163"}],"wp:featuredmedia":[{"embeddable":true,"href":"https:\/\/classic-heimtiernahrung.de\/de\/wp-json\/wp\/v2\/media\/1895"}],"wp:attachment":[{"href":"https:\/\/classic-heimtiernahrung.de\/de\/wp-json\/wp\/v2\/media?parent=1894"}],"wp:term":[{"taxonomy":"product_brand","embeddable":true,"href":"https:\/\/classic-heimtiernahrung.de\/de\/wp-json\/wp\/v2\/product_brand?post=1894"},{"taxonomy":"product_cat","embeddable":true,"href":"https:\/\/classic-heimtiernahrung.de\/de\/wp-json\/wp\/v2\/product_cat?post=1894"},{"taxonomy":"product_tag","embeddable":true,"href":"https:\/\/classic-heimtiernahrung.de\/de\/wp-json\/wp\/v2\/product_tag?post=1894"}],"curies":[{"name":"wp","href":"https:\/\/api.w.org\/{rel}","templated":true}]}}