{"id":1888,"date":"2022-02-22T11:16:42","date_gmt":"2022-02-22T10:16:42","guid":{"rendered":"https:\/\/relaunch.classic-heimtiernahrung.de\/product\/classic-hunde-snack-pferdeohren-mit-fell-500g-im-beutel\/"},"modified":"2022-02-22T12:58:32","modified_gmt":"2022-02-22T11:58:32","slug":"classic-hunde-snack-pferdeohren-mit-fell-500g-im-beutel","status":"publish","type":"product","link":"https:\/\/classic-heimtiernahrung.de\/de\/product\/classic-hunde-snack-pferdeohren-mit-fell-500g-im-beutel\/","title":{"rendered":"Classic Hunde Snack Pferdeohren mit Fell 500g im Beutel"},"content":{"rendered":"<p> Pferdeohren mit Fell sind ein ideales Kauvergn&uuml;gen f&uuml;r Hunde mit Allergien. Aufgrund ihrer Gr&ouml;&szlig;e auch f&uuml;r kleinere Rassen geeignet.<\/p>\n<p><\/p>\n<h2>Inhaltsstoffe<\/h2>\n<p><\/p>\n<p>Protein: 68,10% Fett: 08,50% Feuchtigkeit: 07,10%<\/p>\n<p><\/p>\n<h2>F\u00fctterungsempfehlung<\/h2>\n<p><\/p>\n<p> Belohungssnack. Bitte stellen Sie Ihrem Vierbeiner immer gen&uuml;gend Wasser zur Verf&uuml;gung.<\/p>\n","protected":false},"excerpt":{"rendered":"<p>Einzelfuttermittel f\u00fcr Hunde. F\u00fcr ern\u00e4hrungsempfindliche Hunde geeignet.<\/p>\n","protected":false},"featured_media":1889,"template":"","meta":[],"product_brand":[],"product_cat":[55,57],"product_tag":[],"class_list":{"0":"post-1888","1":"product","2":"type-product","3":"status-publish","4":"has-post-thumbnail","6":"product_cat-classic-dog","7":"product_cat-classic-dog-trockenware","9":"first","10":"instock","11":"shipping-taxable","12":"purchasable","13":"product-type-simple"},"_links":{"self":[{"href":"https:\/\/classic-heimtiernahrung.de\/de\/wp-json\/wp\/v2\/product\/1888","targetHints":{"allow":["GET"]}}],"collection":[{"href":"https:\/\/classic-heimtiernahrung.de\/de\/wp-json\/wp\/v2\/product"}],"about":[{"href":"https:\/\/classic-heimtiernahrung.de\/de\/wp-json\/wp\/v2\/types\/product"}],"version-history":[{"count":1,"href":"https:\/\/classic-heimtiernahrung.de\/de\/wp-json\/wp\/v2\/product\/1888\/revisions"}],"predecessor-version":[{"id":2166,"href":"https:\/\/classic-heimtiernahrung.de\/de\/wp-json\/wp\/v2\/product\/1888\/revisions\/2166"}],"wp:featuredmedia":[{"embeddable":true,"href":"https:\/\/classic-heimtiernahrung.de\/de\/wp-json\/wp\/v2\/media\/1889"}],"wp:attachment":[{"href":"https:\/\/classic-heimtiernahrung.de\/de\/wp-json\/wp\/v2\/media?parent=1888"}],"wp:term":[{"taxonomy":"product_brand","embeddable":true,"href":"https:\/\/classic-heimtiernahrung.de\/de\/wp-json\/wp\/v2\/product_brand?post=1888"},{"taxonomy":"product_cat","embeddable":true,"href":"https:\/\/classic-heimtiernahrung.de\/de\/wp-json\/wp\/v2\/product_cat?post=1888"},{"taxonomy":"product_tag","embeddable":true,"href":"https:\/\/classic-heimtiernahrung.de\/de\/wp-json\/wp\/v2\/product_tag?post=1888"}],"curies":[{"name":"wp","href":"https:\/\/api.w.org\/{rel}","templated":true}]}}