{"id":1876,"date":"2022-02-22T11:13:22","date_gmt":"2022-02-22T10:13:22","guid":{"rendered":"https:\/\/relaunch.classic-heimtiernahrung.de\/product\/classic-hunde-snack-rinderohren-kleine-rassen-5-er-2\/"},"modified":"2022-02-22T12:58:34","modified_gmt":"2022-02-22T11:58:34","slug":"classic-hunde-snack-rinderohren-kleine-rassen-5-er-2","status":"publish","type":"product","link":"https:\/\/classic-heimtiernahrung.de\/de\/product\/classic-hunde-snack-rinderohren-kleine-rassen-5-er-2\/","title":{"rendered":"Classic Hunde Snack Rinderohren kleine Rassen 5 er"},"content":{"rendered":"<p> Rinderohren sind ein Belohnungssnack aus nat&uuml;rlichem Trockenfleisch.<\/p>\n<p> Rinderohren sind herzhafte und kr&auml;ftige Leckerbissen f&uuml;r jeden Hund.<br \/> Sie sind nahrhaft, leicht verdaulich und somit ein idealer Snack f&uuml;r zwischendurch.<br \/> Rinderohren sind fettarm und frei von chemischen Zus&auml;tzen und Zusatzstoffen wie z.B. Zucker.<\/p>\n<p> Dieser Snack entspricht, wie auch Muskelfleisch und Innereien dem urspr&uuml;nglichen Beutefleisch Ihres Hundes.<br \/> Beim Zerkauen werden gleichzeitig die Z&auml;hne von Bel&auml;gen befreit, das Zahnfleisch massiert und die Kaumuskeln gekr&auml;ftigt.<\/p>\n<p> Die Rinderohren werden in einem speziellen Verfahren schonend getrocknet.<br \/> Trockenfleisch bietet eine ideale Alternative zu frischen Fleischteilen vom Metzger.<br \/> Es ist ebenso nahrhaft bei besserer Lagerf&auml;higkeit und besitzt einen angenehmen Geruch.<\/p>\n<p> Rinderohren sind aus 100% nat&uuml;rlichem Fleisch ohne k&uuml;nstliche Farbstoffe und ohne Konservierungsstoffe.<\/p>\n<p> Bitte lagern Sie dieses Produkt immer k&uuml;hl und trocken.<\/p>\n<p><\/p>\n<h2>Inhaltsstoffe<\/h2>\n<p><\/p>\n<p>Protein: 80,36% Fett: 08,11% Feuchtigkeit: 07,34%<\/p>\n<p><\/p>\n<h2>F\u00fctterungsempfehlung<\/h2>\n<p><\/p>\n<p> Als Belohnungssnack erg&auml;nzend zur gewohnten Hauptnahrung. Bitte immer ausreichend Wasser zur Verf&uuml;gung stellen.<\/p>\n","protected":false},"excerpt":{"rendered":"<p>Mit Rinderohren belohnen Sie Ihren Hund auf gesunde, nat\u00fcrliche Weise. Die leckeren Fleischsnacks regen zum Kauen an und unterst\u00fctzen gleichzeitig die Gesundheit von Z\u00e4hnen und Zahnfleisch.<\/p>\n","protected":false},"featured_media":1877,"template":"","meta":[],"product_brand":[],"product_cat":[55,57],"product_tag":[],"class_list":{"0":"post-1876","1":"product","2":"type-product","3":"status-publish","4":"has-post-thumbnail","6":"product_cat-classic-dog","7":"product_cat-classic-dog-trockenware","9":"first","10":"instock","11":"shipping-taxable","12":"purchasable","13":"product-type-simple"},"_links":{"self":[{"href":"https:\/\/classic-heimtiernahrung.de\/de\/wp-json\/wp\/v2\/product\/1876","targetHints":{"allow":["GET"]}}],"collection":[{"href":"https:\/\/classic-heimtiernahrung.de\/de\/wp-json\/wp\/v2\/product"}],"about":[{"href":"https:\/\/classic-heimtiernahrung.de\/de\/wp-json\/wp\/v2\/types\/product"}],"version-history":[{"count":1,"href":"https:\/\/classic-heimtiernahrung.de\/de\/wp-json\/wp\/v2\/product\/1876\/revisions"}],"predecessor-version":[{"id":2172,"href":"https:\/\/classic-heimtiernahrung.de\/de\/wp-json\/wp\/v2\/product\/1876\/revisions\/2172"}],"wp:featuredmedia":[{"embeddable":true,"href":"https:\/\/classic-heimtiernahrung.de\/de\/wp-json\/wp\/v2\/media\/1877"}],"wp:attachment":[{"href":"https:\/\/classic-heimtiernahrung.de\/de\/wp-json\/wp\/v2\/media?parent=1876"}],"wp:term":[{"taxonomy":"product_brand","embeddable":true,"href":"https:\/\/classic-heimtiernahrung.de\/de\/wp-json\/wp\/v2\/product_brand?post=1876"},{"taxonomy":"product_cat","embeddable":true,"href":"https:\/\/classic-heimtiernahrung.de\/de\/wp-json\/wp\/v2\/product_cat?post=1876"},{"taxonomy":"product_tag","embeddable":true,"href":"https:\/\/classic-heimtiernahrung.de\/de\/wp-json\/wp\/v2\/product_tag?post=1876"}],"curies":[{"name":"wp","href":"https:\/\/api.w.org\/{rel}","templated":true}]}}