{"id":1872,"date":"2022-02-22T11:11:54","date_gmt":"2022-02-22T10:11:54","guid":{"rendered":"https:\/\/relaunch.classic-heimtiernahrung.de\/product\/classic-hunde-snack-lammluftroehren-250-g\/"},"modified":"2022-02-22T12:58:34","modified_gmt":"2022-02-22T11:58:34","slug":"classic-hunde-snack-lammluftroehren-250-g","status":"publish","type":"product","link":"https:\/\/classic-heimtiernahrung.de\/de\/product\/classic-hunde-snack-lammluftroehren-250-g\/","title":{"rendered":"Classic Hunde Snack Lammluftr\u00f6hren 250 g"},"content":{"rendered":"<p> Lammluftr&ouml;hren sind aufgrund des geringen Fettgehalts eine ideale kalorienarme Zwischenmahlzeit f&uuml;r jeden Hund.Die Lammluftr&ouml;hren sind ein herzhafter und fettarmer Leckerbissen f&uuml;r alle Hunderassen.Sie sind nahrhaft, leicht verdaulich und somit ein idealer Snack f&uuml;r zwischendurch.Beim Zerkauen werden gleichzeitig die Z&auml;hne von Bel&auml;gen befreit, das Zahnfleisch massiert und die Kaumuskeln gekr&auml;ftigt.Die Lammluftr&ouml;hren werden in einem speziellen Verfahren schonend getrocknet.Trockenfleisch bietet eine ideale Alternative zu frischen Fleischteilen vom Metzger.Es ist ebenso nahrhaft aber l&auml;nger haltbar und besitzt einen angenehmeren Geruch.Lammluftr&ouml;hren sind 100% nat&uuml;rliches Fleisch ohne den Zusatz k&uuml;nstlicher Konservierungsstoffe.Bitte lagern Sie dieses Produkt immer k&uuml;hl und trocken.<\/p>\n<p><\/p>\n<h2>Inhaltsstoffe<\/h2>\n<p><\/p>\n<p>Protein: 60,26% Fett: 30,56% Feuchtigkeit: 05,56%<\/p>\n<p><\/p>\n<h2>F\u00fctterungsempfehlung<\/h2>\n<p><\/p>\n<p> Als Belohnungssnack erg&auml;nzend zur gewohnten Hauptnahrung. Bitte immer ausreichend Wasser zur Verf&uuml;gung stellen.<\/p>\n","protected":false},"excerpt":{"rendered":"<p>Mit Lammluftr\u00f6hren belohnen sie Ihren Hund auf gesunde, nat\u00fcrliche Weise. Die leckeren Fleischsnacks regen zum Kauen an und unterst\u00fctzen gleichzeitig die Gesundheit von Z\u00e4hnen und Zahnfleisch.<\/p>\n","protected":false},"featured_media":1873,"template":"","meta":[],"product_brand":[],"product_cat":[55,57],"product_tag":[],"class_list":{"0":"post-1872","1":"product","2":"type-product","3":"status-publish","4":"has-post-thumbnail","6":"product_cat-classic-dog","7":"product_cat-classic-dog-trockenware","9":"first","10":"instock","11":"shipping-taxable","12":"purchasable","13":"product-type-simple"},"_links":{"self":[{"href":"https:\/\/classic-heimtiernahrung.de\/de\/wp-json\/wp\/v2\/product\/1872","targetHints":{"allow":["GET"]}}],"collection":[{"href":"https:\/\/classic-heimtiernahrung.de\/de\/wp-json\/wp\/v2\/product"}],"about":[{"href":"https:\/\/classic-heimtiernahrung.de\/de\/wp-json\/wp\/v2\/types\/product"}],"version-history":[{"count":1,"href":"https:\/\/classic-heimtiernahrung.de\/de\/wp-json\/wp\/v2\/product\/1872\/revisions"}],"predecessor-version":[{"id":2174,"href":"https:\/\/classic-heimtiernahrung.de\/de\/wp-json\/wp\/v2\/product\/1872\/revisions\/2174"}],"wp:featuredmedia":[{"embeddable":true,"href":"https:\/\/classic-heimtiernahrung.de\/de\/wp-json\/wp\/v2\/media\/1873"}],"wp:attachment":[{"href":"https:\/\/classic-heimtiernahrung.de\/de\/wp-json\/wp\/v2\/media?parent=1872"}],"wp:term":[{"taxonomy":"product_brand","embeddable":true,"href":"https:\/\/classic-heimtiernahrung.de\/de\/wp-json\/wp\/v2\/product_brand?post=1872"},{"taxonomy":"product_cat","embeddable":true,"href":"https:\/\/classic-heimtiernahrung.de\/de\/wp-json\/wp\/v2\/product_cat?post=1872"},{"taxonomy":"product_tag","embeddable":true,"href":"https:\/\/classic-heimtiernahrung.de\/de\/wp-json\/wp\/v2\/product_tag?post=1872"}],"curies":[{"name":"wp","href":"https:\/\/api.w.org\/{rel}","templated":true}]}}