{"id":1870,"date":"2022-02-22T11:11:28","date_gmt":"2022-02-22T10:11:28","guid":{"rendered":"https:\/\/relaunch.classic-heimtiernahrung.de\/product\/classic-hunde-snack-lammluftroehren-1-kg\/"},"modified":"2022-02-22T12:58:34","modified_gmt":"2022-02-22T11:58:34","slug":"classic-hunde-snack-lammluftroehren-1-kg","status":"publish","type":"product","link":"https:\/\/classic-heimtiernahrung.de\/de\/product\/classic-hunde-snack-lammluftroehren-1-kg\/","title":{"rendered":"Classic Hunde Snack Lammluftr\u00f6hren 1 kg"},"content":{"rendered":"<p>Lammluftr\u00f6hren sind aufgrund des geringen Fettgehalts eine ideale kalorienarme Zwischenmahlzeit f\u00fcr jeden Hund.Die Lammluftr\u00f6hren sind ein herzhafter und fettarmer Leckerbissen f\u00fcr alle Hunderassen.Sie sind nahrhaft, leicht verdaulich und somit ein idealer Snack f\u00fcr zwischendurch.Beim Zerkauen werden gleichzeitig die Z\u00e4hne von Bel\u00e4gen befreit, das Zahnfleisch massiert und die Kaumuskeln gekr\u00e4ftigt.Die Lammluftr\u00f6hren werden in einem speziellen Verfahren schonend getrocknet.Trockenfleisch bietet eine ideale Alternative zu frischen Fleischteilen vom Metzger.Es ist ebenso nahrhaft aber l\u00e4nger haltbar und besitzt einen angenehmeren Geruch.Lammluftr\u00f6hren sind 100% nat\u00fcrliches Fleisch ohne den Zusatz k\u00fcnstlicher Konservierungsstoffe.Bitte lagern Sie dieses Produkt immer k\u00fchl und trocken.<\/p>\n<p><\/p>\n<h2>Inhaltsstoffe<\/h2>\n<p><\/p>\n<p>Protein: 60,26% Fett: 30,56% Feuchtigkeit: 05,56%<\/p>\n<p><\/p>\n<h2>F\u00fctterungsempfehlung<\/h2>\n<p><\/p>\n<p> Als Belohnungssnack erg&auml;nzend zur gewohnten Hauptnahrung. Bitte immer ausreichend Wasser zur Verf&uuml;gung stellen.<\/p>\n","protected":false},"excerpt":{"rendered":"<p>Mit Lammluftr\u00f6hren belohnen Sie ihren Hund mit einem leckeren Kauvergn\u00fcgen<\/p>\n","protected":false},"featured_media":1871,"template":"","meta":[],"product_brand":[],"product_cat":[55,57],"product_tag":[],"class_list":{"0":"post-1870","1":"product","2":"type-product","3":"status-publish","4":"has-post-thumbnail","6":"product_cat-classic-dog","7":"product_cat-classic-dog-trockenware","9":"first","10":"instock","11":"shipping-taxable","12":"purchasable","13":"product-type-simple"},"_links":{"self":[{"href":"https:\/\/classic-heimtiernahrung.de\/de\/wp-json\/wp\/v2\/product\/1870","targetHints":{"allow":["GET"]}}],"collection":[{"href":"https:\/\/classic-heimtiernahrung.de\/de\/wp-json\/wp\/v2\/product"}],"about":[{"href":"https:\/\/classic-heimtiernahrung.de\/de\/wp-json\/wp\/v2\/types\/product"}],"version-history":[{"count":1,"href":"https:\/\/classic-heimtiernahrung.de\/de\/wp-json\/wp\/v2\/product\/1870\/revisions"}],"predecessor-version":[{"id":2175,"href":"https:\/\/classic-heimtiernahrung.de\/de\/wp-json\/wp\/v2\/product\/1870\/revisions\/2175"}],"wp:featuredmedia":[{"embeddable":true,"href":"https:\/\/classic-heimtiernahrung.de\/de\/wp-json\/wp\/v2\/media\/1871"}],"wp:attachment":[{"href":"https:\/\/classic-heimtiernahrung.de\/de\/wp-json\/wp\/v2\/media?parent=1870"}],"wp:term":[{"taxonomy":"product_brand","embeddable":true,"href":"https:\/\/classic-heimtiernahrung.de\/de\/wp-json\/wp\/v2\/product_brand?post=1870"},{"taxonomy":"product_cat","embeddable":true,"href":"https:\/\/classic-heimtiernahrung.de\/de\/wp-json\/wp\/v2\/product_cat?post=1870"},{"taxonomy":"product_tag","embeddable":true,"href":"https:\/\/classic-heimtiernahrung.de\/de\/wp-json\/wp\/v2\/product_tag?post=1870"}],"curies":[{"name":"wp","href":"https:\/\/api.w.org\/{rel}","templated":true}]}}