{"id":1862,"date":"2022-02-22T11:09:26","date_gmt":"2022-02-22T10:09:26","guid":{"rendered":"https:\/\/relaunch.classic-heimtiernahrung.de\/product\/classic-hunde-snack-schweineknochen-geraeuchert-1-stueck\/"},"modified":"2022-02-22T12:58:35","modified_gmt":"2022-02-22T11:58:35","slug":"classic-hunde-snack-schweineknochen-geraeuchert-1-stueck","status":"publish","type":"product","link":"https:\/\/classic-heimtiernahrung.de\/de\/product\/classic-hunde-snack-schweineknochen-geraeuchert-1-stueck\/","title":{"rendered":"Classic Hunde Snack Schweineknochen ger\u00e4uchert 1 St\u00fcck"},"content":{"rendered":"<p>Schweineknochen ger\u00e4uchert ist der intensive Kaugenuss f\u00fcr Ihren Hund<\/p>\n<p>Der ger\u00e4uchert Schweineknochen garantiert durch einen gro\u00dfen Fleisch- und Knorpelanteil einen langen und schmackhaften Kaugenuss. Ganz nebenbei werden die Kaumuskeln trainiert und das Gebiss von Bel\u00e4gen ges\u00e4ubert.<br \/>Durch ein spezielles R\u00e4ucherverfahren wurde das Fleisch am Knochen konserviert.<br \/>Dadurch erh\u00e4lt der Knochen ein intensives Aroma einen und besonders leckeren Geschmack.<\/p>\n<p>Schweineknochen ger\u00e4uchert ist ein reines Naturprodukt.<br \/>Je nach Gr\u00f6\u00dfe ist er f\u00fcr mittlere bis gro\u00dfe Hunde geeignet.<\/p>\n<p>Bitte beachten Sie, dass diese Knochen nur zum abnagen, nicht aber zum auffressen geeignet sind, da es sich um einen sogenannten R\u00f6hrenknochen handelt, kann ein Splittern nicht komplett ausgeschlossen werden.<\/p>\n<p>Bitte lagern Sie dieses Produkt immer k\u00fchl und trocken.<\/p>\n<p><\/p>\n<h2>Inhaltsstoffe<\/h2>\n<p><\/p>\n<p>Protein: 28,20% Fett: 29,00% Feuchtigkeit: 21,20%<\/p>\n<p><\/p>\n<h2>F\u00fctterungsempfehlung<\/h2>\n<p><\/p>\n<p>Als Belohnungssnack erg\u00e4nzend zur gewohnten Hauptnahrung. Bitte immer ausreichend Wasser zur Verf\u00fcgung stellen.<\/p>\n","protected":false},"excerpt":{"rendered":"<p>Der ger\u00e4uchert Schweineknochen garantiert durch einen gro\u00dfen Fleisch- und Knorpelanteil einen langen und schmackhaften Kaugenuss. Ganz nebenbei werden die Kaumuskeln trainiert und das Gebiss von Bel\u00e4gen ges\u00e4ubert.<\/p>\n","protected":false},"featured_media":1863,"template":"","meta":[],"product_brand":[],"product_cat":[55,57],"product_tag":[],"class_list":{"0":"post-1862","1":"product","2":"type-product","3":"status-publish","4":"has-post-thumbnail","6":"product_cat-classic-dog","7":"product_cat-classic-dog-trockenware","9":"first","10":"instock","11":"shipping-taxable","12":"purchasable","13":"product-type-simple"},"_links":{"self":[{"href":"https:\/\/classic-heimtiernahrung.de\/de\/wp-json\/wp\/v2\/product\/1862","targetHints":{"allow":["GET"]}}],"collection":[{"href":"https:\/\/classic-heimtiernahrung.de\/de\/wp-json\/wp\/v2\/product"}],"about":[{"href":"https:\/\/classic-heimtiernahrung.de\/de\/wp-json\/wp\/v2\/types\/product"}],"version-history":[{"count":1,"href":"https:\/\/classic-heimtiernahrung.de\/de\/wp-json\/wp\/v2\/product\/1862\/revisions"}],"predecessor-version":[{"id":2179,"href":"https:\/\/classic-heimtiernahrung.de\/de\/wp-json\/wp\/v2\/product\/1862\/revisions\/2179"}],"wp:featuredmedia":[{"embeddable":true,"href":"https:\/\/classic-heimtiernahrung.de\/de\/wp-json\/wp\/v2\/media\/1863"}],"wp:attachment":[{"href":"https:\/\/classic-heimtiernahrung.de\/de\/wp-json\/wp\/v2\/media?parent=1862"}],"wp:term":[{"taxonomy":"product_brand","embeddable":true,"href":"https:\/\/classic-heimtiernahrung.de\/de\/wp-json\/wp\/v2\/product_brand?post=1862"},{"taxonomy":"product_cat","embeddable":true,"href":"https:\/\/classic-heimtiernahrung.de\/de\/wp-json\/wp\/v2\/product_cat?post=1862"},{"taxonomy":"product_tag","embeddable":true,"href":"https:\/\/classic-heimtiernahrung.de\/de\/wp-json\/wp\/v2\/product_tag?post=1862"}],"curies":[{"name":"wp","href":"https:\/\/api.w.org\/{rel}","templated":true}]}}