{"id":1860,"date":"2022-02-22T11:08:51","date_gmt":"2022-02-22T10:08:51","guid":{"rendered":"https:\/\/relaunch.classic-heimtiernahrung.de\/product\/classic-hunde-snack-schinkenknochen-klein-aus-italien-ca-30-g-1-stueck\/"},"modified":"2022-02-22T12:58:35","modified_gmt":"2022-02-22T11:58:35","slug":"classic-hunde-snack-schinkenknochen-klein-aus-italien-ca-30-g-1-stueck","status":"publish","type":"product","link":"https:\/\/classic-heimtiernahrung.de\/de\/product\/classic-hunde-snack-schinkenknochen-klein-aus-italien-ca-30-g-1-stueck\/","title":{"rendered":"Classic Hunde Snack Schinkenknochen klein aus Italien ca. 30 g 1 St\u00fcck"},"content":{"rendered":"<p>Schinkenknochen garantieren durch einen gro\u00dfen Fleisch- und Knorpelanteil einen langen und schmackhaften Kaugenuss. Ganz nebenbei werden die Kaumuskeln trainiert und das Gebiss von Bel\u00e4gen ges\u00e4ubert.<br \/>Durch die Lufttrocknung wurde das Fleisch am Knochen konserviert.<\/p>\n<p>Der Schinkenknochen aus Italien ist ein reines Naturprodukt vom Schwein.<br \/>Je nach Gr\u00f6\u00dfe ist er f\u00fcr mittlere bis gro\u00dfe Hunde geeignet.<\/p>\n<p>Bitte beachten Sie, dass diese Knochen nur zum Abnagen, nicht aber zum Auffressen geeignet sind.<br \/>Da es sich um einen sogenannten R\u00f6hrenknochen handelt, kann ein Splittern nicht komplett ausgeschlossen werden.<\/p>\n<p>Bitte lagern Sie dieses Produkt immer k\u00fchl und trocken.<\/p>\n<p><\/p>\n<h2>Inhaltsstoffe<\/h2>\n<p><\/p>\n<p>Protein: 29,40% Fett: 24,20% Feuchtigkeit: 18,20%<\/p>\n<p><\/p>\n<h2>F\u00fctterungsempfehlung<\/h2>\n<p><\/p>\n<p>Als Belohnungssnack erg\u00e4nzend zur gewohnten Hauptnahrung. Bitte immer ausreichend Wasser zur Verf\u00fcgung stellen.<\/p>\n","protected":false},"excerpt":{"rendered":"<p>Schinkenknochen garantieren durch einen gro\u00dfen Fleisch- und Knorpelanteil einen langen und schmackhaften Kaugenuss. Ganz nebenbei werden die Kaumuskeln trainiert und das Gebiss von Bel\u00e4gen ges\u00e4ubert.<\/p>\n","protected":false},"featured_media":1861,"template":"","meta":[],"product_brand":[],"product_cat":[55,57],"product_tag":[],"class_list":{"0":"post-1860","1":"product","2":"type-product","3":"status-publish","4":"has-post-thumbnail","6":"product_cat-classic-dog","7":"product_cat-classic-dog-trockenware","9":"first","10":"instock","11":"shipping-taxable","12":"purchasable","13":"product-type-simple"},"_links":{"self":[{"href":"https:\/\/classic-heimtiernahrung.de\/de\/wp-json\/wp\/v2\/product\/1860","targetHints":{"allow":["GET"]}}],"collection":[{"href":"https:\/\/classic-heimtiernahrung.de\/de\/wp-json\/wp\/v2\/product"}],"about":[{"href":"https:\/\/classic-heimtiernahrung.de\/de\/wp-json\/wp\/v2\/types\/product"}],"version-history":[{"count":1,"href":"https:\/\/classic-heimtiernahrung.de\/de\/wp-json\/wp\/v2\/product\/1860\/revisions"}],"predecessor-version":[{"id":2180,"href":"https:\/\/classic-heimtiernahrung.de\/de\/wp-json\/wp\/v2\/product\/1860\/revisions\/2180"}],"wp:featuredmedia":[{"embeddable":true,"href":"https:\/\/classic-heimtiernahrung.de\/de\/wp-json\/wp\/v2\/media\/1861"}],"wp:attachment":[{"href":"https:\/\/classic-heimtiernahrung.de\/de\/wp-json\/wp\/v2\/media?parent=1860"}],"wp:term":[{"taxonomy":"product_brand","embeddable":true,"href":"https:\/\/classic-heimtiernahrung.de\/de\/wp-json\/wp\/v2\/product_brand?post=1860"},{"taxonomy":"product_cat","embeddable":true,"href":"https:\/\/classic-heimtiernahrung.de\/de\/wp-json\/wp\/v2\/product_cat?post=1860"},{"taxonomy":"product_tag","embeddable":true,"href":"https:\/\/classic-heimtiernahrung.de\/de\/wp-json\/wp\/v2\/product_tag?post=1860"}],"curies":[{"name":"wp","href":"https:\/\/api.w.org\/{rel}","templated":true}]}}