{"id":1848,"date":"2022-02-22T11:05:38","date_gmt":"2022-02-22T10:05:38","guid":{"rendered":"https:\/\/relaunch.classic-heimtiernahrung.de\/product\/classic-hunde-snack-schweineohrmuscheln-1-kg\/"},"modified":"2022-02-22T12:58:36","modified_gmt":"2022-02-22T11:58:36","slug":"classic-hunde-snack-schweineohrmuscheln-1-kg","status":"publish","type":"product","link":"https:\/\/classic-heimtiernahrung.de\/de\/product\/classic-hunde-snack-schweineohrmuscheln-1-kg\/","title":{"rendered":"Classic Hunde Snack Schweineohrmuscheln 1 kg"},"content":{"rendered":"<p>Schweineohrmuschel sind ein Belohnungssnack aus nat\u00fcrlichem Trockenfleisch. <br \/>Schweineohrmuschel sind ein herzhafter und kr\u00e4ftiger Leckerbissen f\u00fcr jeden Hund. Er ist nahrhaft, leicht verdaulich und somit ein idealer Snack f\u00fcr zwischendurch und besonders f\u00fcr kleine und mittelgro\u00dfe Rassen geeignet. <br \/>Dieser Snack entspricht, wie auch Muskelfleisch und Innereien dem urspr\u00fcnglichen Beutefleisch Ihres Hundes. Beim Zerkauen werden gleichzeitig die Z\u00e4hne von Belegen befreit, das Zahnfleisch massiert und die Kaumuskeln gekr\u00e4ftigt.<br \/>Die Schweineohrenmuscheln werden im Hei\u00dfluftofen ohne Rauch schonend getrocknet. Trockenfleisch bietet eine ideale Alternative zu frischen Fleischteilen vom Metzger. Es ist ebenso nahrhaft bei besserer Lagerf\u00e4higkeit. <br \/>Schweineohrenmuschel ist aus 100% nat\u00fcrlichem Fleisch ohne k\u00fcnstliche Farbstoffe und ohne Konservierungsstoffe.<br \/>Bitte lagern Sie dieses Produkt immer k\u00fchl und trocken.<\/p>\n<p><\/p>\n<h2>Inhaltsstoffe<\/h2>\n<p><\/p>\n<p>Protein: 59,70% Fett: 30,70% Feuchtigkeit: 05,20%<\/p>\n<p><\/p>\n<h2>F\u00fctterungsempfehlung<\/h2>\n<p><\/p>\n<p>Als Belohnungssnack erg\u00e4nzend zur gewohnten Hauptnahrung. Bitte immer ausreichend Wasser zur Verf\u00fcgung stellen.<\/p>\n","protected":false},"excerpt":{"rendered":"<p>Schweineohrmuschel sind ein besonders magerer und herzhafter Leckerbissen. Belohnungssnack aus nat\u00fcrlichem Trockenfleisch f\u00fcr jeden Hund.<\/p>\n","protected":false},"featured_media":1849,"template":"","meta":[],"product_brand":[],"product_cat":[55,57],"product_tag":[],"class_list":{"0":"post-1848","1":"product","2":"type-product","3":"status-publish","4":"has-post-thumbnail","6":"product_cat-classic-dog","7":"product_cat-classic-dog-trockenware","9":"first","10":"instock","11":"shipping-taxable","12":"purchasable","13":"product-type-simple"},"_links":{"self":[{"href":"https:\/\/classic-heimtiernahrung.de\/de\/wp-json\/wp\/v2\/product\/1848","targetHints":{"allow":["GET"]}}],"collection":[{"href":"https:\/\/classic-heimtiernahrung.de\/de\/wp-json\/wp\/v2\/product"}],"about":[{"href":"https:\/\/classic-heimtiernahrung.de\/de\/wp-json\/wp\/v2\/types\/product"}],"version-history":[{"count":1,"href":"https:\/\/classic-heimtiernahrung.de\/de\/wp-json\/wp\/v2\/product\/1848\/revisions"}],"predecessor-version":[{"id":2186,"href":"https:\/\/classic-heimtiernahrung.de\/de\/wp-json\/wp\/v2\/product\/1848\/revisions\/2186"}],"wp:featuredmedia":[{"embeddable":true,"href":"https:\/\/classic-heimtiernahrung.de\/de\/wp-json\/wp\/v2\/media\/1849"}],"wp:attachment":[{"href":"https:\/\/classic-heimtiernahrung.de\/de\/wp-json\/wp\/v2\/media?parent=1848"}],"wp:term":[{"taxonomy":"product_brand","embeddable":true,"href":"https:\/\/classic-heimtiernahrung.de\/de\/wp-json\/wp\/v2\/product_brand?post=1848"},{"taxonomy":"product_cat","embeddable":true,"href":"https:\/\/classic-heimtiernahrung.de\/de\/wp-json\/wp\/v2\/product_cat?post=1848"},{"taxonomy":"product_tag","embeddable":true,"href":"https:\/\/classic-heimtiernahrung.de\/de\/wp-json\/wp\/v2\/product_tag?post=1848"}],"curies":[{"name":"wp","href":"https:\/\/api.w.org\/{rel}","templated":true}]}}