{"id":1844,"date":"2022-02-22T11:04:38","date_gmt":"2022-02-22T10:04:38","guid":{"rendered":"https:\/\/relaunch.classic-heimtiernahrung.de\/product\/classic-hunde-snack-schweineohren-im-eimer-600-g\/"},"modified":"2022-02-22T12:58:36","modified_gmt":"2022-02-22T11:58:36","slug":"classic-hunde-snack-schweineohren-im-eimer-600-g","status":"publish","type":"product","link":"https:\/\/classic-heimtiernahrung.de\/de\/product\/classic-hunde-snack-schweineohren-im-eimer-600-g\/","title":{"rendered":"Classic Hunde Snack Schweineohren im Eimer 600 g"},"content":{"rendered":"<p>Schweineohren sind ein herzhafter und kr\u00e4ftiger Leckerbissen f\u00fcr jeden Hund.<br \/>Sie sind nahrhaft, leicht verdaulich und somit ein idealer Snack f\u00fcr zwischendurch.<\/p>\n<p>Dieser Snack entspricht, wie auch Muskelfleisch und Innereien dem urspr\u00fcnglichen Beutefleisch Ihres Hundes.<br \/>Beim Zerkauen werden gleichzeitig die Z\u00e4hne von Bel\u00e4gen befreit, das Zahnfleisch massiert und die Kaumuskeln gekr\u00e4ftigt.<br \/>Somit wird die Zahngesundheit auf nat\u00fcrliche Weise unterst\u00fctzt.<\/p>\n<p>Die Schweineohren werden in einem speziellen Verfahren schonend getrocknet.<br \/>Trockenfleisch bietet eine ideale Alternative zu frischen Fleischteilen vom Metzger.<br \/>Es ist ebenso nahrhaft bei besserer Lagerf\u00e4higkeit.<\/p>\n<p>Schweineohren sind aus 100% nat\u00fcrlichem Fleisch ohne k\u00fcnstliche Farbstoffe und ohne Konservierungsstoffe.<\/p>\n<p>Bitte lagern Sie dieses Produkt immer k\u00fchl und trocken.<\/p>\n<p><\/p>\n<h2>Inhaltsstoffe<\/h2>\n<p><\/p>\n<p>Protein: 70,00% Fett: 22,50% Feuchtigkeit: 07,10% Asche: 03,50%<\/p>\n<p><\/p>\n<h2>F\u00fctterungsempfehlung<\/h2>\n<p><\/p>\n<p>Als Belohnungssnack erg\u00e4nzend zur gewohnten Hauptnahrung. Bitte immer ausreichend Wasser zur Verf\u00fcgung stellen.<\/p>\n","protected":false},"excerpt":{"rendered":"<p>Schweineohren ist ein besonders magerer und herzhafter Leckerbissen. Belohnungssnack aus nat\u00fcrlichem Trockenfleisch f\u00fcr jeden Hund.<\/p>\n","protected":false},"featured_media":1845,"template":"","meta":[],"product_brand":[],"product_cat":[55,57],"product_tag":[],"class_list":{"0":"post-1844","1":"product","2":"type-product","3":"status-publish","4":"has-post-thumbnail","6":"product_cat-classic-dog","7":"product_cat-classic-dog-trockenware","9":"first","10":"instock","11":"shipping-taxable","12":"purchasable","13":"product-type-simple"},"_links":{"self":[{"href":"https:\/\/classic-heimtiernahrung.de\/de\/wp-json\/wp\/v2\/product\/1844","targetHints":{"allow":["GET"]}}],"collection":[{"href":"https:\/\/classic-heimtiernahrung.de\/de\/wp-json\/wp\/v2\/product"}],"about":[{"href":"https:\/\/classic-heimtiernahrung.de\/de\/wp-json\/wp\/v2\/types\/product"}],"version-history":[{"count":1,"href":"https:\/\/classic-heimtiernahrung.de\/de\/wp-json\/wp\/v2\/product\/1844\/revisions"}],"predecessor-version":[{"id":2188,"href":"https:\/\/classic-heimtiernahrung.de\/de\/wp-json\/wp\/v2\/product\/1844\/revisions\/2188"}],"wp:featuredmedia":[{"embeddable":true,"href":"https:\/\/classic-heimtiernahrung.de\/de\/wp-json\/wp\/v2\/media\/1845"}],"wp:attachment":[{"href":"https:\/\/classic-heimtiernahrung.de\/de\/wp-json\/wp\/v2\/media?parent=1844"}],"wp:term":[{"taxonomy":"product_brand","embeddable":true,"href":"https:\/\/classic-heimtiernahrung.de\/de\/wp-json\/wp\/v2\/product_brand?post=1844"},{"taxonomy":"product_cat","embeddable":true,"href":"https:\/\/classic-heimtiernahrung.de\/de\/wp-json\/wp\/v2\/product_cat?post=1844"},{"taxonomy":"product_tag","embeddable":true,"href":"https:\/\/classic-heimtiernahrung.de\/de\/wp-json\/wp\/v2\/product_tag?post=1844"}],"curies":[{"name":"wp","href":"https:\/\/api.w.org\/{rel}","templated":true}]}}