{"id":1840,"date":"2022-02-22T11:03:44","date_gmt":"2022-02-22T10:03:44","guid":{"rendered":"https:\/\/relaunch.classic-heimtiernahrung.de\/product\/classic-hunde-snack-diaet-knabberohr-10-er-in-einem-1-beutel\/"},"modified":"2022-02-22T12:58:37","modified_gmt":"2022-02-22T11:58:37","slug":"classic-hunde-snack-diaet-knabberohr-10-er-in-einem-1-beutel","status":"publish","type":"product","link":"https:\/\/classic-heimtiernahrung.de\/de\/product\/classic-hunde-snack-diaet-knabberohr-10-er-in-einem-1-beutel\/","title":{"rendered":"Classic Hunde Snack Di\u00e4t &#8211; Knabberohr 10 er in einem 1 Beutel"},"content":{"rendered":"<p>Die Di\u00e4t &#8211; Knabberohren vom Rind sind ein herzhafter und kr\u00e4ftiger Leckerbissen f\u00fcr jeden Hund. Sie sind nahrhaft, leicht verdaulich und somit ein idealer Snack f\u00fcr zwischendurch.Beim Zerkauen werden gleichzeitig die Z\u00e4hne von Bel\u00e4gen befreit, das Zahnfleisch massiert und die Kaumuskeln gekr\u00e4ftigt.Die Rinderohren werden schonend nach einem Spezialverfahren getrocknet. Sie verlieren bei diesem Vorgang fast ihren kompletten Fettanteil. Trockenfleisch bietet eine ideale Alternative zu frischen Fleischteilen vom Metzger. Es ist ebenso nahrhaft bei besserer Lagerf\u00e4higkeit.Di\u00e4t &#8211; Knabberohren sind aus 100% nat\u00fcrlichem Fleisch ohne k\u00fcnstliche Farbstoffe und ohne Konservierungsstoffe.Bitte lagern Sie dieses Produkt immer k\u00fchl und trocken.<\/p>\n<p><\/p>\n<h2>Inhaltsstoffe<\/h2>\n<p><\/p>\n<p>Protein: 83,50% Fett: 1,60% Feuchtigkeit: 7,00%<\/p>\n<p><\/p>\n<h2>F\u00fctterungsempfehlung<\/h2>\n<p><\/p>\n<p>Als Belohnungssnack erg\u00e4nzend zur gewohnten Hauptnahrung. Bitte immer ausreichend Wasser zur Verf\u00fcgung stellen.<\/p>\n","protected":false},"excerpt":{"rendered":"<p>Mit Di\u00e4t &#8211; Knabberohren vom Rind belohnen Sie Ihren Hund auf gesunde, nat\u00fcrliche Weise. Die leckeren Fleischsnacks regen zum Kauen an und unterst\u00fctzen gleichzeitig die Gesundheit von Z\u00e4hnen und Zahnfleisch.<\/p>\n","protected":false},"featured_media":1841,"template":"","meta":[],"product_brand":[],"product_cat":[55,57],"product_tag":[],"class_list":{"0":"post-1840","1":"product","2":"type-product","3":"status-publish","4":"has-post-thumbnail","6":"product_cat-classic-dog","7":"product_cat-classic-dog-trockenware","9":"first","10":"instock","11":"shipping-taxable","12":"purchasable","13":"product-type-simple"},"_links":{"self":[{"href":"https:\/\/classic-heimtiernahrung.de\/de\/wp-json\/wp\/v2\/product\/1840","targetHints":{"allow":["GET"]}}],"collection":[{"href":"https:\/\/classic-heimtiernahrung.de\/de\/wp-json\/wp\/v2\/product"}],"about":[{"href":"https:\/\/classic-heimtiernahrung.de\/de\/wp-json\/wp\/v2\/types\/product"}],"version-history":[{"count":1,"href":"https:\/\/classic-heimtiernahrung.de\/de\/wp-json\/wp\/v2\/product\/1840\/revisions"}],"predecessor-version":[{"id":2190,"href":"https:\/\/classic-heimtiernahrung.de\/de\/wp-json\/wp\/v2\/product\/1840\/revisions\/2190"}],"wp:featuredmedia":[{"embeddable":true,"href":"https:\/\/classic-heimtiernahrung.de\/de\/wp-json\/wp\/v2\/media\/1841"}],"wp:attachment":[{"href":"https:\/\/classic-heimtiernahrung.de\/de\/wp-json\/wp\/v2\/media?parent=1840"}],"wp:term":[{"taxonomy":"product_brand","embeddable":true,"href":"https:\/\/classic-heimtiernahrung.de\/de\/wp-json\/wp\/v2\/product_brand?post=1840"},{"taxonomy":"product_cat","embeddable":true,"href":"https:\/\/classic-heimtiernahrung.de\/de\/wp-json\/wp\/v2\/product_cat?post=1840"},{"taxonomy":"product_tag","embeddable":true,"href":"https:\/\/classic-heimtiernahrung.de\/de\/wp-json\/wp\/v2\/product_tag?post=1840"}],"curies":[{"name":"wp","href":"https:\/\/api.w.org\/{rel}","templated":true}]}}