{"id":1830,"date":"2022-02-22T11:01:08","date_gmt":"2022-02-22T10:01:08","guid":{"rendered":"https:\/\/relaunch.classic-heimtiernahrung.de\/product\/classic-dog-snack-trockenware-huehnerbrust-suesskartoffel-70g\/"},"modified":"2022-02-22T12:58:38","modified_gmt":"2022-02-22T11:58:38","slug":"classic-dog-snack-trockenware-huehnerbrust-suesskartoffel-70g","status":"publish","type":"product","link":"https:\/\/classic-heimtiernahrung.de\/de\/product\/classic-dog-snack-trockenware-huehnerbrust-suesskartoffel-70g\/","title":{"rendered":"Classic Dog Snack Trockenware H\u00fchnerbrust S\u00fc\u00dfkartoffel 70g"},"content":{"rendered":"<p> Der leckere Hundesnack aus 100% erstklassigem H&uuml;hnerbrustfilet ummantelt mit k&ouml;stlicher S&uuml;&szlig;kartoffel. Eine ideale und fettarme Belohnung f&uuml;r Zwischendurch f&uuml;r Ihren Liebling.<br \/> Der Snack ist luftgetrocknet und bietet nur eine hochwertige Proteinquelle.<\/p>\n<p><\/p>\n<h2>Inhaltsstoffe<\/h2>\n<p><\/p>\n<p> Rohprotein 53,4%, Rohfett 2,6%,&nbsp;Rohasche 3,7%, Feuchtigkeit 16,30%<\/p>\n<p><\/p>\n<h2>F\u00fctterungsempfehlung<\/h2>\n<p><\/p>\n<p> Als Belohnungssnack erg&auml;nzend zur gewohnten Hauptnahrung. Bitte immer ausreichend Wasser zur Verf&uuml;gung stellen.<\/p>\n","protected":false},"excerpt":{"rendered":"<p>Diesen Snack wird Ihr Hund lieben.<\/p>\n","protected":false},"featured_media":1831,"template":"","meta":[],"product_brand":[],"product_cat":[55,57],"product_tag":[],"class_list":{"0":"post-1830","1":"product","2":"type-product","3":"status-publish","4":"has-post-thumbnail","6":"product_cat-classic-dog","7":"product_cat-classic-dog-trockenware","9":"first","10":"instock","11":"shipping-taxable","12":"purchasable","13":"product-type-simple"},"_links":{"self":[{"href":"https:\/\/classic-heimtiernahrung.de\/de\/wp-json\/wp\/v2\/product\/1830","targetHints":{"allow":["GET"]}}],"collection":[{"href":"https:\/\/classic-heimtiernahrung.de\/de\/wp-json\/wp\/v2\/product"}],"about":[{"href":"https:\/\/classic-heimtiernahrung.de\/de\/wp-json\/wp\/v2\/types\/product"}],"version-history":[{"count":1,"href":"https:\/\/classic-heimtiernahrung.de\/de\/wp-json\/wp\/v2\/product\/1830\/revisions"}],"predecessor-version":[{"id":2195,"href":"https:\/\/classic-heimtiernahrung.de\/de\/wp-json\/wp\/v2\/product\/1830\/revisions\/2195"}],"wp:featuredmedia":[{"embeddable":true,"href":"https:\/\/classic-heimtiernahrung.de\/de\/wp-json\/wp\/v2\/media\/1831"}],"wp:attachment":[{"href":"https:\/\/classic-heimtiernahrung.de\/de\/wp-json\/wp\/v2\/media?parent=1830"}],"wp:term":[{"taxonomy":"product_brand","embeddable":true,"href":"https:\/\/classic-heimtiernahrung.de\/de\/wp-json\/wp\/v2\/product_brand?post=1830"},{"taxonomy":"product_cat","embeddable":true,"href":"https:\/\/classic-heimtiernahrung.de\/de\/wp-json\/wp\/v2\/product_cat?post=1830"},{"taxonomy":"product_tag","embeddable":true,"href":"https:\/\/classic-heimtiernahrung.de\/de\/wp-json\/wp\/v2\/product_tag?post=1830"}],"curies":[{"name":"wp","href":"https:\/\/api.w.org\/{rel}","templated":true}]}}