{"id":1824,"date":"2022-02-22T10:59:31","date_gmt":"2022-02-22T09:59:31","guid":{"rendered":"https:\/\/relaunch.classic-heimtiernahrung.de\/product\/classic-hunde-snack-kaelberblasen-gedreht-500-g\/"},"modified":"2022-02-22T12:58:38","modified_gmt":"2022-02-22T11:58:38","slug":"classic-hunde-snack-kaelberblasen-gedreht-500-g","status":"publish","type":"product","link":"https:\/\/classic-heimtiernahrung.de\/de\/product\/classic-hunde-snack-kaelberblasen-gedreht-500-g\/","title":{"rendered":"Classic Hunde Snack K\u00e4lberblasen gedreht 500 g"},"content":{"rendered":"<p>Ausgezeichneter Hundekauartikel f\u00fcr Welpen und kleine Hunde.Aber auch gr\u00f6\u00dfere Hunde haben ihre Freude an diesem Leckerbissen.<br \/>Getrocknete K\u00e4lberblasen (Kalbsr\u00f6llchen) eignen sich sehr gut als Hundekauartikel f\u00fcr Welpen und kleine Hunde. Welpen k\u00f6nnen noch nicht alles knabbern. Die getrockneten K\u00e4lberblasen sind nicht zu hart. Hundkauartikel aus 100% Natur, frei von jeglichen Zusatzstoffen.<\/p>\n<p><\/p>\n<h2>Inhaltsstoffe<\/h2>\n<p><\/p>\n<p>Feuchtigkeit: 10% Protein: 81% Fett: 2% Rohasche: 5% Rohfaser: 2%<\/p>\n<p><\/p>\n<h2>F\u00fctterungsempfehlung<\/h2>\n<p><\/p>\n<p>Als Belohnungssnack erg\u00e4nzend zur gewohnten Hauptnahrung. Bitte immer ausreichend Wasser zur Verf\u00fcgung stellen.<\/p>\n","protected":false},"excerpt":{"rendered":"<p>Mit K\u00e4lberblasen (Kalbsr\u00f6llchen)  belohnen Sie Ihren Hund auf gesunde, nat\u00fcrliche Weise. Die leckeren Fleischsnacks regen zum Kauen an und unterst\u00fctzen gleichzeitig die Gesundheit von Z\u00e4hnen und Zahnfleisch.<\/p>\n","protected":false},"featured_media":1825,"template":"","meta":[],"product_brand":[],"product_cat":[55,57],"product_tag":[],"class_list":{"0":"post-1824","1":"product","2":"type-product","3":"status-publish","4":"has-post-thumbnail","6":"product_cat-classic-dog","7":"product_cat-classic-dog-trockenware","9":"first","10":"instock","11":"shipping-taxable","12":"purchasable","13":"product-type-simple"},"_links":{"self":[{"href":"https:\/\/classic-heimtiernahrung.de\/de\/wp-json\/wp\/v2\/product\/1824","targetHints":{"allow":["GET"]}}],"collection":[{"href":"https:\/\/classic-heimtiernahrung.de\/de\/wp-json\/wp\/v2\/product"}],"about":[{"href":"https:\/\/classic-heimtiernahrung.de\/de\/wp-json\/wp\/v2\/types\/product"}],"version-history":[{"count":1,"href":"https:\/\/classic-heimtiernahrung.de\/de\/wp-json\/wp\/v2\/product\/1824\/revisions"}],"predecessor-version":[{"id":2198,"href":"https:\/\/classic-heimtiernahrung.de\/de\/wp-json\/wp\/v2\/product\/1824\/revisions\/2198"}],"wp:featuredmedia":[{"embeddable":true,"href":"https:\/\/classic-heimtiernahrung.de\/de\/wp-json\/wp\/v2\/media\/1825"}],"wp:attachment":[{"href":"https:\/\/classic-heimtiernahrung.de\/de\/wp-json\/wp\/v2\/media?parent=1824"}],"wp:term":[{"taxonomy":"product_brand","embeddable":true,"href":"https:\/\/classic-heimtiernahrung.de\/de\/wp-json\/wp\/v2\/product_brand?post=1824"},{"taxonomy":"product_cat","embeddable":true,"href":"https:\/\/classic-heimtiernahrung.de\/de\/wp-json\/wp\/v2\/product_cat?post=1824"},{"taxonomy":"product_tag","embeddable":true,"href":"https:\/\/classic-heimtiernahrung.de\/de\/wp-json\/wp\/v2\/product_tag?post=1824"}],"curies":[{"name":"wp","href":"https:\/\/api.w.org\/{rel}","templated":true}]}}