{"id":1780,"date":"2022-02-22T10:44:17","date_gmt":"2022-02-22T09:44:17","guid":{"rendered":"https:\/\/relaunch.classic-heimtiernahrung.de\/product\/classic-hunde-snack-rinderschulterknorpel-1000-g\/"},"modified":"2022-02-22T12:58:42","modified_gmt":"2022-02-22T11:58:42","slug":"classic-hunde-snack-rinderschulterknorpel-1000-g","status":"publish","type":"product","link":"https:\/\/classic-heimtiernahrung.de\/de\/product\/classic-hunde-snack-rinderschulterknorpel-1000-g\/","title":{"rendered":"Classic Hunde Snack Rinderschulterknorpel 1000 g"},"content":{"rendered":"<p>Der Rinderschulterknorpel Snack ist ein nat&uuml;rlicher Kauspa&szlig; f&uuml;r Ihren Vierbeiner<\/p>\n<p><\/p>\n<h2>Inhaltsstoffe<\/h2>\n<p><\/p>\n<p>Rinderschulterknorpel besteht aus:<\/p>\n<p>Protein: 65,8%<\/p>\n<p>Rohfett: 18,8%<\/p>\n<p>Rohasche: 5,8%<\/p>\n<p>Rohfaser: 0,7%<\/p>\n<p>Feuchtigkeit: 8 %<\/p>\n<p><\/p>\n<h2>F\u00fctterungsempfehlung<\/h2>\n<p><\/p>\n<p>Der Trockenwarenartikel dient als Snack f&uuml;r Zwischendurch oder auch&nbsp;<\/p>\n<p>zur Belohnung f&uuml;r Ihren Hund.<\/p>\n<p>Bitte stellen Sie Ihrem Hund immer ausreichend frisches Trinkwasser zur freien Verf&uuml;gung.<\/p>\n","protected":false},"excerpt":{"rendered":"<p>Der Rinderschulterknorpel Snack ist ein nat\u00fcrlicher Kauspa\u00df f\u00fcr Ihren Vierbeiner<\/p>\n","protected":false},"featured_media":1781,"template":"","meta":[],"product_brand":[],"product_cat":[55,57],"product_tag":[],"class_list":{"0":"post-1780","1":"product","2":"type-product","3":"status-publish","4":"has-post-thumbnail","6":"product_cat-classic-dog","7":"product_cat-classic-dog-trockenware","9":"first","10":"instock","11":"shipping-taxable","12":"purchasable","13":"product-type-simple"},"_links":{"self":[{"href":"https:\/\/classic-heimtiernahrung.de\/de\/wp-json\/wp\/v2\/product\/1780","targetHints":{"allow":["GET"]}}],"collection":[{"href":"https:\/\/classic-heimtiernahrung.de\/de\/wp-json\/wp\/v2\/product"}],"about":[{"href":"https:\/\/classic-heimtiernahrung.de\/de\/wp-json\/wp\/v2\/types\/product"}],"version-history":[{"count":1,"href":"https:\/\/classic-heimtiernahrung.de\/de\/wp-json\/wp\/v2\/product\/1780\/revisions"}],"predecessor-version":[{"id":2220,"href":"https:\/\/classic-heimtiernahrung.de\/de\/wp-json\/wp\/v2\/product\/1780\/revisions\/2220"}],"wp:featuredmedia":[{"embeddable":true,"href":"https:\/\/classic-heimtiernahrung.de\/de\/wp-json\/wp\/v2\/media\/1781"}],"wp:attachment":[{"href":"https:\/\/classic-heimtiernahrung.de\/de\/wp-json\/wp\/v2\/media?parent=1780"}],"wp:term":[{"taxonomy":"product_brand","embeddable":true,"href":"https:\/\/classic-heimtiernahrung.de\/de\/wp-json\/wp\/v2\/product_brand?post=1780"},{"taxonomy":"product_cat","embeddable":true,"href":"https:\/\/classic-heimtiernahrung.de\/de\/wp-json\/wp\/v2\/product_cat?post=1780"},{"taxonomy":"product_tag","embeddable":true,"href":"https:\/\/classic-heimtiernahrung.de\/de\/wp-json\/wp\/v2\/product_tag?post=1780"}],"curies":[{"name":"wp","href":"https:\/\/api.w.org\/{rel}","templated":true}]}}