{"id":1740,"date":"2022-02-22T10:34:40","date_gmt":"2022-02-22T09:34:40","guid":{"rendered":"https:\/\/relaunch.classic-heimtiernahrung.de\/product\/classic-hunde-snack-ochsenschwaenze-hell1-kg\/"},"modified":"2022-02-22T12:58:46","modified_gmt":"2022-02-22T11:58:46","slug":"classic-hunde-snack-ochsenschwaenze-hell1-kg","status":"publish","type":"product","link":"https:\/\/classic-heimtiernahrung.de\/de\/product\/classic-hunde-snack-ochsenschwaenze-hell1-kg\/","title":{"rendered":"Classic Hunde Snack Ochsenschw\u00e4nze hell1 kg"},"content":{"rendered":"<p>Ochsenschwanz ist ein Belohnungssnack aus nat&uuml;rlichem Trockenfleisch.<\/p>\n<p>Ochsenschwanz ist ein herzhafter und kr&auml;ftiger Leckerbissen f&uuml;r alle Hunderassen.<br \/>Er ist nahrhaft, leicht verdaulich und somit ein idealer Snack f&uuml;r zwischendurch.<\/p>\n<p>Dieser Snack entspricht, wie auch Muskelfleisch und Innereien dem urspr&uuml;nglichen Beutefleisch Ihres Hundes.<br \/>Beim Zerkauen werden gleichzeitig die Z&auml;hne von Bel&auml;gen befreit, das Zahnfleisch massiert und die Kaumuskeln gekr&auml;ftigt.<\/p>\n<p>Der Ochsenschwanz wird in einem speziellen Verfahren schonend getrocknet.<br \/>Trockenfleisch bietet eine ideale Alternative zu frischen Fleischteilen vom Metzger.<br \/>Es ist ebenso nahrhaft bei besserer Lagerf&auml;higkeit und besitzt einen angenehmeren Geruch.<\/p>\n<p>Ochsenschwanz its aus 100% nat&uuml;rlichem Fleisch ohne den Zusatz k&uuml;nstlicher Konservierungsstoffe.<\/p>\n<p>Bitte lagern Sie dieses Produkt immer k&uuml;hl und trocken.<\/p>\n<p><\/p>\n<h2>Inhaltsstoffe<\/h2>\n<p><\/p>\n<p>Protein: 71,00% Fett: 09,00% Feuchtigkeit: 16,00%<\/p>\n<p><\/p>\n<h2>F\u00fctterungsempfehlung<\/h2>\n<p><\/p>\n<p>Als Belohnungssnack erg&auml;nzend zur gewohnten Hauptnahrung. Bitte immer ausreichend Wasser zur Verf&uuml;gung stellen.<\/p>\n","protected":false},"excerpt":{"rendered":"<p>Mit Ochsenschw\u00e4nzen belohnen Sie Ihren Hund auf gesunde, nat\u00fcrliche Weise. Die leckeren Fleischsnacks regen zum Kauen an und unterst\u00fctzen gleichzeitig die Gesundheit von Z\u00e4hnen und Zahnfleisch.<\/p>\n","protected":false},"featured_media":1741,"template":"","meta":[],"product_brand":[],"product_cat":[55,57],"product_tag":[],"class_list":{"0":"post-1740","1":"product","2":"type-product","3":"status-publish","4":"has-post-thumbnail","6":"product_cat-classic-dog","7":"product_cat-classic-dog-trockenware","9":"first","10":"instock","11":"shipping-taxable","12":"purchasable","13":"product-type-simple"},"_links":{"self":[{"href":"https:\/\/classic-heimtiernahrung.de\/de\/wp-json\/wp\/v2\/product\/1740","targetHints":{"allow":["GET"]}}],"collection":[{"href":"https:\/\/classic-heimtiernahrung.de\/de\/wp-json\/wp\/v2\/product"}],"about":[{"href":"https:\/\/classic-heimtiernahrung.de\/de\/wp-json\/wp\/v2\/types\/product"}],"version-history":[{"count":1,"href":"https:\/\/classic-heimtiernahrung.de\/de\/wp-json\/wp\/v2\/product\/1740\/revisions"}],"predecessor-version":[{"id":2240,"href":"https:\/\/classic-heimtiernahrung.de\/de\/wp-json\/wp\/v2\/product\/1740\/revisions\/2240"}],"wp:featuredmedia":[{"embeddable":true,"href":"https:\/\/classic-heimtiernahrung.de\/de\/wp-json\/wp\/v2\/media\/1741"}],"wp:attachment":[{"href":"https:\/\/classic-heimtiernahrung.de\/de\/wp-json\/wp\/v2\/media?parent=1740"}],"wp:term":[{"taxonomy":"product_brand","embeddable":true,"href":"https:\/\/classic-heimtiernahrung.de\/de\/wp-json\/wp\/v2\/product_brand?post=1740"},{"taxonomy":"product_cat","embeddable":true,"href":"https:\/\/classic-heimtiernahrung.de\/de\/wp-json\/wp\/v2\/product_cat?post=1740"},{"taxonomy":"product_tag","embeddable":true,"href":"https:\/\/classic-heimtiernahrung.de\/de\/wp-json\/wp\/v2\/product_tag?post=1740"}],"curies":[{"name":"wp","href":"https:\/\/api.w.org\/{rel}","templated":true}]}}