{"id":1726,"date":"2022-02-22T10:31:06","date_gmt":"2022-02-22T09:31:06","guid":{"rendered":"https:\/\/relaunch.classic-heimtiernahrung.de\/product\/classic-hunde-snack-rehrippen-100g-getrocknet\/"},"modified":"2022-02-22T12:58:47","modified_gmt":"2022-02-22T11:58:47","slug":"classic-hunde-snack-rehrippen-100g-getrocknet","status":"publish","type":"product","link":"https:\/\/classic-heimtiernahrung.de\/de\/product\/classic-hunde-snack-rehrippen-100g-getrocknet\/","title":{"rendered":"Classic Hunde Snack Rehrippen 100g getrocknet"},"content":{"rendered":"<p> Mit den Rehrippen verw&ouml;hnen Sie Ihren Hund auf h&ouml;chstem Niveau. Die ganzen Rippenbogen sind besonders knackig und sorgen so f&uuml;r ein langes und ausgiebiges Kauvergn&uuml;gen. Die Rehrippen stammen ausschlie&szlig;lich von freilebenden Tieren, die in freier Natur aufwachsen und dem Jagdrecht unterliegen. An diesem Wild-Snack erfreuen sich auch Hunde mit Allergien.<\/p>\n<p><\/p>\n<h2>Inhaltsstoffe<\/h2>\n<p><\/p>\n<p>Protein: 49,90% Fett: 21,30% Feuchtigkeit: 7,60%<\/p>\n<p><\/p>\n<h2>F\u00fctterungsempfehlung<\/h2>\n<p><\/p>\n<p> Bitte stellen Sie Ihrem Hund immer ausreichend frisches Wasser zu freien Verf&uuml;gung.<\/p>\n","protected":false},"excerpt":{"rendered":"<p>Rehrippe getrocknet, f\u00fcr gesunde Z\u00e4hne und kr\u00e4ftige Kaumuskulatur.<\/p>\n","protected":false},"featured_media":1727,"template":"","meta":[],"product_brand":[],"product_cat":[55,57],"product_tag":[],"class_list":{"0":"post-1726","1":"product","2":"type-product","3":"status-publish","4":"has-post-thumbnail","6":"product_cat-classic-dog","7":"product_cat-classic-dog-trockenware","9":"first","10":"instock","11":"shipping-taxable","12":"purchasable","13":"product-type-simple"},"_links":{"self":[{"href":"https:\/\/classic-heimtiernahrung.de\/de\/wp-json\/wp\/v2\/product\/1726","targetHints":{"allow":["GET"]}}],"collection":[{"href":"https:\/\/classic-heimtiernahrung.de\/de\/wp-json\/wp\/v2\/product"}],"about":[{"href":"https:\/\/classic-heimtiernahrung.de\/de\/wp-json\/wp\/v2\/types\/product"}],"version-history":[{"count":1,"href":"https:\/\/classic-heimtiernahrung.de\/de\/wp-json\/wp\/v2\/product\/1726\/revisions"}],"predecessor-version":[{"id":2247,"href":"https:\/\/classic-heimtiernahrung.de\/de\/wp-json\/wp\/v2\/product\/1726\/revisions\/2247"}],"wp:featuredmedia":[{"embeddable":true,"href":"https:\/\/classic-heimtiernahrung.de\/de\/wp-json\/wp\/v2\/media\/1727"}],"wp:attachment":[{"href":"https:\/\/classic-heimtiernahrung.de\/de\/wp-json\/wp\/v2\/media?parent=1726"}],"wp:term":[{"taxonomy":"product_brand","embeddable":true,"href":"https:\/\/classic-heimtiernahrung.de\/de\/wp-json\/wp\/v2\/product_brand?post=1726"},{"taxonomy":"product_cat","embeddable":true,"href":"https:\/\/classic-heimtiernahrung.de\/de\/wp-json\/wp\/v2\/product_cat?post=1726"},{"taxonomy":"product_tag","embeddable":true,"href":"https:\/\/classic-heimtiernahrung.de\/de\/wp-json\/wp\/v2\/product_tag?post=1726"}],"curies":[{"name":"wp","href":"https:\/\/api.w.org\/{rel}","templated":true}]}}