{"id":1722,"date":"2022-02-22T10:30:13","date_gmt":"2022-02-22T09:30:13","guid":{"rendered":"https:\/\/relaunch.classic-heimtiernahrung.de\/product\/classic-hunde-snack-lammpansen-250-g\/"},"modified":"2022-02-22T12:58:47","modified_gmt":"2022-02-22T11:58:47","slug":"classic-hunde-snack-lammpansen-250-g","status":"publish","type":"product","link":"https:\/\/classic-heimtiernahrung.de\/de\/product\/classic-hunde-snack-lammpansen-250-g\/","title":{"rendered":"Classic Hunde Snack Lammpansen 250 g"},"content":{"rendered":"<p>Lammpansen ist ein knuspriges und bek\u00f6mmliches Trockenfleisch, als Belohnung oder f\u00fcr zwischendurch.<\/p>\n<p>Der schonend getrocknete Lammpansen ein nat\u00fcrlicher Leckerbissen und bei Hunden sehr beliebt.<br \/>Gerade f\u00fcr futterempfindliche Hunde stellen Lammprodukte es ein gut vertr\u00e4gliches und besonders leicht verdauliches Kauvergn\u00fcgen dar.<\/p>\n<p>Dieser Snack entspricht dem urspr\u00fcnglichen Beutefleisch Ihres Hundes, f\u00fcr den neben Muskelfleisch auch Innereien wie Pansen oder Lunge zur nat\u00fcrlichen Nahrung geh\u00f6ren.<br \/>Beim Zerkauen werden gleichzeitig die Z\u00e4hne von Bel\u00e4gen befreit, das Zahnfleisch massiert und die Kaumuskeln gekr\u00e4ftigt.<\/p>\n<p>Lammpansen ist aus 100% nat\u00fcrlichem Fleisch ohne k\u00fcnstliche Farbstoffe und ohne Konservierungsstoffe.<\/p>\n<p>Trockenpansen bietet eine ideale Alternative zu frischem Pansen vom Metzger, durch angenehmeren Geruch und bessere Lagerf\u00e4higkeit.<br \/>Bitte lagern Sie dieses Produkt immer k\u00fchl und trocken.<\/p>\n<p><\/p>\n<h2>Inhaltsstoffe<\/h2>\n<p><\/p>\n<p>Protein: 77,28% Fett: 07,06% Feuchtigkeit: 06,82% Asche: 08,84%<\/p>\n<p><\/p>\n<h2>F\u00fctterungsempfehlung<\/h2>\n<p><\/p>\n","protected":false},"excerpt":{"rendered":"<p>Lammpansen ist die Alternative f\u00fcr Rind- und Schweinefleischallergiker, die nicht auf ihre artgerechten und wohlschmeckenden Belohnungshappen verzichten wollen.<\/p>\n","protected":false},"featured_media":1723,"template":"","meta":[],"product_brand":[],"product_cat":[55,57],"product_tag":[],"class_list":{"0":"post-1722","1":"product","2":"type-product","3":"status-publish","4":"has-post-thumbnail","6":"product_cat-classic-dog","7":"product_cat-classic-dog-trockenware","9":"first","10":"instock","11":"shipping-taxable","12":"purchasable","13":"product-type-simple"},"_links":{"self":[{"href":"https:\/\/classic-heimtiernahrung.de\/de\/wp-json\/wp\/v2\/product\/1722","targetHints":{"allow":["GET"]}}],"collection":[{"href":"https:\/\/classic-heimtiernahrung.de\/de\/wp-json\/wp\/v2\/product"}],"about":[{"href":"https:\/\/classic-heimtiernahrung.de\/de\/wp-json\/wp\/v2\/types\/product"}],"version-history":[{"count":1,"href":"https:\/\/classic-heimtiernahrung.de\/de\/wp-json\/wp\/v2\/product\/1722\/revisions"}],"predecessor-version":[{"id":2249,"href":"https:\/\/classic-heimtiernahrung.de\/de\/wp-json\/wp\/v2\/product\/1722\/revisions\/2249"}],"wp:featuredmedia":[{"embeddable":true,"href":"https:\/\/classic-heimtiernahrung.de\/de\/wp-json\/wp\/v2\/media\/1723"}],"wp:attachment":[{"href":"https:\/\/classic-heimtiernahrung.de\/de\/wp-json\/wp\/v2\/media?parent=1722"}],"wp:term":[{"taxonomy":"product_brand","embeddable":true,"href":"https:\/\/classic-heimtiernahrung.de\/de\/wp-json\/wp\/v2\/product_brand?post=1722"},{"taxonomy":"product_cat","embeddable":true,"href":"https:\/\/classic-heimtiernahrung.de\/de\/wp-json\/wp\/v2\/product_cat?post=1722"},{"taxonomy":"product_tag","embeddable":true,"href":"https:\/\/classic-heimtiernahrung.de\/de\/wp-json\/wp\/v2\/product_tag?post=1722"}],"curies":[{"name":"wp","href":"https:\/\/api.w.org\/{rel}","templated":true}]}}