{"id":1718,"date":"2022-02-22T10:29:15","date_gmt":"2022-02-22T09:29:15","guid":{"rendered":"https:\/\/relaunch.classic-heimtiernahrung.de\/product\/classic-hunde-snack-rehlaeufe-mit-fell-2-st\/"},"modified":"2022-02-22T12:58:48","modified_gmt":"2022-02-22T11:58:48","slug":"classic-hunde-snack-rehlaeufe-mit-fell-2-st","status":"publish","type":"product","link":"https:\/\/classic-heimtiernahrung.de\/de\/product\/classic-hunde-snack-rehlaeufe-mit-fell-2-st\/","title":{"rendered":"Classic Hunde Snack Rehl\u00e4ufe mit Fell 2 St"},"content":{"rendered":"<p>Der Rehlauf ist mit seinem bisschen Fellanteil ein Kausnack der besonderen Art f\u00fcr Ihren Vierbeiner. Ihr Hund wird von diesem Wild-Snack begeistert sein, denn der Kauknochen bietet ihm einen nat\u00fcrlichen Kau- und Knabberspa\u00df und l\u00e4sst jedes Hundeherz h\u00f6her schlagen. Durch die feinen Haare am Rehlauf wird der Magen-Darm-Trakt auf nat\u00fcrliche Weise gereinigt und wirkt sich so positiv auf die Verdauung aus. Der Wild-Snack stammt ausschlie\u00dflich von freilebendem Wild, das in wilder Natur aufgewachsen und dem Jagdrecht unterliegt.<\/p>\n<h2>Inhaltsstoffe<\/h2>\n<p><\/p>\n<p>Protein: 44,10% Fett: 20,30% Feuchtigkeit: 7,40%<\/p>\n<p><\/p>\n<h2>F\u00fctterungsempfehlung<\/h2>\n<p>Bitte stellen Sie Ihrem Hund immer ausreichend frisches Wasser zu freien Verf\u00fcgung.<\/p>\n","protected":false},"excerpt":{"rendered":"<p>Rehl\u00e4ufe mit wenig Fell ohne Huf, antiallergischer Kauspass, reinigt Z\u00e4hne und Darmtrakt<\/p>\n","protected":false},"featured_media":1719,"template":"","meta":[],"product_brand":[],"product_cat":[55,57],"product_tag":[],"class_list":{"0":"post-1718","1":"product","2":"type-product","3":"status-publish","4":"has-post-thumbnail","6":"product_cat-classic-dog","7":"product_cat-classic-dog-trockenware","9":"first","10":"instock","11":"shipping-taxable","12":"purchasable","13":"product-type-simple"},"_links":{"self":[{"href":"https:\/\/classic-heimtiernahrung.de\/de\/wp-json\/wp\/v2\/product\/1718","targetHints":{"allow":["GET"]}}],"collection":[{"href":"https:\/\/classic-heimtiernahrung.de\/de\/wp-json\/wp\/v2\/product"}],"about":[{"href":"https:\/\/classic-heimtiernahrung.de\/de\/wp-json\/wp\/v2\/types\/product"}],"version-history":[{"count":1,"href":"https:\/\/classic-heimtiernahrung.de\/de\/wp-json\/wp\/v2\/product\/1718\/revisions"}],"predecessor-version":[{"id":2251,"href":"https:\/\/classic-heimtiernahrung.de\/de\/wp-json\/wp\/v2\/product\/1718\/revisions\/2251"}],"wp:featuredmedia":[{"embeddable":true,"href":"https:\/\/classic-heimtiernahrung.de\/de\/wp-json\/wp\/v2\/media\/1719"}],"wp:attachment":[{"href":"https:\/\/classic-heimtiernahrung.de\/de\/wp-json\/wp\/v2\/media?parent=1718"}],"wp:term":[{"taxonomy":"product_brand","embeddable":true,"href":"https:\/\/classic-heimtiernahrung.de\/de\/wp-json\/wp\/v2\/product_brand?post=1718"},{"taxonomy":"product_cat","embeddable":true,"href":"https:\/\/classic-heimtiernahrung.de\/de\/wp-json\/wp\/v2\/product_cat?post=1718"},{"taxonomy":"product_tag","embeddable":true,"href":"https:\/\/classic-heimtiernahrung.de\/de\/wp-json\/wp\/v2\/product_tag?post=1718"}],"curies":[{"name":"wp","href":"https:\/\/api.w.org\/{rel}","templated":true}]}}