{"id":1712,"date":"2022-02-22T10:27:46","date_gmt":"2022-02-22T09:27:46","guid":{"rendered":"https:\/\/relaunch.classic-heimtiernahrung.de\/product\/classic-hunde-snack-entenhaelse-1-kg\/"},"modified":"2022-02-22T12:58:48","modified_gmt":"2022-02-22T11:58:48","slug":"classic-hunde-snack-entenhaelse-1-kg","status":"publish","type":"product","link":"https:\/\/classic-heimtiernahrung.de\/de\/product\/classic-hunde-snack-entenhaelse-1-kg\/","title":{"rendered":"Classic Hunde Snack Entenh\u00e4lse 1 kg"},"content":{"rendered":"<p>Entenh\u00e4lse sind fettarm und auch f\u00fcr futterempfindliche Hunde geeignet<\/p>\n<p>Entenh\u00e4lse sind ein naturbelassener Kausnack.<br \/>Beim Zerkauen werden gleichzeitig die Z\u00e4hne von Bel\u00e4gen befreit, das Zahnfleisch massiert und die Kaumuskeln gekr\u00e4ftigt.<\/p>\n<p>Entenh\u00e4lse werden in einem speziellen Verfahren schonend getrocknet.<br \/>Trockenfleisch bietet eine ideale Alternative zu frischen Fleischteilen vom Metzger.<br \/>Es ist ebenso nahrhaft bei besseren Lagereigenschaften und besitzt einen angenehmeren Geruch.<\/p>\n<p>Entenh\u00e4lse sind aus 100% nat\u00fcrlichem Fleisch, ohne k\u00fcnstliche Konservierungsstoffe.<\/p>\n<p>Naturkauartikel &#8211; gesunder und schmackhafter Snack f\u00fcr Hunde &#8211; aus schlachtfrischen Rohprodukten, ohne Zusatz von Zucker oder Karamell, ohne Konservierungsstoffe, ohne chemische Zus\u00e4tze, ohne Aroma- und Farbstoffe, Knochenmehle o.\u00e4., schonend getrocknet, naturbelassen &#8211; hergestellt in Deutschland.<\/p>\n<p>Bitte lagern Sie dieses Produkt immer k\u00fchl und trocken.<\/p>\n<p>\u00a0<\/p>\n<p><\/p>\n<h2>Inhaltsstoffe<\/h2>\n<p><\/p>\n<p>Protein: 54,90% Fett: 22,50% Feuchtigkeit: 07,10%<\/p>\n<p><\/p>\n<h2>F\u00fctterungsempfehlung<\/h2>\n<p><\/p>\n<p>Als Belohnungssnack erg\u00e4nzend zur gewohnten Hauptnahrung. Bitte immer ausreichend Wasser zur Verf\u00fcgung stellen.<\/p>\n","protected":false},"excerpt":{"rendered":"<p>Naturkauartikel &#8211; gesunder und schmackhafter Snack f\u00fcr Hunde.<\/p>\n","protected":false},"featured_media":1713,"template":"","meta":[],"product_brand":[],"product_cat":[55,57],"product_tag":[],"class_list":{"0":"post-1712","1":"product","2":"type-product","3":"status-publish","4":"has-post-thumbnail","6":"product_cat-classic-dog","7":"product_cat-classic-dog-trockenware","9":"first","10":"instock","11":"shipping-taxable","12":"purchasable","13":"product-type-simple"},"_links":{"self":[{"href":"https:\/\/classic-heimtiernahrung.de\/de\/wp-json\/wp\/v2\/product\/1712","targetHints":{"allow":["GET"]}}],"collection":[{"href":"https:\/\/classic-heimtiernahrung.de\/de\/wp-json\/wp\/v2\/product"}],"about":[{"href":"https:\/\/classic-heimtiernahrung.de\/de\/wp-json\/wp\/v2\/types\/product"}],"version-history":[{"count":1,"href":"https:\/\/classic-heimtiernahrung.de\/de\/wp-json\/wp\/v2\/product\/1712\/revisions"}],"predecessor-version":[{"id":2254,"href":"https:\/\/classic-heimtiernahrung.de\/de\/wp-json\/wp\/v2\/product\/1712\/revisions\/2254"}],"wp:featuredmedia":[{"embeddable":true,"href":"https:\/\/classic-heimtiernahrung.de\/de\/wp-json\/wp\/v2\/media\/1713"}],"wp:attachment":[{"href":"https:\/\/classic-heimtiernahrung.de\/de\/wp-json\/wp\/v2\/media?parent=1712"}],"wp:term":[{"taxonomy":"product_brand","embeddable":true,"href":"https:\/\/classic-heimtiernahrung.de\/de\/wp-json\/wp\/v2\/product_brand?post=1712"},{"taxonomy":"product_cat","embeddable":true,"href":"https:\/\/classic-heimtiernahrung.de\/de\/wp-json\/wp\/v2\/product_cat?post=1712"},{"taxonomy":"product_tag","embeddable":true,"href":"https:\/\/classic-heimtiernahrung.de\/de\/wp-json\/wp\/v2\/product_tag?post=1712"}],"curies":[{"name":"wp","href":"https:\/\/api.w.org\/{rel}","templated":true}]}}