{"id":1700,"date":"2022-02-22T10:25:13","date_gmt":"2022-02-22T09:25:13","guid":{"rendered":"https:\/\/relaunch.classic-heimtiernahrung.de\/product\/classic-hunde-snack-schweineschaufelknochen-1-stueck\/"},"modified":"2022-02-22T12:58:49","modified_gmt":"2022-02-22T11:58:49","slug":"classic-hunde-snack-schweineschaufelknochen-1-stueck","status":"publish","type":"product","link":"https:\/\/classic-heimtiernahrung.de\/de\/product\/classic-hunde-snack-schweineschaufelknochen-1-stueck\/","title":{"rendered":"Classic Hunde Snack Schweineschaufelknochen 1 St\u00fcck"},"content":{"rendered":"<p>Leckerer SchweineschaufelKnochen. Der nat\u00fcrliche Kauartikel f\u00fcr Hund. Sauber verschwei\u00dft!<\/p>\n<h2>Inhaltsstoffe<\/h2>\n<p>Rohprotein 27,30%, Rohfett 29,20%, Rohasche 31,00%, Feuchtigkeit 11,70%<\/p>\n<h2>F\u00fctterungsempfehlung<\/h2>\n<p>Bitte stellen Sie Ihrem Hund immer ausreichend frisches Wasser zur freien Verf\u00fcgung bereit.<\/p>\n","protected":false},"excerpt":{"rendered":"<p>Ein leckerer Kauspa\u00df f\u00fcr Ihren Hund<\/p>\n","protected":false},"featured_media":1701,"template":"","meta":[],"product_brand":[],"product_cat":[55,57],"product_tag":[],"class_list":{"0":"post-1700","1":"product","2":"type-product","3":"status-publish","4":"has-post-thumbnail","6":"product_cat-classic-dog","7":"product_cat-classic-dog-trockenware","9":"first","10":"instock","11":"shipping-taxable","12":"purchasable","13":"product-type-simple"},"_links":{"self":[{"href":"https:\/\/classic-heimtiernahrung.de\/de\/wp-json\/wp\/v2\/product\/1700","targetHints":{"allow":["GET"]}}],"collection":[{"href":"https:\/\/classic-heimtiernahrung.de\/de\/wp-json\/wp\/v2\/product"}],"about":[{"href":"https:\/\/classic-heimtiernahrung.de\/de\/wp-json\/wp\/v2\/types\/product"}],"version-history":[{"count":1,"href":"https:\/\/classic-heimtiernahrung.de\/de\/wp-json\/wp\/v2\/product\/1700\/revisions"}],"predecessor-version":[{"id":2260,"href":"https:\/\/classic-heimtiernahrung.de\/de\/wp-json\/wp\/v2\/product\/1700\/revisions\/2260"}],"wp:featuredmedia":[{"embeddable":true,"href":"https:\/\/classic-heimtiernahrung.de\/de\/wp-json\/wp\/v2\/media\/1701"}],"wp:attachment":[{"href":"https:\/\/classic-heimtiernahrung.de\/de\/wp-json\/wp\/v2\/media?parent=1700"}],"wp:term":[{"taxonomy":"product_brand","embeddable":true,"href":"https:\/\/classic-heimtiernahrung.de\/de\/wp-json\/wp\/v2\/product_brand?post=1700"},{"taxonomy":"product_cat","embeddable":true,"href":"https:\/\/classic-heimtiernahrung.de\/de\/wp-json\/wp\/v2\/product_cat?post=1700"},{"taxonomy":"product_tag","embeddable":true,"href":"https:\/\/classic-heimtiernahrung.de\/de\/wp-json\/wp\/v2\/product_tag?post=1700"}],"curies":[{"name":"wp","href":"https:\/\/api.w.org\/{rel}","templated":true}]}}