{"id":1698,"date":"2022-02-22T10:24:47","date_gmt":"2022-02-22T09:24:47","guid":{"rendered":"https:\/\/relaunch.classic-heimtiernahrung.de\/product\/classic-hunde-snack-gefluegel-mix-400-g\/"},"modified":"2022-02-22T12:58:49","modified_gmt":"2022-02-22T11:58:49","slug":"classic-hunde-snack-gefluegel-mix-400-g","status":"publish","type":"product","link":"https:\/\/classic-heimtiernahrung.de\/de\/product\/classic-hunde-snack-gefluegel-mix-400-g\/","title":{"rendered":"Classic Hunde Snack Gefl\u00fcgel &#8211; Mix 400 g"},"content":{"rendered":"<p>Gefl\u00fcgelm\u00e4gen, Gefl\u00fcgelf\u00fc\u00dfe und H\u00e4hnchenh\u00e4lse sind fettarm und auch f\u00fcr futterempfindliche Hunde geeignet<\/p>\n<p>Gefl\u00fcgelm\u00e4gen, Gefl\u00fcgelf\u00fc\u00dfe und H\u00e4hnchenh\u00e4lse sind ein naturbelassener und fettarmer Kausnack zu 100% aus Gefl\u00fcgel.<br \/>Beim Zerkauen werden gleichzeitig die Z\u00e4hne von Bel\u00e4gen befreit, das Zahnfleisch massiert und die Kaumuskeln gekr\u00e4ftigt.<\/p>\n<p>Die Gefl\u00fcgelm\u00e4gen, Gefl\u00fcgelf\u00fc\u00dfe und H\u00e4hnchenh\u00e4lse werden in einem speziellen Verfahren schonend getrocknet.<br \/>Trockenfleisch bietet eine ideale Alternative zu frischen Fleischteilen vom Metzger.<br \/>Es ist ebenso nahrhaft bei besseren Lagereigenschaften und besitzt einen angenehmeren Geruch.<\/p>\n<p>Gefl\u00fcgelm\u00e4gen, Gefl\u00fcgelf\u00fc\u00dfe und H\u00e4hnchenh\u00e4lse sind aus 100% nat\u00fcrlichem Fleisch, ohne k\u00fcnstliche Konservierungsstoffe.<\/p>\n<p>Bitte lagern Sie dieses Produkt immer k\u00fchl und trocken.<\/p>\n<p><\/p>\n<h2>Inhaltsstoffe<\/h2>\n<p><\/p>\n<p>Protein: 51,68% Fett: 26,53% Feuchtigkeit:05,90%<\/p>\n<p><\/p>\n<h2>F\u00fctterungsempfehlung<\/h2>\n<p><\/p>\n<p>Als Belohnungssnack erg\u00e4nzend zur gewohnten Hauptnahrung. Bitte immer ausreichend Wasser zur Verf\u00fcgung stellen.<\/p>\n","protected":false},"excerpt":{"rendered":"<p>Das k\u00f6stlich, fettarme Naturprodukt f\u00fcr futterempfindliche Hunde geeignet<\/p>\n","protected":false},"featured_media":1699,"template":"","meta":[],"product_brand":[],"product_cat":[55,57],"product_tag":[],"class_list":{"0":"post-1698","1":"product","2":"type-product","3":"status-publish","4":"has-post-thumbnail","6":"product_cat-classic-dog","7":"product_cat-classic-dog-trockenware","9":"first","10":"instock","11":"shipping-taxable","12":"purchasable","13":"product-type-simple"},"_links":{"self":[{"href":"https:\/\/classic-heimtiernahrung.de\/de\/wp-json\/wp\/v2\/product\/1698","targetHints":{"allow":["GET"]}}],"collection":[{"href":"https:\/\/classic-heimtiernahrung.de\/de\/wp-json\/wp\/v2\/product"}],"about":[{"href":"https:\/\/classic-heimtiernahrung.de\/de\/wp-json\/wp\/v2\/types\/product"}],"version-history":[{"count":1,"href":"https:\/\/classic-heimtiernahrung.de\/de\/wp-json\/wp\/v2\/product\/1698\/revisions"}],"predecessor-version":[{"id":2261,"href":"https:\/\/classic-heimtiernahrung.de\/de\/wp-json\/wp\/v2\/product\/1698\/revisions\/2261"}],"wp:featuredmedia":[{"embeddable":true,"href":"https:\/\/classic-heimtiernahrung.de\/de\/wp-json\/wp\/v2\/media\/1699"}],"wp:attachment":[{"href":"https:\/\/classic-heimtiernahrung.de\/de\/wp-json\/wp\/v2\/media?parent=1698"}],"wp:term":[{"taxonomy":"product_brand","embeddable":true,"href":"https:\/\/classic-heimtiernahrung.de\/de\/wp-json\/wp\/v2\/product_brand?post=1698"},{"taxonomy":"product_cat","embeddable":true,"href":"https:\/\/classic-heimtiernahrung.de\/de\/wp-json\/wp\/v2\/product_cat?post=1698"},{"taxonomy":"product_tag","embeddable":true,"href":"https:\/\/classic-heimtiernahrung.de\/de\/wp-json\/wp\/v2\/product_tag?post=1698"}],"curies":[{"name":"wp","href":"https:\/\/api.w.org\/{rel}","templated":true}]}}