{"id":1692,"date":"2022-02-22T10:23:25","date_gmt":"2022-02-22T09:23:25","guid":{"rendered":"https:\/\/relaunch.classic-heimtiernahrung.de\/product\/classic-hunde-snack-pferderoehrbein-mit-fleisch-1-stueck\/"},"modified":"2022-02-22T12:58:50","modified_gmt":"2022-02-22T11:58:50","slug":"classic-hunde-snack-pferderoehrbein-mit-fleisch-1-stueck","status":"publish","type":"product","link":"https:\/\/classic-heimtiernahrung.de\/de\/product\/classic-hunde-snack-pferderoehrbein-mit-fleisch-1-stueck\/","title":{"rendered":"Classic Hunde Snack Pferder\u00f6hrbein mit Fleisch 1 St\u00fcck"},"content":{"rendered":"<p>Pferde-Unterbein ist hypoallergen und daher besonders f\u00fcr Tiere geeignet, die unter einer Futterallergie leiden.<\/p>\n<h2>Inhaltsstoffe<\/h2>\n<p><\/p>\n<p>Protein: 53,40% Fett: 15,50% Feuchtig: 07,10%<\/p>\n<p><\/p>\n<h2>F\u00fctterungsempfehlung<\/h2>\n<p><\/p>\n<p> Bitte stellen Sie Ihrem Hund immer ausreichend frisches Wasser zur freien Verf&uuml;gung bereit.<\/p>\n","protected":false},"excerpt":{"rendered":"<p>Ein leckerer hypoallergener Kauspa\u00df f\u00fcr Hunde<\/p>\n","protected":false},"featured_media":1693,"template":"","meta":[],"product_brand":[],"product_cat":[55,57],"product_tag":[],"class_list":{"0":"post-1692","1":"product","2":"type-product","3":"status-publish","4":"has-post-thumbnail","6":"product_cat-classic-dog","7":"product_cat-classic-dog-trockenware","9":"first","10":"instock","11":"shipping-taxable","12":"purchasable","13":"product-type-simple"},"_links":{"self":[{"href":"https:\/\/classic-heimtiernahrung.de\/de\/wp-json\/wp\/v2\/product\/1692","targetHints":{"allow":["GET"]}}],"collection":[{"href":"https:\/\/classic-heimtiernahrung.de\/de\/wp-json\/wp\/v2\/product"}],"about":[{"href":"https:\/\/classic-heimtiernahrung.de\/de\/wp-json\/wp\/v2\/types\/product"}],"version-history":[{"count":1,"href":"https:\/\/classic-heimtiernahrung.de\/de\/wp-json\/wp\/v2\/product\/1692\/revisions"}],"predecessor-version":[{"id":2264,"href":"https:\/\/classic-heimtiernahrung.de\/de\/wp-json\/wp\/v2\/product\/1692\/revisions\/2264"}],"wp:featuredmedia":[{"embeddable":true,"href":"https:\/\/classic-heimtiernahrung.de\/de\/wp-json\/wp\/v2\/media\/1693"}],"wp:attachment":[{"href":"https:\/\/classic-heimtiernahrung.de\/de\/wp-json\/wp\/v2\/media?parent=1692"}],"wp:term":[{"taxonomy":"product_brand","embeddable":true,"href":"https:\/\/classic-heimtiernahrung.de\/de\/wp-json\/wp\/v2\/product_brand?post=1692"},{"taxonomy":"product_cat","embeddable":true,"href":"https:\/\/classic-heimtiernahrung.de\/de\/wp-json\/wp\/v2\/product_cat?post=1692"},{"taxonomy":"product_tag","embeddable":true,"href":"https:\/\/classic-heimtiernahrung.de\/de\/wp-json\/wp\/v2\/product_tag?post=1692"}],"curies":[{"name":"wp","href":"https:\/\/api.w.org\/{rel}","templated":true}]}}