{"id":1690,"date":"2022-02-22T10:22:58","date_gmt":"2022-02-22T09:22:58","guid":{"rendered":"https:\/\/relaunch.classic-heimtiernahrung.de\/product\/classic-hunde-snack-huehnerfuesse-1-kg\/"},"modified":"2022-02-22T12:58:50","modified_gmt":"2022-02-22T11:58:50","slug":"classic-hunde-snack-huehnerfuesse-1-kg","status":"publish","type":"product","link":"https:\/\/classic-heimtiernahrung.de\/de\/product\/classic-hunde-snack-huehnerfuesse-1-kg\/","title":{"rendered":"Classic Hunde Snack H\u00fchnerf\u00fc\u00dfe 1 kg"},"content":{"rendered":"<p>H\u00fchnerf\u00fc\u00dfe sind ein leckerer, fettarmer und knorpeliger Kauspa\u00df f\u00fcr Gro\u00df und Klein.<\/p>\n<p>H\u00fchnerf\u00fc\u00dfe sind ein naturbelassener und fettarmer Kausnack aus 100% H\u00fchnerfleisch.<br \/>Beim Zerkauen werden gleichzeitig die Z\u00e4hne von Bel\u00e4gen befreit, das Zahnfleisch massiert und die Kaumuskeln gekr\u00e4ftigt.<\/p>\n<p>Die H\u00fchnerf\u00fc\u00dfe werden in einem speziellen Verfahren schonend getrocknet.<br \/>Durch die Trocknung werden die F\u00fc\u00dfe weich, so dass ein Splittern nicht mehr m\u00f6glich ist.<\/p>\n<p>Trockenfleisch bietet eine ideale Alternative zu frischen Fleischteilen vom Metzger.<br \/>Es ist ebenso nahrhaft bei besseren Lagereigenschaften und besitzt einen angenehmeren Geruch.<\/p>\n<p>H\u00fchnerf\u00fc\u00dfe sind aus 100% nat\u00fcrlichen Rohstoffen, ohne k\u00fcnstliche Konservierungsstoffe.<\/p>\n<p>Bitte lagern Sie dieses Produkt immer k\u00fchl und trocken.<\/p>\n<p><\/p>\n<h2>Inhaltsstoffe<\/h2>\n<p><\/p>\n<p>Protein: 42,50% Fett: 13,80% Feuchtigkeit: 05,90%<\/p>\n<p><\/p>\n<h2>F\u00fctterungsempfehlung<\/h2>\n<p><\/p>\n<p>Als Belohnungssnack erg\u00e4nzend zur gewohnten Hauptnahrung. Bitte immer ausreichend Wasser zur Verf\u00fcgung stellen.<\/p>\n","protected":false},"excerpt":{"rendered":"<p>Das k\u00f6stlich, fettarme Naturprodukt f\u00fcr futterempfindliche Hunde geeignet<\/p>\n","protected":false},"featured_media":1691,"template":"","meta":[],"product_brand":[],"product_cat":[55,57],"product_tag":[],"class_list":{"0":"post-1690","1":"product","2":"type-product","3":"status-publish","4":"has-post-thumbnail","6":"product_cat-classic-dog","7":"product_cat-classic-dog-trockenware","9":"first","10":"instock","11":"shipping-taxable","12":"purchasable","13":"product-type-simple"},"_links":{"self":[{"href":"https:\/\/classic-heimtiernahrung.de\/de\/wp-json\/wp\/v2\/product\/1690","targetHints":{"allow":["GET"]}}],"collection":[{"href":"https:\/\/classic-heimtiernahrung.de\/de\/wp-json\/wp\/v2\/product"}],"about":[{"href":"https:\/\/classic-heimtiernahrung.de\/de\/wp-json\/wp\/v2\/types\/product"}],"version-history":[{"count":1,"href":"https:\/\/classic-heimtiernahrung.de\/de\/wp-json\/wp\/v2\/product\/1690\/revisions"}],"predecessor-version":[{"id":2265,"href":"https:\/\/classic-heimtiernahrung.de\/de\/wp-json\/wp\/v2\/product\/1690\/revisions\/2265"}],"wp:featuredmedia":[{"embeddable":true,"href":"https:\/\/classic-heimtiernahrung.de\/de\/wp-json\/wp\/v2\/media\/1691"}],"wp:attachment":[{"href":"https:\/\/classic-heimtiernahrung.de\/de\/wp-json\/wp\/v2\/media?parent=1690"}],"wp:term":[{"taxonomy":"product_brand","embeddable":true,"href":"https:\/\/classic-heimtiernahrung.de\/de\/wp-json\/wp\/v2\/product_brand?post=1690"},{"taxonomy":"product_cat","embeddable":true,"href":"https:\/\/classic-heimtiernahrung.de\/de\/wp-json\/wp\/v2\/product_cat?post=1690"},{"taxonomy":"product_tag","embeddable":true,"href":"https:\/\/classic-heimtiernahrung.de\/de\/wp-json\/wp\/v2\/product_tag?post=1690"}],"curies":[{"name":"wp","href":"https:\/\/api.w.org\/{rel}","templated":true}]}}