{"id":1682,"date":"2022-02-22T10:21:07","date_gmt":"2022-02-22T09:21:07","guid":{"rendered":"https:\/\/relaunch.classic-heimtiernahrung.de\/product\/classic-hunde-snack-rinderachillessehnen-1000-g\/"},"modified":"2022-02-22T12:58:51","modified_gmt":"2022-02-22T11:58:51","slug":"classic-hunde-snack-rinderachillessehnen-1000-g","status":"publish","type":"product","link":"https:\/\/classic-heimtiernahrung.de\/de\/product\/classic-hunde-snack-rinderachillessehnen-1000-g\/","title":{"rendered":"Classic Hunde Snack Rinderachillessehnen 1000 g"},"content":{"rendered":"<p> Rinderachillessehnen sind ein langer Kauspa&szlig; f&uuml;r zwischendurch. Dieser Hundekauartikel ist hart und mager und st&auml;rkt die Kaumuskeln Ihres Hundes. Gleichzeitig werden die Z&auml;hne auf nat&uuml;rliche Weise gereinigt.<\/p>\n<p><\/p>\n<h2>Inhaltsstoffe<\/h2>\n<p><\/p>\n<p> Rohprotein 61,10%,Rohfett 14,90 %,Rohasche 12,30 %,Feuchtigkeit 7,50 %<\/p>\n<p><\/p>\n<h2>F\u00fctterungsempfehlung<\/h2>\n<p><\/p>\n<p> Bitte stellen Sie Ihrem Hund immer ausreichend frisches Wasser zur freien Verf&uuml;gung bereit.<\/p>\n","protected":false},"excerpt":{"rendered":"<p>Rinderachillessehnen sind ein langer Kauspa\u00df f\u00fcr Ihren Hund f\u00fcr zwischendurch<\/p>\n","protected":false},"featured_media":1683,"template":"","meta":[],"product_brand":[],"product_cat":[55,57],"product_tag":[],"class_list":{"0":"post-1682","1":"product","2":"type-product","3":"status-publish","4":"has-post-thumbnail","6":"product_cat-classic-dog","7":"product_cat-classic-dog-trockenware","9":"first","10":"instock","11":"shipping-taxable","12":"purchasable","13":"product-type-simple"},"_links":{"self":[{"href":"https:\/\/classic-heimtiernahrung.de\/de\/wp-json\/wp\/v2\/product\/1682","targetHints":{"allow":["GET"]}}],"collection":[{"href":"https:\/\/classic-heimtiernahrung.de\/de\/wp-json\/wp\/v2\/product"}],"about":[{"href":"https:\/\/classic-heimtiernahrung.de\/de\/wp-json\/wp\/v2\/types\/product"}],"version-history":[{"count":1,"href":"https:\/\/classic-heimtiernahrung.de\/de\/wp-json\/wp\/v2\/product\/1682\/revisions"}],"predecessor-version":[{"id":2269,"href":"https:\/\/classic-heimtiernahrung.de\/de\/wp-json\/wp\/v2\/product\/1682\/revisions\/2269"}],"wp:featuredmedia":[{"embeddable":true,"href":"https:\/\/classic-heimtiernahrung.de\/de\/wp-json\/wp\/v2\/media\/1683"}],"wp:attachment":[{"href":"https:\/\/classic-heimtiernahrung.de\/de\/wp-json\/wp\/v2\/media?parent=1682"}],"wp:term":[{"taxonomy":"product_brand","embeddable":true,"href":"https:\/\/classic-heimtiernahrung.de\/de\/wp-json\/wp\/v2\/product_brand?post=1682"},{"taxonomy":"product_cat","embeddable":true,"href":"https:\/\/classic-heimtiernahrung.de\/de\/wp-json\/wp\/v2\/product_cat?post=1682"},{"taxonomy":"product_tag","embeddable":true,"href":"https:\/\/classic-heimtiernahrung.de\/de\/wp-json\/wp\/v2\/product_tag?post=1682"}],"curies":[{"name":"wp","href":"https:\/\/api.w.org\/{rel}","templated":true}]}}