{"id":1674,"date":"2022-02-22T10:19:16","date_gmt":"2022-02-22T09:19:16","guid":{"rendered":"https:\/\/relaunch.classic-heimtiernahrung.de\/product\/classic-hunde-snack-rinderachillessehnen-200-g\/"},"modified":"2022-02-22T12:58:52","modified_gmt":"2022-02-22T11:58:52","slug":"classic-hunde-snack-rinderachillessehnen-200-g","status":"publish","type":"product","link":"https:\/\/classic-heimtiernahrung.de\/de\/product\/classic-hunde-snack-rinderachillessehnen-200-g\/","title":{"rendered":"Classic Hunde Snack Rinderachillessehnen 200 g"},"content":{"rendered":"<p>Rinderachillessehnen sind ein langer Kauspa\u00df f\u00fcr zwischendurch. Dieser Hundekauartikel ist hart und mager und st\u00e4rkt die Kaumuskeln Ihres Hundes.Gleichzeitig werden die Z\u00e4hne auf nat\u00fcrliche Weise gereinigt.<\/p>\n<h2>Inhaltsstoffe<\/h2>\n<p>Rohprotein 61,10%,Rohfett 14,90 %,Rohasche 12,30 %,Feuchtigkeit 7,50 %<\/p>\n<h2>F\u00fctterungsempfehlung<\/h2>\n<p><\/p>\n<p> Bitte stellen Sie Ihrem Hund immer ausreichend frisches Wasser zur freien Verf&uuml;gung bereit.<\/p>\n","protected":false},"excerpt":{"rendered":"<p>Rinderachillessehnen sind ein langer Kauspa\u00df f\u00fcr Ihren Hund f\u00fcr zwischendurch<\/p>\n","protected":false},"featured_media":1675,"template":"","meta":[],"product_brand":[],"product_cat":[55,57],"product_tag":[],"class_list":{"0":"post-1674","1":"product","2":"type-product","3":"status-publish","4":"has-post-thumbnail","6":"product_cat-classic-dog","7":"product_cat-classic-dog-trockenware","9":"first","10":"instock","11":"shipping-taxable","12":"purchasable","13":"product-type-simple"},"_links":{"self":[{"href":"https:\/\/classic-heimtiernahrung.de\/de\/wp-json\/wp\/v2\/product\/1674","targetHints":{"allow":["GET"]}}],"collection":[{"href":"https:\/\/classic-heimtiernahrung.de\/de\/wp-json\/wp\/v2\/product"}],"about":[{"href":"https:\/\/classic-heimtiernahrung.de\/de\/wp-json\/wp\/v2\/types\/product"}],"version-history":[{"count":1,"href":"https:\/\/classic-heimtiernahrung.de\/de\/wp-json\/wp\/v2\/product\/1674\/revisions"}],"predecessor-version":[{"id":2273,"href":"https:\/\/classic-heimtiernahrung.de\/de\/wp-json\/wp\/v2\/product\/1674\/revisions\/2273"}],"wp:featuredmedia":[{"embeddable":true,"href":"https:\/\/classic-heimtiernahrung.de\/de\/wp-json\/wp\/v2\/media\/1675"}],"wp:attachment":[{"href":"https:\/\/classic-heimtiernahrung.de\/de\/wp-json\/wp\/v2\/media?parent=1674"}],"wp:term":[{"taxonomy":"product_brand","embeddable":true,"href":"https:\/\/classic-heimtiernahrung.de\/de\/wp-json\/wp\/v2\/product_brand?post=1674"},{"taxonomy":"product_cat","embeddable":true,"href":"https:\/\/classic-heimtiernahrung.de\/de\/wp-json\/wp\/v2\/product_cat?post=1674"},{"taxonomy":"product_tag","embeddable":true,"href":"https:\/\/classic-heimtiernahrung.de\/de\/wp-json\/wp\/v2\/product_tag?post=1674"}],"curies":[{"name":"wp","href":"https:\/\/api.w.org\/{rel}","templated":true}]}}