{"id":1672,"date":"2022-02-22T10:18:51","date_gmt":"2022-02-22T09:18:51","guid":{"rendered":"https:\/\/relaunch.classic-heimtiernahrung.de\/product\/classic-hunde-snack-gefluegel-krusties-1kg\/"},"modified":"2022-02-22T12:58:52","modified_gmt":"2022-02-22T11:58:52","slug":"classic-hunde-snack-gefluegel-krusties-1kg","status":"publish","type":"product","link":"https:\/\/classic-heimtiernahrung.de\/de\/product\/classic-hunde-snack-gefluegel-krusties-1kg\/","title":{"rendered":"Classic Hunde Snack Gefl\u00fcgel &#8211; Krusties 1kg"},"content":{"rendered":"<p>Die Gefl\u00fcgel &#8211; Kusties sind f\u00fcr futterempfindliche Hunde geeignet. Die Gefl\u00fcgel &#8211; Krusties sind ein naturbelassener Kausnack. Beim Zerkauen werden gleichzeitig die Z\u00e4hne von Bel\u00e4gen befreit, das Zahnfleisch massiert und die Kaumuskeln gekr\u00e4ftigt.Die Gefl\u00fcgel &#8211; Krusties werden in einem speziellen Verfahren schonend getrocknet. Trockenfleisch bietet eine ideale Alternative zu frischen Fleischteilen vom Metzger. Es ist ebenso nahrhaft bei besseren Lagereigenschaften und besitzt einen angenehmeren Geruch.Die Gefl\u00fcgel &#8211; Krusties sind aus 100% nat\u00fcrlichem Fleisch, ohne k\u00fcnstliche Konservierungsstoffe.Bitte lagern Sie dieses Produkt immer k\u00fchl und trocken.<\/p>\n<p><\/p>\n<h2>Inhaltsstoffe<\/h2>\n<p><\/p>\n<p>Protein: 35,80% Fett: 49,30% Feuchtigkeit: 05,20%<\/p>\n<p><\/p>\n<h2>F\u00fctterungsempfehlung<\/h2>\n<p><\/p>\n<p>Als Belohnungssnack erg\u00e4nzend zur gewohnten Hauptnahrung. Bitte immer ausreichend Wasser zur Verf\u00fcgung stellen.<\/p>\n","protected":false},"excerpt":{"rendered":"<p>Das k\u00f6stlich, fettarme Naturprodukt f\u00fcr futterempfindliche Hunde geeignet<\/p>\n","protected":false},"featured_media":1673,"template":"","meta":[],"product_brand":[],"product_cat":[55,57],"product_tag":[],"class_list":{"0":"post-1672","1":"product","2":"type-product","3":"status-publish","4":"has-post-thumbnail","6":"product_cat-classic-dog","7":"product_cat-classic-dog-trockenware","9":"first","10":"instock","11":"shipping-taxable","12":"purchasable","13":"product-type-simple"},"_links":{"self":[{"href":"https:\/\/classic-heimtiernahrung.de\/de\/wp-json\/wp\/v2\/product\/1672","targetHints":{"allow":["GET"]}}],"collection":[{"href":"https:\/\/classic-heimtiernahrung.de\/de\/wp-json\/wp\/v2\/product"}],"about":[{"href":"https:\/\/classic-heimtiernahrung.de\/de\/wp-json\/wp\/v2\/types\/product"}],"version-history":[{"count":1,"href":"https:\/\/classic-heimtiernahrung.de\/de\/wp-json\/wp\/v2\/product\/1672\/revisions"}],"predecessor-version":[{"id":2274,"href":"https:\/\/classic-heimtiernahrung.de\/de\/wp-json\/wp\/v2\/product\/1672\/revisions\/2274"}],"wp:featuredmedia":[{"embeddable":true,"href":"https:\/\/classic-heimtiernahrung.de\/de\/wp-json\/wp\/v2\/media\/1673"}],"wp:attachment":[{"href":"https:\/\/classic-heimtiernahrung.de\/de\/wp-json\/wp\/v2\/media?parent=1672"}],"wp:term":[{"taxonomy":"product_brand","embeddable":true,"href":"https:\/\/classic-heimtiernahrung.de\/de\/wp-json\/wp\/v2\/product_brand?post=1672"},{"taxonomy":"product_cat","embeddable":true,"href":"https:\/\/classic-heimtiernahrung.de\/de\/wp-json\/wp\/v2\/product_cat?post=1672"},{"taxonomy":"product_tag","embeddable":true,"href":"https:\/\/classic-heimtiernahrung.de\/de\/wp-json\/wp\/v2\/product_tag?post=1672"}],"curies":[{"name":"wp","href":"https:\/\/api.w.org\/{rel}","templated":true}]}}