{"id":1660,"date":"2022-02-22T10:15:58","date_gmt":"2022-02-22T09:15:58","guid":{"rendered":"https:\/\/relaunch.classic-heimtiernahrung.de\/product\/classic-hunde-snack-hirschohren-mit-fell-25-stueck-im-karton\/"},"modified":"2022-02-22T12:58:53","modified_gmt":"2022-02-22T11:58:53","slug":"classic-hunde-snack-hirschohren-mit-fell-25-stueck-im-karton","status":"publish","type":"product","link":"https:\/\/classic-heimtiernahrung.de\/de\/product\/classic-hunde-snack-hirschohren-mit-fell-25-stueck-im-karton\/","title":{"rendered":"Classic Hunde Snack Hirschohren mit Fell 25 St\u00fcck im Karton"},"content":{"rendered":"<p>Getrocknete Hirschohren sind ein robuster Kauartikel selbst f\u00fcr gro\u00dfe und sehr gro\u00dfe Hunde. Geeignet auch f\u00fcr viele sensible Hunde und Allergiker.<\/p>\n<h2>Inhaltsstoffe<\/h2>\n<p><\/p>\n<p>Protein: 56,40% Fett: 28,20% Feuchtigkeit: 09,00%<\/p>\n<p><\/p>\n<h2>F\u00fctterungsempfehlung<\/h2>\n<p>Belohungssnack. Bitte stellen Sie Ihrem Vierbeiner immer gen\u00fcgend Wasser zur Verf\u00fcgung.<\/p>\n","protected":false},"excerpt":{"rendered":"<p>Einzelfuttermittel f\u00fcr Hunde. F\u00fcr ern\u00e4hrungsempfindliche Hunde geeignet.<\/p>\n","protected":false},"featured_media":1661,"template":"","meta":[],"product_brand":[],"product_cat":[55,57],"product_tag":[],"class_list":{"0":"post-1660","1":"product","2":"type-product","3":"status-publish","4":"has-post-thumbnail","6":"product_cat-classic-dog","7":"product_cat-classic-dog-trockenware","9":"first","10":"instock","11":"shipping-taxable","12":"purchasable","13":"product-type-simple"},"_links":{"self":[{"href":"https:\/\/classic-heimtiernahrung.de\/de\/wp-json\/wp\/v2\/product\/1660","targetHints":{"allow":["GET"]}}],"collection":[{"href":"https:\/\/classic-heimtiernahrung.de\/de\/wp-json\/wp\/v2\/product"}],"about":[{"href":"https:\/\/classic-heimtiernahrung.de\/de\/wp-json\/wp\/v2\/types\/product"}],"version-history":[{"count":1,"href":"https:\/\/classic-heimtiernahrung.de\/de\/wp-json\/wp\/v2\/product\/1660\/revisions"}],"predecessor-version":[{"id":2280,"href":"https:\/\/classic-heimtiernahrung.de\/de\/wp-json\/wp\/v2\/product\/1660\/revisions\/2280"}],"wp:featuredmedia":[{"embeddable":true,"href":"https:\/\/classic-heimtiernahrung.de\/de\/wp-json\/wp\/v2\/media\/1661"}],"wp:attachment":[{"href":"https:\/\/classic-heimtiernahrung.de\/de\/wp-json\/wp\/v2\/media?parent=1660"}],"wp:term":[{"taxonomy":"product_brand","embeddable":true,"href":"https:\/\/classic-heimtiernahrung.de\/de\/wp-json\/wp\/v2\/product_brand?post=1660"},{"taxonomy":"product_cat","embeddable":true,"href":"https:\/\/classic-heimtiernahrung.de\/de\/wp-json\/wp\/v2\/product_cat?post=1660"},{"taxonomy":"product_tag","embeddable":true,"href":"https:\/\/classic-heimtiernahrung.de\/de\/wp-json\/wp\/v2\/product_tag?post=1660"}],"curies":[{"name":"wp","href":"https:\/\/api.w.org\/{rel}","templated":true}]}}