{"id":1658,"date":"2022-02-22T10:15:32","date_gmt":"2022-02-22T09:15:32","guid":{"rendered":"https:\/\/relaunch.classic-heimtiernahrung.de\/product\/classic-hunde-snack-lammohren-mit-fell-1000g-im-beutel\/"},"modified":"2022-02-22T12:58:53","modified_gmt":"2022-02-22T11:58:53","slug":"classic-hunde-snack-lammohren-mit-fell-1000g-im-beutel","status":"publish","type":"product","link":"https:\/\/classic-heimtiernahrung.de\/de\/product\/classic-hunde-snack-lammohren-mit-fell-1000g-im-beutel\/","title":{"rendered":"Classic Hunde Snack Lammohren mit Fell 1000g im Beutel"},"content":{"rendered":"<p>Lammohren mit Fell dienen als Kalzium- und Balaststofflieferant f\u00fcr ihren Hund. Geeignet auch f\u00fcr viele sensible Hunde und Allergiker.<\/p>\n<h2>Inhaltsstoffe<\/h2>\n<p><\/p>\n<p>Protein: 59,25% Fett: 30,33% Feuchtigkeit: 08,55%<\/p>\n<p><\/p>\n<h2>F\u00fctterungsempfehlung<\/h2>\n<p>Belohungssnack. Bitte stellen Sie Ihrem Vierbeiner immer gen\u00fcgend Wasser zur Verf\u00fcgung.<\/p>\n","protected":false},"excerpt":{"rendered":"<p>Einzelfuttermittel f\u00fcr Hunde. F\u00fcr ern\u00e4hrungsempfindliche Hunde geeignet.<\/p>\n","protected":false},"featured_media":1659,"template":"","meta":[],"product_brand":[],"product_cat":[55,57],"product_tag":[],"class_list":{"0":"post-1658","1":"product","2":"type-product","3":"status-publish","4":"has-post-thumbnail","6":"product_cat-classic-dog","7":"product_cat-classic-dog-trockenware","9":"first","10":"instock","11":"shipping-taxable","12":"purchasable","13":"product-type-simple"},"_links":{"self":[{"href":"https:\/\/classic-heimtiernahrung.de\/de\/wp-json\/wp\/v2\/product\/1658","targetHints":{"allow":["GET"]}}],"collection":[{"href":"https:\/\/classic-heimtiernahrung.de\/de\/wp-json\/wp\/v2\/product"}],"about":[{"href":"https:\/\/classic-heimtiernahrung.de\/de\/wp-json\/wp\/v2\/types\/product"}],"version-history":[{"count":1,"href":"https:\/\/classic-heimtiernahrung.de\/de\/wp-json\/wp\/v2\/product\/1658\/revisions"}],"predecessor-version":[{"id":2281,"href":"https:\/\/classic-heimtiernahrung.de\/de\/wp-json\/wp\/v2\/product\/1658\/revisions\/2281"}],"wp:featuredmedia":[{"embeddable":true,"href":"https:\/\/classic-heimtiernahrung.de\/de\/wp-json\/wp\/v2\/media\/1659"}],"wp:attachment":[{"href":"https:\/\/classic-heimtiernahrung.de\/de\/wp-json\/wp\/v2\/media?parent=1658"}],"wp:term":[{"taxonomy":"product_brand","embeddable":true,"href":"https:\/\/classic-heimtiernahrung.de\/de\/wp-json\/wp\/v2\/product_brand?post=1658"},{"taxonomy":"product_cat","embeddable":true,"href":"https:\/\/classic-heimtiernahrung.de\/de\/wp-json\/wp\/v2\/product_cat?post=1658"},{"taxonomy":"product_tag","embeddable":true,"href":"https:\/\/classic-heimtiernahrung.de\/de\/wp-json\/wp\/v2\/product_tag?post=1658"}],"curies":[{"name":"wp","href":"https:\/\/api.w.org\/{rel}","templated":true}]}}