{"id":1646,"date":"2022-02-22T10:12:41","date_gmt":"2022-02-22T09:12:41","guid":{"rendered":"https:\/\/relaunch.classic-heimtiernahrung.de\/product\/classic-hunde-snack-hirschsehnen-1000g-im-beutel\/"},"modified":"2022-02-22T12:58:54","modified_gmt":"2022-02-22T11:58:54","slug":"classic-hunde-snack-hirschsehnen-1000g-im-beutel","status":"publish","type":"product","link":"https:\/\/classic-heimtiernahrung.de\/de\/product\/classic-hunde-snack-hirschsehnen-1000g-im-beutel\/","title":{"rendered":"Classic Hunde Snack Hirschsehnen 1000g im Beutel"},"content":{"rendered":"<p>Getrocknete Hirschsehnen sind ein ideales Kauvergn\u00fcgen f\u00fcr Hunde mit Allergien und dazu besonders fettarm. Zur Unterst\u00fctzung der Zahnpflege geeignet.<\/p>\n<h2>Inhaltsstoffe<\/h2>\n<p>Hirschsehen, getrocknetRohprotein 78,3%, Rohfett 10,5%, Feuchtigkeit 8,0%, Rohasche 2,3%<\/p>\n<h2>F\u00fctterungsempfehlung<\/h2>\n<p>Belohungssnack. Bitte stellen Sie Ihrem Vierbeiner immer gen\u00fcgend Wasser zur Verf\u00fcgung.<\/p>\n","protected":false},"excerpt":{"rendered":"<p>Einzelfuttermittel f\u00fcr Hunde. F\u00fcr ern\u00e4hrungsempfindliche Hunde geeignet.<\/p>\n","protected":false},"featured_media":1647,"template":"","meta":[],"product_brand":[],"product_cat":[55,57],"product_tag":[],"class_list":{"0":"post-1646","1":"product","2":"type-product","3":"status-publish","4":"has-post-thumbnail","6":"product_cat-classic-dog","7":"product_cat-classic-dog-trockenware","9":"first","10":"instock","11":"shipping-taxable","12":"purchasable","13":"product-type-simple"},"_links":{"self":[{"href":"https:\/\/classic-heimtiernahrung.de\/de\/wp-json\/wp\/v2\/product\/1646","targetHints":{"allow":["GET"]}}],"collection":[{"href":"https:\/\/classic-heimtiernahrung.de\/de\/wp-json\/wp\/v2\/product"}],"about":[{"href":"https:\/\/classic-heimtiernahrung.de\/de\/wp-json\/wp\/v2\/types\/product"}],"version-history":[{"count":1,"href":"https:\/\/classic-heimtiernahrung.de\/de\/wp-json\/wp\/v2\/product\/1646\/revisions"}],"predecessor-version":[{"id":2287,"href":"https:\/\/classic-heimtiernahrung.de\/de\/wp-json\/wp\/v2\/product\/1646\/revisions\/2287"}],"wp:featuredmedia":[{"embeddable":true,"href":"https:\/\/classic-heimtiernahrung.de\/de\/wp-json\/wp\/v2\/media\/1647"}],"wp:attachment":[{"href":"https:\/\/classic-heimtiernahrung.de\/de\/wp-json\/wp\/v2\/media?parent=1646"}],"wp:term":[{"taxonomy":"product_brand","embeddable":true,"href":"https:\/\/classic-heimtiernahrung.de\/de\/wp-json\/wp\/v2\/product_brand?post=1646"},{"taxonomy":"product_cat","embeddable":true,"href":"https:\/\/classic-heimtiernahrung.de\/de\/wp-json\/wp\/v2\/product_cat?post=1646"},{"taxonomy":"product_tag","embeddable":true,"href":"https:\/\/classic-heimtiernahrung.de\/de\/wp-json\/wp\/v2\/product_tag?post=1646"}],"curies":[{"name":"wp","href":"https:\/\/api.w.org\/{rel}","templated":true}]}}