{"id":1422,"date":"2022-02-16T10:41:02","date_gmt":"2022-02-16T09:41:02","guid":{"rendered":"https:\/\/relaunch.classic-heimtiernahrung.de\/product\/classic-bird-gartenvogelfutter-10kg\/"},"modified":"2022-02-22T09:40:38","modified_gmt":"2022-02-22T08:40:38","slug":"classic-bird-gartenvogelfutter-10kg","status":"publish","type":"product","link":"https:\/\/classic-heimtiernahrung.de\/de\/product\/classic-bird-gartenvogelfutter-10kg\/","title":{"rendered":"Classic Bird Gartenvogelfutter 10kg"},"content":{"rendered":"<p>Die ganzj\u00e4hrige F\u00fctterung von Gartenv\u00f6geln wird immer beliebter.<\/p>\n<p>Fr\u00fcchte und getrocknete Insekten sorgen daf\u00fcr das an Ihrer Futterstelle der Teufel los ist<\/p>\n<p>Das Gartenvogelfutter bietet mit seiner vielf\u00e4ltigen Zusammensetzung den besonders beliebten V\u00f6geln wie: Nachtigall, Rotkelchen, Zaunk\u00f6nig, Hausrotschwanz und verschiedenen Meisenarten das auf ihre Bed\u00fcrfnisse abgestimmte Futter, um im Garten heimischzu werden und zu bleiben. Es gleicht mangelhafte Nahrungsversorgung durch ung\u00fcnstige Witterung, den Einsatz von Insekti- und Herbiziden und die zunehmende Zersiedelung aus.<\/p>\n<p>Der gro\u00dfe Vorteil ist, dass das Futter vollst\u00e4ndig schalenlos aufgefressen wird.<br \/>\nEs bleibt kein Rest um die Futterstelle liegen.<\/p>\n<p>&nbsp;<\/p>\n<h2>Inhaltsstoffe<\/h2>\n<p>&nbsp;<\/p>\n<p>Zusammensetzung:<br \/>\nPflanzliche und tierische Fette, Getreideflocken, Extrudate, gestreifte Sonnenblumenkerne, Trockeninsekten, Saatenmischung, N\u00fcsse und Trockenfr\u00fcchte<\/p>\n<p>Inhaltsstoffe:<br \/>\n9,4% Wasser<br \/>\n4,2% Rohasche<br \/>\n14,9% Eiwei\u00df<br \/>\n20,4% Rohfett<br \/>\n3,7% Rohfase<\/p>\n<p>&nbsp;<\/p>\n<h2>F\u00fctterungsempfehlung<\/h2>\n<p>&nbsp;<\/p>\n<p>Ganzj\u00e4hrige F\u00fctterung bei Bedarf<\/p>\n","protected":false},"excerpt":{"rendered":"<p>Spitzenprodukt mit vielen gesunden Rohstoffen, die unsere heimischen V\u00f6gel sehr gerne fressen<\/p>\n","protected":false},"featured_media":1423,"template":"","meta":[],"product_brand":[],"product_cat":[71,72],"product_tag":[],"class_list":{"0":"post-1422","1":"product","2":"type-product","3":"status-publish","4":"has-post-thumbnail","6":"product_cat-classic-bird","7":"product_cat-classic-bird-futter","9":"first","10":"instock","11":"shipping-taxable","12":"product-type-simple"},"_links":{"self":[{"href":"https:\/\/classic-heimtiernahrung.de\/de\/wp-json\/wp\/v2\/product\/1422","targetHints":{"allow":["GET"]}}],"collection":[{"href":"https:\/\/classic-heimtiernahrung.de\/de\/wp-json\/wp\/v2\/product"}],"about":[{"href":"https:\/\/classic-heimtiernahrung.de\/de\/wp-json\/wp\/v2\/types\/product"}],"version-history":[{"count":2,"href":"https:\/\/classic-heimtiernahrung.de\/de\/wp-json\/wp\/v2\/product\/1422\/revisions"}],"predecessor-version":[{"id":1425,"href":"https:\/\/classic-heimtiernahrung.de\/de\/wp-json\/wp\/v2\/product\/1422\/revisions\/1425"}],"wp:featuredmedia":[{"embeddable":true,"href":"https:\/\/classic-heimtiernahrung.de\/de\/wp-json\/wp\/v2\/media\/1423"}],"wp:attachment":[{"href":"https:\/\/classic-heimtiernahrung.de\/de\/wp-json\/wp\/v2\/media?parent=1422"}],"wp:term":[{"taxonomy":"product_brand","embeddable":true,"href":"https:\/\/classic-heimtiernahrung.de\/de\/wp-json\/wp\/v2\/product_brand?post=1422"},{"taxonomy":"product_cat","embeddable":true,"href":"https:\/\/classic-heimtiernahrung.de\/de\/wp-json\/wp\/v2\/product_cat?post=1422"},{"taxonomy":"product_tag","embeddable":true,"href":"https:\/\/classic-heimtiernahrung.de\/de\/wp-json\/wp\/v2\/product_tag?post=1422"}],"curies":[{"name":"wp","href":"https:\/\/api.w.org\/{rel}","templated":true}]}}