{"id":1418,"date":"2022-02-16T10:40:06","date_gmt":"2022-02-16T09:40:06","guid":{"rendered":"https:\/\/relaunch.classic-heimtiernahrung.de\/product\/classic-bird-garten-nussknoedel-6er-auf-tablett\/"},"modified":"2022-02-16T11:05:00","modified_gmt":"2022-02-16T10:05:00","slug":"classic-bird-garten-nussknoedel-6er-auf-tablett","status":"publish","type":"product","link":"https:\/\/classic-heimtiernahrung.de\/de\/product\/classic-bird-garten-nussknoedel-6er-auf-tablett\/","title":{"rendered":"Classic Bird Garten Nusskn\u00f6del 6er auf Tablett"},"content":{"rendered":"<p>Freilebende V\u00f6gel ben\u00f6tigen eine artgerechte F\u00fctterung \u00fcber das ganze Jahr, die sich dem nat\u00fcrlichen Nahrungsangebot anpasst und Versorgungsl\u00fccken bei der F\u00fctterung schlie\u00dft<\/p>\n<p>Der Mensch hat immer wieder in den nat\u00fcrlichen Nahrungsmittelkreislauf unserer Tierwelt eingegriffen und die Nahrungskette somit teilweise unterbrochen.<br \/>\nHier soll die F\u00fctterung von Classic Bird Gartenkn\u00f6deln ansetzen.<\/p>\n<p>F\u00fctterung das ganze Jahr mit einen Produkt der Spitzenqualit\u00e4t.<\/p>\n<p>&nbsp;<\/p>\n<h2>Inhaltsstoffe<\/h2>\n<p>&nbsp;<\/p>\n<p>Zusammensetzung:<br \/>\nErdnusskerne gebrochen, Getreideschrot, Speisefett<\/p>\n<p>Rohprotein: 19,9%<\/p>\n<p>Rohfett: 39,8%<\/p>\n<p>Rohfaser: 3,0%<\/p>\n<p>Rohasche: 2,9%<\/p>\n<p>&nbsp;<\/p>\n<h2>F\u00fctterungsempfehlung<\/h2>\n<p>&nbsp;<\/p>\n<p>ganzj\u00e4hrige F\u00fctterung nach Bedarf<\/p>\n","protected":false},"excerpt":{"rendered":"<p>Das Ganzjahresfutter der Spitzenqualit\u00e4t mit extra N\u00fcssen<\/p>\n","protected":false},"featured_media":1419,"template":"","meta":[],"product_brand":[],"product_cat":[71,72],"product_tag":[],"class_list":{"0":"post-1418","1":"product","2":"type-product","3":"status-publish","4":"has-post-thumbnail","6":"product_cat-classic-bird","7":"product_cat-classic-bird-futter","9":"first","10":"instock","11":"shipping-taxable","12":"product-type-simple"},"_links":{"self":[{"href":"https:\/\/classic-heimtiernahrung.de\/de\/wp-json\/wp\/v2\/product\/1418","targetHints":{"allow":["GET"]}}],"collection":[{"href":"https:\/\/classic-heimtiernahrung.de\/de\/wp-json\/wp\/v2\/product"}],"about":[{"href":"https:\/\/classic-heimtiernahrung.de\/de\/wp-json\/wp\/v2\/types\/product"}],"version-history":[{"count":1,"href":"https:\/\/classic-heimtiernahrung.de\/de\/wp-json\/wp\/v2\/product\/1418\/revisions"}],"predecessor-version":[{"id":1429,"href":"https:\/\/classic-heimtiernahrung.de\/de\/wp-json\/wp\/v2\/product\/1418\/revisions\/1429"}],"wp:featuredmedia":[{"embeddable":true,"href":"https:\/\/classic-heimtiernahrung.de\/de\/wp-json\/wp\/v2\/media\/1419"}],"wp:attachment":[{"href":"https:\/\/classic-heimtiernahrung.de\/de\/wp-json\/wp\/v2\/media?parent=1418"}],"wp:term":[{"taxonomy":"product_brand","embeddable":true,"href":"https:\/\/classic-heimtiernahrung.de\/de\/wp-json\/wp\/v2\/product_brand?post=1418"},{"taxonomy":"product_cat","embeddable":true,"href":"https:\/\/classic-heimtiernahrung.de\/de\/wp-json\/wp\/v2\/product_cat?post=1418"},{"taxonomy":"product_tag","embeddable":true,"href":"https:\/\/classic-heimtiernahrung.de\/de\/wp-json\/wp\/v2\/product_tag?post=1418"}],"curies":[{"name":"wp","href":"https:\/\/api.w.org\/{rel}","templated":true}]}}