{"id":1414,"date":"2022-02-16T10:39:13","date_gmt":"2022-02-16T09:39:13","guid":{"rendered":"https:\/\/relaunch.classic-heimtiernahrung.de\/product\/classic-dog-snack-kaustange-5-stern-braun-oder-gruen-24cm\/"},"modified":"2022-02-16T11:07:59","modified_gmt":"2022-02-16T10:07:59","slug":"classic-dog-snack-kaustange-5-stern-braun-oder-gruen-24cm","status":"publish","type":"product","link":"https:\/\/classic-heimtiernahrung.de\/de\/product\/classic-dog-snack-kaustange-5-stern-braun-oder-gruen-24cm\/","title":{"rendered":"Classic Dog Snack Kaustange 5 Stern braun oder gr\u00fcn 24cm"},"content":{"rendered":"<p>Die neuen Classic Dog Zahnpflege-Snacks ideal geeignet beim Training, f\u00fcr die Hundeausbildung und als Belohnungssnack zwischendurch.<\/p>\n<p>Classic Dog Zahnpflege-Snacks sind ideal f\u00fcr alle Hunde immer wieder schmackhaft und voller Vitamine und Mineralien.<\/p>\n<p>Kaumuskulatur und Gebiss werden gest\u00e4rkt, gleichzeitig werden Z\u00e4hne und Zahnfleisch gereinigt und Zahnbelag nachhaltig vermieden.<\/p>\n<p>&nbsp;<\/p>\n<h2>Inhaltsstoffe<\/h2>\n<p>&nbsp;<\/p>\n<p>Zusammensetzung: Weizenst\u00e4rke, Bindemittel, Pflanzenfaser, Lezithin, nat\u00fcrliche Farbstoffe und nat\u00fcrliche Geschmacksmittel. Gr\u00fcne F\u00e4rbung durch Zusatz von Chlorophyll.<\/p>\n<p>Analytische Bestandteile:<br \/>\nProtein 1,6%, Fettgehalt 2,9%, Rohasche 0,7%, Rohfaser 11,1%, Feuchtigkeit 7,1%.<\/p>\n<p>&nbsp;<\/p>\n<h2>F\u00fctterungsempfehlung<\/h2>\n<p>&nbsp;<\/p>\n<p>T\u00e4glich 1 &#8211; 2 Classic Dog Kaustange zur Belohnung und f\u00fcrs Wohlbefinden f\u00fcttern. Bitte stets gen\u00fcgend frisches Wasser bereitstellen.<\/p>\n","protected":false},"excerpt":{"rendered":"<p>Erg\u00e4nzungsfuttermittel f\u00fcr Hunde, der ideale Zahnpflege-Snack<\/p>\n","protected":false},"featured_media":1415,"template":"","meta":[],"product_brand":[],"product_cat":[55,62],"product_tag":[],"class_list":{"0":"post-1414","1":"product","2":"type-product","3":"status-publish","4":"has-post-thumbnail","6":"product_cat-classic-dog","7":"product_cat-classic-dog-snacks","9":"first","10":"instock","11":"shipping-taxable","12":"product-type-simple"},"_links":{"self":[{"href":"https:\/\/classic-heimtiernahrung.de\/de\/wp-json\/wp\/v2\/product\/1414","targetHints":{"allow":["GET"]}}],"collection":[{"href":"https:\/\/classic-heimtiernahrung.de\/de\/wp-json\/wp\/v2\/product"}],"about":[{"href":"https:\/\/classic-heimtiernahrung.de\/de\/wp-json\/wp\/v2\/types\/product"}],"version-history":[{"count":1,"href":"https:\/\/classic-heimtiernahrung.de\/de\/wp-json\/wp\/v2\/product\/1414\/revisions"}],"predecessor-version":[{"id":1432,"href":"https:\/\/classic-heimtiernahrung.de\/de\/wp-json\/wp\/v2\/product\/1414\/revisions\/1432"}],"wp:featuredmedia":[{"embeddable":true,"href":"https:\/\/classic-heimtiernahrung.de\/de\/wp-json\/wp\/v2\/media\/1415"}],"wp:attachment":[{"href":"https:\/\/classic-heimtiernahrung.de\/de\/wp-json\/wp\/v2\/media?parent=1414"}],"wp:term":[{"taxonomy":"product_brand","embeddable":true,"href":"https:\/\/classic-heimtiernahrung.de\/de\/wp-json\/wp\/v2\/product_brand?post=1414"},{"taxonomy":"product_cat","embeddable":true,"href":"https:\/\/classic-heimtiernahrung.de\/de\/wp-json\/wp\/v2\/product_cat?post=1414"},{"taxonomy":"product_tag","embeddable":true,"href":"https:\/\/classic-heimtiernahrung.de\/de\/wp-json\/wp\/v2\/product_tag?post=1414"}],"curies":[{"name":"wp","href":"https:\/\/api.w.org\/{rel}","templated":true}]}}