{"id":1378,"date":"2022-02-16T10:30:49","date_gmt":"2022-02-16T09:30:49","guid":{"rendered":"https:\/\/relaunch.classic-heimtiernahrung.de\/product\/classic-dog-dose-fleischtopf-junior-mit-4-sorten-fleisch-800g\/"},"modified":"2022-06-20T12:20:53","modified_gmt":"2022-06-20T10:20:53","slug":"classic-dog-dose-fleischtopf-junior-mit-4-sorten-fleisch-800g","status":"publish","type":"product","link":"https:\/\/classic-heimtiernahrung.de\/de\/product\/classic-dog-dose-fleischtopf-junior-mit-4-sorten-fleisch-800g\/","title":{"rendered":"Classic Dog Dose Fleischtopf Junior mit 4 Sorten Fleisch 800g"},"content":{"rendered":"<p>Dieses Alleinfuttermittel f\u00fcr heranwachsende Hunde ist ein reiner Fleischtopf ohne Kohlenhydrate. Das Nassfutter enth\u00e4lt wertvolles Lachs\u00f6l und verzichtet auf den Zusatz von Getreide.<\/p>\n<p>&nbsp;<\/p>\n<h2>Inhaltsstoffe<\/h2>\n<h2>Zusammensetzung:<\/h2>\n<p>70 % Fleisch und tierische Nebenerzeugnisse, 15 % von der Ente, aus 4 % Fleisch, H\u00e4lsen, Herzen, Leber; 15 % vom Huhn, aus 4 % Fleisch, H\u00e4lsen, Herzen, Leber; 15 % vom Lamm, aus Lunge, 4 % Fleisch, Herzen, Leber; 15 % von der Pute, aus 4 % Fleisch, H\u00e4lsen, Herzen, Leber, 28,3 % Entenbr\u00fche, 1 % Mineralstoffe, 0,5 % Lachs\u00f6l (nat\u00fcrliche Quelle der Omega-3 Fetts\u00e4uren: EPA und DHA), 0,2 % R\u00fcbentrockenschnitzel.<br \/>\nKann Spuren anderer Zutaten enthalten.<\/p>\n<h2>Analytische Bestandteile:<\/h2>\n<p>Protein: 11,0 %, Fettgehalt: 8,0 %, Rohasche: 2,5 %, Rohfaser: 0,6 %, Feuchtigkeit: 77,0 %, Calcium: 0,33 %, Phosphor: 0,27 %.<\/p>\n<h2>Zusatzstoffe \/ Ern\u00e4hrungsphysiologische Zusatzstoffe je kg:<\/h2>\n<p>Vitamin A: 2.000 I.E., Vitamin D3: 200 I.E., Vitamin E: 25 mg, Zink als Zinkoxid: 20 mg, Jod als Calciumjodat (wasserfrei): 0,75 mg.<\/p>\n<p><strong>Technologische Zusatzstoffe: <\/strong>Cassia Gum: 2500 mg Energiegehalt: 114,6 kcal \/ 100 g.<\/p>\n<p>&nbsp;<\/p>\n<h2>F\u00fctterungsempfehlung<\/h2>\n<p>&nbsp;<\/p>\n<table style=\"width: 500px;\" border=\"1\" cellspacing=\"1\" cellpadding=\"1\">\n<tbody>\n<tr>\n<td>Alter des Welpen<\/td>\n<td>Gewicht des ausgewachsenen Hundes der Rasse des Welpen<\/td>\n<td>Gramm pro Tag<\/td>\n<td><\/td>\n<td><\/td>\n<td><\/td>\n<td><\/td>\n<\/tr>\n<tr>\n<td><\/td>\n<td>10kg<\/td>\n<td>20kg<\/td>\n<td>30kg<\/td>\n<td>40kg<\/td>\n<td>50kg<\/td>\n<td>60kg<\/td>\n<\/tr>\n<tr>\n<td>2.<\/td>\n<td>360<\/td>\n<td>560<\/td>\n<td>720<\/td>\n<td>850<\/td>\n<td>940<\/td>\n<td>1000<\/td>\n<\/tr>\n<tr>\n<td>3.<\/td>\n<td>520<\/td>\n<td>820<\/td>\n<td>1080<\/td>\n<td>1280<\/td>\n<td>1430<\/td>\n<td>1520<\/td>\n<\/tr>\n<tr>\n<td>4.<\/td>\n<td>600<\/td>\n<td>970<\/td>\n<td>1380<\/td>\n<td>1640<\/td>\n<td>1840<\/td>\n<td>1990<\/td>\n<\/tr>\n<tr>\n<td>6.<\/td>\n<td>690<\/td>\n<td>1110<\/td>\n<td>1450<\/td>\n<td>1740<\/td>\n<td>2010<\/td>\n<td>2250<\/td>\n<\/tr>\n<tr>\n<td>7.<\/td>\n<td>710<\/td>\n<td>1150<\/td>\n<td>1510<\/td>\n<td>1810<\/td>\n<td>2090<\/td>\n<td>2340<\/td>\n<\/tr>\n<tr>\n<td>12.<\/td>\n<td>660<\/td>\n<td>1110<\/td>\n<td>1430<\/td>\n<td>1710<\/td>\n<td>1980<\/td>\n<td>2790<\/td>\n<\/tr>\n<\/tbody>\n<\/table>\n","protected":false},"excerpt":{"rendered":"<p>Alleinfuttermittel f\u00fcr alle heranwachsenden Hunde<\/p>\n","protected":false},"featured_media":1379,"template":"","meta":[],"product_brand":[],"product_cat":[55,60],"product_tag":[],"class_list":{"0":"post-1378","1":"product","2":"type-product","3":"status-publish","4":"has-post-thumbnail","6":"product_cat-classic-dog","7":"product_cat-classic-dog-nassfutter","9":"first","10":"instock","11":"shipping-taxable","12":"product-type-simple"},"_links":{"self":[{"href":"https:\/\/classic-heimtiernahrung.de\/de\/wp-json\/wp\/v2\/product\/1378","targetHints":{"allow":["GET"]}}],"collection":[{"href":"https:\/\/classic-heimtiernahrung.de\/de\/wp-json\/wp\/v2\/product"}],"about":[{"href":"https:\/\/classic-heimtiernahrung.de\/de\/wp-json\/wp\/v2\/types\/product"}],"version-history":[{"count":1,"href":"https:\/\/classic-heimtiernahrung.de\/de\/wp-json\/wp\/v2\/product\/1378\/revisions"}],"predecessor-version":[{"id":1451,"href":"https:\/\/classic-heimtiernahrung.de\/de\/wp-json\/wp\/v2\/product\/1378\/revisions\/1451"}],"wp:featuredmedia":[{"embeddable":true,"href":"https:\/\/classic-heimtiernahrung.de\/de\/wp-json\/wp\/v2\/media\/1379"}],"wp:attachment":[{"href":"https:\/\/classic-heimtiernahrung.de\/de\/wp-json\/wp\/v2\/media?parent=1378"}],"wp:term":[{"taxonomy":"product_brand","embeddable":true,"href":"https:\/\/classic-heimtiernahrung.de\/de\/wp-json\/wp\/v2\/product_brand?post=1378"},{"taxonomy":"product_cat","embeddable":true,"href":"https:\/\/classic-heimtiernahrung.de\/de\/wp-json\/wp\/v2\/product_cat?post=1378"},{"taxonomy":"product_tag","embeddable":true,"href":"https:\/\/classic-heimtiernahrung.de\/de\/wp-json\/wp\/v2\/product_tag?post=1378"}],"curies":[{"name":"wp","href":"https:\/\/api.w.org\/{rel}","templated":true}]}}