{"id":1370,"date":"2022-02-16T10:29:03","date_gmt":"2022-02-16T09:29:03","guid":{"rendered":"https:\/\/relaunch.classic-heimtiernahrung.de\/product\/classic-dog-dose-adult-fleischtopf-pur-reich-an-rind-800g\/"},"modified":"2022-06-20T12:21:46","modified_gmt":"2022-06-20T10:21:46","slug":"classic-dog-dose-adult-fleischtopf-pur-reich-an-rind-800g","status":"publish","type":"product","link":"https:\/\/classic-heimtiernahrung.de\/de\/product\/classic-dog-dose-adult-fleischtopf-pur-reich-an-rind-800g\/","title":{"rendered":"Classic Dog Dose Adult Fleischtopf Pur Reich an Rind 800g"},"content":{"rendered":"<p>Dieses Alleinfuttermittel f\u00fcr alle ausgewachsenen Hunde ist ein reiner Fleischtopf ohne Kohlenhydrate. Das Nassfutter enth\u00e4lt wertvolles Lein\u00f6l und verzichtet auf den Zusatz von Getreide.<\/p>\n<p>&nbsp;<\/p>\n<h2>Inhaltsstoffe<\/h2>\n<h2>Zusammensetzung:<\/h2>\n<p>70 % Fleisch und tierische Nebenerzeugnisse (35 % vom Rind, aus 15 % Fleisch, Lunge, Leber, Herzen), 28,6 % Rinderbr\u00fche, 1 % Mineralstoffe, 0,2 % Lein\u00f6l (nat\u00fcrliche Quelle der Omega-3 Fetts\u00e4ure: ?-Linolens\u00e4ure), 0,2 % R\u00fcbentrockenschnitzel.<\/p>\n<p>Kann Spuren anderer Zutaten enthalten.<\/p>\n<h2>Analytische Bestandteile:<\/h2>\n<p>Protein: 10,0 %, Fettgehalt: 8,0 %, Rohasche: 2,5 %, Rohfaser: 0,6 %, Feuchtigkeit: 78,0 %.<\/p>\n<h2>Zusatzstoffe \/ Ern\u00e4hrungsphysiologische Zusatzstoffe je kg:<\/h2>\n<p>Vitamin A: 2.000 I.E., Vitamin D3: 200 I.E., Vitamin E: 25 mg, Zink als Zinkoxid: 20 mg, Jod als Calciumjodat (wasserfrei): 0,75 mg.<\/p>\n<p><strong>Technologische Zusatzstoffe:<\/strong> Cassia Gum: 2500 mg.<\/p>\n<p><strong>Energiegehalt:<\/strong> 110,4 kcal \/ 100 g.<\/p>\n<p>&nbsp;<\/p>\n<h2>F\u00fctterungsempfehlung<\/h2>\n<p>&nbsp;<\/p>\n<table style=\"width: 500px;\" border=\"1\" cellspacing=\"1\" cellpadding=\"1\">\n<tbody>\n<tr>\n<td>Gewicht des Hundes<\/td>\n<td>Gramm pro Tag<\/td>\n<\/tr>\n<tr>\n<td>10 kg<\/td>\n<td>400 &#8211; 500 g<\/td>\n<\/tr>\n<tr>\n<td>20 kg<\/td>\n<td>810 &#8211; 940 g<\/td>\n<\/tr>\n<tr>\n<td>30 kg<\/td>\n<td>1100 &#8211; 1280 g<\/td>\n<\/tr>\n<tr>\n<td>40 kg<\/td>\n<td>1370 &#8211; 1590 g<\/td>\n<\/tr>\n<tr>\n<td>50 kg<\/td>\n<td>1620 &#8211; 1870 g<\/td>\n<\/tr>\n<tr>\n<td>60 kg<\/td>\n<td>1860 &#8211; 2150 g<\/td>\n<\/tr>\n<\/tbody>\n<\/table>\n","protected":false},"excerpt":{"rendered":"<p>Alleinfuttermittel f\u00fcr alle ausgewachsenen Hunde<\/p>\n","protected":false},"featured_media":1371,"template":"","meta":[],"product_brand":[],"product_cat":[55,60],"product_tag":[],"class_list":{"0":"post-1370","1":"product","2":"type-product","3":"status-publish","4":"has-post-thumbnail","6":"product_cat-classic-dog","7":"product_cat-classic-dog-nassfutter","9":"first","10":"instock","11":"shipping-taxable","12":"product-type-simple"},"_links":{"self":[{"href":"https:\/\/classic-heimtiernahrung.de\/de\/wp-json\/wp\/v2\/product\/1370","targetHints":{"allow":["GET"]}}],"collection":[{"href":"https:\/\/classic-heimtiernahrung.de\/de\/wp-json\/wp\/v2\/product"}],"about":[{"href":"https:\/\/classic-heimtiernahrung.de\/de\/wp-json\/wp\/v2\/types\/product"}],"version-history":[{"count":1,"href":"https:\/\/classic-heimtiernahrung.de\/de\/wp-json\/wp\/v2\/product\/1370\/revisions"}],"predecessor-version":[{"id":1455,"href":"https:\/\/classic-heimtiernahrung.de\/de\/wp-json\/wp\/v2\/product\/1370\/revisions\/1455"}],"wp:featuredmedia":[{"embeddable":true,"href":"https:\/\/classic-heimtiernahrung.de\/de\/wp-json\/wp\/v2\/media\/1371"}],"wp:attachment":[{"href":"https:\/\/classic-heimtiernahrung.de\/de\/wp-json\/wp\/v2\/media?parent=1370"}],"wp:term":[{"taxonomy":"product_brand","embeddable":true,"href":"https:\/\/classic-heimtiernahrung.de\/de\/wp-json\/wp\/v2\/product_brand?post=1370"},{"taxonomy":"product_cat","embeddable":true,"href":"https:\/\/classic-heimtiernahrung.de\/de\/wp-json\/wp\/v2\/product_cat?post=1370"},{"taxonomy":"product_tag","embeddable":true,"href":"https:\/\/classic-heimtiernahrung.de\/de\/wp-json\/wp\/v2\/product_tag?post=1370"}],"curies":[{"name":"wp","href":"https:\/\/api.w.org\/{rel}","templated":true}]}}