{"id":1360,"date":"2022-02-16T10:26:54","date_gmt":"2022-02-16T09:26:54","guid":{"rendered":"https:\/\/relaunch.classic-heimtiernahrung.de\/product\/classic-cat-katzenstreu-basic-bentonit-18-liter\/"},"modified":"2025-01-06T10:16:32","modified_gmt":"2025-01-06T09:16:32","slug":"classic-cat-katzenstreu-basic-bentonit-18-liter","status":"publish","type":"product","link":"https:\/\/classic-heimtiernahrung.de\/de\/product\/classic-cat-katzenstreu-basic-bentonit-18-liter\/","title":{"rendered":"Classic Cat Katzenstreu Basic Bentonit 18 Liter"},"content":{"rendered":"<p>Preis und Leistung von Classic Cat Basic wird Sie und Ihre Katze \u00fcberzeugen.<\/p>\n<p>Dank ihrer Saugkraft und Klumpenbildung bindet Classic Cat Basic auf nat\u00fcrliche Weise Fl\u00fcssigkeit sofort und verhindert zuverl\u00e4ssig<br \/>schlechte Ger\u00fcche bevor sie entstehen.<\/p>\n<p>Produktvorteile:<\/p>\n<p>* Klumpenbildendes Katzenstreu<br \/>* Sparsam im Verbrauch<br \/>* Staubarm<br \/>* Leichte Entsorgung<\/p>\n<p>\u00a0<\/p>\n<p>Schwangere\/Stillende\/Kleinkinder\/Personen mit geschw\u00e4chtem Immunsystem sollten den Kontakt mit verschmutzter Streu vermeiden. Eventuelle St\u00e4ube nicht einatmen. Verpackung f\u00fcr Kinder und Tiere unzug\u00e4nglich aufbewahren &#8212; Erstickungsgefahr!<\/p>\n<p><\/p>\n<h2>Inhaltsstoffe<\/h2>\n<p><\/p>\n<p>Bentonit<\/p>\n<p><\/p>\n<h2>F\u00fctterungsempfehlung<\/h2>\n<p><\/p>\n","protected":false},"excerpt":{"rendered":"<p>klumpende Katzenstreu aus Bentonit<\/p>\n","protected":false},"featured_media":2632,"template":"","meta":[],"product_brand":[],"product_cat":[64,67],"product_tag":[],"class_list":{"0":"post-1360","1":"product","2":"type-product","3":"status-publish","4":"has-post-thumbnail","6":"product_cat-classic-cat","7":"product_cat-classic-cat-katzenstreu","9":"first","10":"instock","11":"shipping-taxable","12":"product-type-simple"},"_links":{"self":[{"href":"https:\/\/classic-heimtiernahrung.de\/de\/wp-json\/wp\/v2\/product\/1360","targetHints":{"allow":["GET"]}}],"collection":[{"href":"https:\/\/classic-heimtiernahrung.de\/de\/wp-json\/wp\/v2\/product"}],"about":[{"href":"https:\/\/classic-heimtiernahrung.de\/de\/wp-json\/wp\/v2\/types\/product"}],"version-history":[{"count":3,"href":"https:\/\/classic-heimtiernahrung.de\/de\/wp-json\/wp\/v2\/product\/1360\/revisions"}],"predecessor-version":[{"id":2633,"href":"https:\/\/classic-heimtiernahrung.de\/de\/wp-json\/wp\/v2\/product\/1360\/revisions\/2633"}],"wp:featuredmedia":[{"embeddable":true,"href":"https:\/\/classic-heimtiernahrung.de\/de\/wp-json\/wp\/v2\/media\/2632"}],"wp:attachment":[{"href":"https:\/\/classic-heimtiernahrung.de\/de\/wp-json\/wp\/v2\/media?parent=1360"}],"wp:term":[{"taxonomy":"product_brand","embeddable":true,"href":"https:\/\/classic-heimtiernahrung.de\/de\/wp-json\/wp\/v2\/product_brand?post=1360"},{"taxonomy":"product_cat","embeddable":true,"href":"https:\/\/classic-heimtiernahrung.de\/de\/wp-json\/wp\/v2\/product_cat?post=1360"},{"taxonomy":"product_tag","embeddable":true,"href":"https:\/\/classic-heimtiernahrung.de\/de\/wp-json\/wp\/v2\/product_tag?post=1360"}],"curies":[{"name":"wp","href":"https:\/\/api.w.org\/{rel}","templated":true}]}}