{"id":1352,"date":"2022-02-16T10:25:09","date_gmt":"2022-02-16T09:25:09","guid":{"rendered":"https:\/\/relaunch.classic-heimtiernahrung.de\/product\/classic-cat-trockenahrung-knuspermix-1kg\/"},"modified":"2022-02-21T09:52:30","modified_gmt":"2022-02-21T08:52:30","slug":"classic-cat-trockenahrung-knuspermix-1kg","status":"publish","type":"product","link":"https:\/\/classic-heimtiernahrung.de\/de\/product\/classic-cat-trockenahrung-knuspermix-1kg\/","title":{"rendered":"Classic Cat Trockenahrung Knuspermix 1kg"},"content":{"rendered":"<p>Knuspermix ist das neue Alleinfuttermittel f\u00fcr Katzen aus dem Hause Classic Cat.<\/p>\n<p>Das neue leckere Trockenfutter mit Frischfleisch ist genau auf die Bed\u00fcrfnisse einer gesunden und aktiven Katze ausgerichtet und schont dabei den Geldbeutel.<\/p>\n<p>Classic Cat &#8211; preiswert und gut &#8211; Made in Germany!<\/p>\n<p>&nbsp;<\/p>\n<h2>Inhaltsstoffe<\/h2>\n<p>&nbsp;<\/p>\n<p>Zusammensetzung: Getreide, Fleisch und tierische Nebenerzeugnisse (u.a. 24 % Gefl\u00fcgel, davon 6 % frisches Gefl\u00fcgel), pflanzliche Nebenerzeugnisse, \u00d6le und Fette,<br \/>\nMineralstoffe, Gem\u00fcse, Fisch und Fischnebenerzeugnisse, Eier und Eierzeugnisse, Hefen<\/p>\n<p>Analytische Bestandteile: Protein: 31,0 %, Fettgehalt: 14,0 %, Rohfaser: 2,5 %, Rohasche: 7,5 %<\/p>\n<p>Zusatzstoffe: Ern\u00e4hrungspysiologische Zusatzstoffe\/kg: Vitamin A: 15.000 IE, Vitamin D3: 1.500 IE, Vitamin E: 150 mg, Zink (als Zinkoxid): 55 mg, Jod (als Kalziumjodat, wasserfrei): 2 mg, Selen (als Natriumselenit): 0,2 mg, Kupfer (als Kupfer(II)- sulfat-Pentahydrat): 10 mg, Zink (als Aminos\u00e4uren-Zinkchelat-Hydrat): 10 mg, Taurin: 1.000 mg<\/p>\n<p>Technologische Zusatzstoffe: Antioxidationsmittel<\/p>\n<p>Sensorische Zusatzstoffe: Farbstoffe<\/p>\n<p>&nbsp;<\/p>\n<h2>F\u00fctterungsempfehlung<\/h2>\n<p>&nbsp;<\/p>\n<table style=\"width: 500px;\" border=\"1\" cellspacing=\"1\" cellpadding=\"1\">\n<caption>Angaben pro Tag<\/caption>\n<thead>\n<tr>\n<th scope=\"col\">Gewicht der Katze<\/th>\n<th scope=\"col\">Gramm pro Tag<\/th>\n<\/tr>\n<\/thead>\n<tbody>\n<tr>\n<td>2 kg<\/td>\n<td>40 g<\/td>\n<\/tr>\n<tr>\n<td>3 kg<\/td>\n<td>55 g<\/td>\n<\/tr>\n<tr>\n<td>4 kg<\/td>\n<td>65 g<\/td>\n<\/tr>\n<tr>\n<td>5 kg<\/td>\n<td>80 g<\/td>\n<\/tr>\n<tr>\n<td>6 kg<\/td>\n<td>90 g<\/td>\n<\/tr>\n<tr>\n<td>7 kg<\/td>\n<td>95 g<\/td>\n<\/tr>\n<tr>\n<td>8 kg<\/td>\n<td>105 g<\/td>\n<\/tr>\n<\/tbody>\n<\/table>\n<p>&nbsp;<\/p>\n","protected":false},"excerpt":{"rendered":"<p>Nat\u00fcrliches und ausgewogenes Alleinfuttermittel f\u00fcr ausgewachsene Katzen<\/p>\n","protected":false},"featured_media":1353,"template":"","meta":[],"product_brand":[],"product_cat":[64,65],"product_tag":[],"class_list":{"0":"post-1352","1":"product","2":"type-product","3":"status-publish","4":"has-post-thumbnail","6":"product_cat-classic-cat","7":"product_cat-classic-cat-trockenfutter","9":"first","10":"instock","11":"shipping-taxable","12":"product-type-simple"},"_links":{"self":[{"href":"https:\/\/classic-heimtiernahrung.de\/de\/wp-json\/wp\/v2\/product\/1352","targetHints":{"allow":["GET"]}}],"collection":[{"href":"https:\/\/classic-heimtiernahrung.de\/de\/wp-json\/wp\/v2\/product"}],"about":[{"href":"https:\/\/classic-heimtiernahrung.de\/de\/wp-json\/wp\/v2\/types\/product"}],"version-history":[{"count":1,"href":"https:\/\/classic-heimtiernahrung.de\/de\/wp-json\/wp\/v2\/product\/1352\/revisions"}],"predecessor-version":[{"id":1466,"href":"https:\/\/classic-heimtiernahrung.de\/de\/wp-json\/wp\/v2\/product\/1352\/revisions\/1466"}],"wp:featuredmedia":[{"embeddable":true,"href":"https:\/\/classic-heimtiernahrung.de\/de\/wp-json\/wp\/v2\/media\/1353"}],"wp:attachment":[{"href":"https:\/\/classic-heimtiernahrung.de\/de\/wp-json\/wp\/v2\/media?parent=1352"}],"wp:term":[{"taxonomy":"product_brand","embeddable":true,"href":"https:\/\/classic-heimtiernahrung.de\/de\/wp-json\/wp\/v2\/product_brand?post=1352"},{"taxonomy":"product_cat","embeddable":true,"href":"https:\/\/classic-heimtiernahrung.de\/de\/wp-json\/wp\/v2\/product_cat?post=1352"},{"taxonomy":"product_tag","embeddable":true,"href":"https:\/\/classic-heimtiernahrung.de\/de\/wp-json\/wp\/v2\/product_tag?post=1352"}],"curies":[{"name":"wp","href":"https:\/\/api.w.org\/{rel}","templated":true}]}}