{"id":1348,"date":"2022-02-16T10:24:17","date_gmt":"2022-02-16T09:24:17","guid":{"rendered":"https:\/\/relaunch.classic-heimtiernahrung.de\/product\/classic-cat-trockenahrung-mixies-mit-gefluegel-und-rind-1kg\/"},"modified":"2022-02-21T09:56:10","modified_gmt":"2022-02-21T08:56:10","slug":"classic-cat-trockenahrung-mixies-mit-gefluegel-und-rind-1kg","status":"publish","type":"product","link":"https:\/\/classic-heimtiernahrung.de\/de\/product\/classic-cat-trockenahrung-mixies-mit-gefluegel-und-rind-1kg\/","title":{"rendered":"Classic Cat Trockenahrung Mixies mit Gefl\u00fcgel und Rind 1kg"},"content":{"rendered":"<p>Mixies mit Gefl\u00fcgel und Rind ist das neue Alleinfuttermittel f\u00fcr Katzen aus dem Hause Classic Cat.<\/p>\n<p>Das neue leckere Trockenfutter ohne Schnick Schnack ist genau auf die Bed\u00fcrfnisse einer gesunden und aktiven Katze ausgerichtet und schont dabei den Geldbeutel.<\/p>\n<p>Classic Cat &#8211; preiswert und gut &#8211; Made in Germany!<\/p>\n<p>&nbsp;<\/p>\n<h2>Inhaltsstoffe<\/h2>\n<p>&nbsp;<\/p>\n<p>Zusammensetzung: Getreide, Fleisch und tierische Nebenerzeugnisse (u.a. 14 % Gefl\u00fcgel, 6 % Rind), pflanzliche Nebenerzeugnisse, \u00d6le und Fette, Fisch und<br \/>\nFischnebenerzeugnisse, Mineralstoffe, Eier und Eiererzeugnisse, Hefen, Gem\u00fcse<\/p>\n<p>Analytische Bestandteile: Protein: 30,0 %, Fettgehalt: 10,0 %, Rohfaser: 2,5 %, Rohasche: 6,8 %<\/p>\n<p>Zusatzstoffe: Ern\u00e4hrungspysiologische Zusatzstoffe\/kg: Vitamin A: 15.000 IE, Vitamin D3: 1.500 IE, Vitamin E: 150 mg, Zink (als Zinkoxid): 65 mg, Jod (als Kalziumjodat, wasserfrei): 2 mg, Selen (als Natriumselenit): 0,2 mg, Kupfer (als Kupfer(II)- sulfat-Pentahydrat): 10 mg, Taurin: 1.000 mg<\/p>\n<p>Technologische Zusatzstoffe: Antioxidationsmittel<\/p>\n<p>Sensorische Zusatzstoffe: Farbstoffe<\/p>\n<p>&nbsp;<\/p>\n<h2>F\u00fctterungsempfehlung<\/h2>\n<p>&nbsp;<\/p>\n<table style=\"width: 500px;\" border=\"1\" cellspacing=\"1\" cellpadding=\"1\">\n<caption>Angaben pro Tag<\/caption>\n<thead>\n<tr>\n<th scope=\"col\">Gewicht der Katze<\/th>\n<th scope=\"col\">Gramm pro Tag<\/th>\n<\/tr>\n<\/thead>\n<tbody>\n<tr>\n<td>2 kg<\/td>\n<td>45 g<\/td>\n<\/tr>\n<tr>\n<td>3 kg<\/td>\n<td>60 g<\/td>\n<\/tr>\n<tr>\n<td>4 kg<\/td>\n<td>70 g<\/td>\n<\/tr>\n<tr>\n<td>5 kg<\/td>\n<td>80 g<\/td>\n<\/tr>\n<tr>\n<td>6 kg<\/td>\n<td>90 g<\/td>\n<\/tr>\n<tr>\n<td>7 kg<\/td>\n<td>100 g<\/td>\n<\/tr>\n<tr>\n<td>8 kg<\/td>\n<td>110 g<\/td>\n<\/tr>\n<\/tbody>\n<\/table>\n<p>&nbsp;<\/p>\n","protected":false},"excerpt":{"rendered":"<p>Nat\u00fcrliches und ausgewogenes Alleinfuttermittel f\u00fcr ausgewachsene Katzen<\/p>\n","protected":false},"featured_media":1349,"template":"","meta":[],"product_brand":[],"product_cat":[64,65],"product_tag":[],"class_list":{"0":"post-1348","1":"product","2":"type-product","3":"status-publish","4":"has-post-thumbnail","6":"product_cat-classic-cat","7":"product_cat-classic-cat-trockenfutter","9":"first","10":"instock","11":"shipping-taxable","12":"product-type-simple"},"_links":{"self":[{"href":"https:\/\/classic-heimtiernahrung.de\/de\/wp-json\/wp\/v2\/product\/1348","targetHints":{"allow":["GET"]}}],"collection":[{"href":"https:\/\/classic-heimtiernahrung.de\/de\/wp-json\/wp\/v2\/product"}],"about":[{"href":"https:\/\/classic-heimtiernahrung.de\/de\/wp-json\/wp\/v2\/types\/product"}],"version-history":[{"count":2,"href":"https:\/\/classic-heimtiernahrung.de\/de\/wp-json\/wp\/v2\/product\/1348\/revisions"}],"predecessor-version":[{"id":1469,"href":"https:\/\/classic-heimtiernahrung.de\/de\/wp-json\/wp\/v2\/product\/1348\/revisions\/1469"}],"wp:featuredmedia":[{"embeddable":true,"href":"https:\/\/classic-heimtiernahrung.de\/de\/wp-json\/wp\/v2\/media\/1349"}],"wp:attachment":[{"href":"https:\/\/classic-heimtiernahrung.de\/de\/wp-json\/wp\/v2\/media?parent=1348"}],"wp:term":[{"taxonomy":"product_brand","embeddable":true,"href":"https:\/\/classic-heimtiernahrung.de\/de\/wp-json\/wp\/v2\/product_brand?post=1348"},{"taxonomy":"product_cat","embeddable":true,"href":"https:\/\/classic-heimtiernahrung.de\/de\/wp-json\/wp\/v2\/product_cat?post=1348"},{"taxonomy":"product_tag","embeddable":true,"href":"https:\/\/classic-heimtiernahrung.de\/de\/wp-json\/wp\/v2\/product_tag?post=1348"}],"curies":[{"name":"wp","href":"https:\/\/api.w.org\/{rel}","templated":true}]}}