{"id":1340,"date":"2022-02-16T10:22:32","date_gmt":"2022-02-16T09:22:32","guid":{"rendered":"https:\/\/relaunch.classic-heimtiernahrung.de\/product\/classic-dog-snack-cookies-knuddelmix-500g\/"},"modified":"2022-02-21T11:15:11","modified_gmt":"2022-02-21T10:15:11","slug":"classic-dog-snack-cookies-knuddelmix-500g","status":"publish","type":"product","link":"https:\/\/classic-heimtiernahrung.de\/de\/product\/classic-dog-snack-cookies-knuddelmix-500g\/","title":{"rendered":"Classic Dog Snack Cookies Knuddelmix 500g"},"content":{"rendered":"<p>Die Classic Dog Hundekuchen sind die idealen Belohnungssnacks f\u00fcr zwischendurch.<br \/>\nSchonend hergestellt und aus hochwertigen Zutaten sind sie in Geruch und Geschmack f\u00fcr Ihren Hund unwiderstehlich.<\/p>\n<p>Die Knusprigen Snacks regen zum Kauen an und unterst\u00fctzen gleichzeitig die Gesundheit von Z\u00e4hnen und Zahnfleisch.<\/p>\n<p>Die Vielfalt an Classic Dog Hundekuchen bietet Ihrem Hund Abwechslung und Kauspa\u00df.<br \/>\nPerfekt als kleine Belohnung beim Training oder f\u00fcr unterwegs.<\/p>\n<p>&nbsp;<\/p>\n<h2>Inhaltsstoffe<\/h2>\n<p>&nbsp;<\/p>\n<h2>Zusammensetzung:<\/h2>\n<p>Getreide, pflanzliche Nebenerzeugnisse, \u00d6le und Fette<\/p>\n<h2>Inhaltsstoffe:<\/h2>\n<p>Rohprotein: 8 %, Rohfett: 7,0 %, Rohfaser 2 %, Rohasche 1 %<\/p>\n<h2>Zusatzstoffe:<\/h2>\n<p>Technologisch: Konservierungsmittel E202<\/p>\n<p>Sensorisch: Farbstoffe, Aromastoffe<\/p>\n<p>&nbsp;<\/p>\n<h2>F\u00fctterungsempfehlung<\/h2>\n<p>&nbsp;<\/p>\n<p>Als Snack oder Belohnung f\u00fcr Zwischendurch zur normalen F\u00fctterung reichen. Bitte immer frisches Trinkwasser bereitstellen. K\u00fchl und trocken lagern. Nach Anbruch z\u00fcgig aufbrauchen.<\/p>\n","protected":false},"excerpt":{"rendered":"<p>Erg\u00e4nzungsfutter f\u00fcr Hunde<\/p>\n","protected":false},"featured_media":1341,"template":"","meta":[],"product_brand":[],"product_cat":[55,61],"product_tag":[],"class_list":{"0":"post-1340","1":"product","2":"type-product","3":"status-publish","4":"has-post-thumbnail","6":"product_cat-classic-dog","7":"product_cat-classic-dog-backwaren","9":"first","10":"instock","11":"shipping-taxable","12":"product-type-simple"},"_links":{"self":[{"href":"https:\/\/classic-heimtiernahrung.de\/de\/wp-json\/wp\/v2\/product\/1340","targetHints":{"allow":["GET"]}}],"collection":[{"href":"https:\/\/classic-heimtiernahrung.de\/de\/wp-json\/wp\/v2\/product"}],"about":[{"href":"https:\/\/classic-heimtiernahrung.de\/de\/wp-json\/wp\/v2\/types\/product"}],"version-history":[{"count":1,"href":"https:\/\/classic-heimtiernahrung.de\/de\/wp-json\/wp\/v2\/product\/1340\/revisions"}],"predecessor-version":[{"id":1474,"href":"https:\/\/classic-heimtiernahrung.de\/de\/wp-json\/wp\/v2\/product\/1340\/revisions\/1474"}],"wp:featuredmedia":[{"embeddable":true,"href":"https:\/\/classic-heimtiernahrung.de\/de\/wp-json\/wp\/v2\/media\/1341"}],"wp:attachment":[{"href":"https:\/\/classic-heimtiernahrung.de\/de\/wp-json\/wp\/v2\/media?parent=1340"}],"wp:term":[{"taxonomy":"product_brand","embeddable":true,"href":"https:\/\/classic-heimtiernahrung.de\/de\/wp-json\/wp\/v2\/product_brand?post=1340"},{"taxonomy":"product_cat","embeddable":true,"href":"https:\/\/classic-heimtiernahrung.de\/de\/wp-json\/wp\/v2\/product_cat?post=1340"},{"taxonomy":"product_tag","embeddable":true,"href":"https:\/\/classic-heimtiernahrung.de\/de\/wp-json\/wp\/v2\/product_tag?post=1340"}],"curies":[{"name":"wp","href":"https:\/\/api.w.org\/{rel}","templated":true}]}}